{"id":6992,"date":"2025-11-08T13:47:38","date_gmt":"2025-11-08T13:47:38","guid":{"rendered":"https:\/\/funkoprotectors.com\/?post_type=product&#038;p=6992"},"modified":"2025-11-30T14:20:29","modified_gmt":"2025-11-30T14:20:29","slug":"funko-pop-protector-vhs-games","status":"publish","type":"product","link":"https:\/\/funkoprotectors.com\/de\/product\/funko-pop-protector-vhs-games\/","title":{"rendered":"VHS Games \u2013 0.50mm \u2013 Funko POP Schutzh\u00fclle"},"content":{"rendered":"<h4 data-start=\"359\" data-end=\"439\">\ud83d\udee1\ufe0f Funko Pop Schutzh\u00fclle \u2013 VHS Games \u2013 0.50mm<\/h4>\n<p data-start=\"441\" data-end=\"698\">Sch\u00fctze und pr\u00e4sentiere deine Funko Pop Wanted VHS Games Figuren dank unserer 0.50 mm transparenten PET-Schutzh\u00fclle, die speziell f\u00fcr maximalen Schutz entwickelt wurde.<\/p>\n<p data-start=\"441\" data-end=\"698\" class=\" translation-block\">Unsere Funko POP Schutzh\u00fcllen sind die <strong data-start=\"724\" data-end=\"757\">Nr. 1 Wahl <\/strong>, um den Wert und den Originalzustand deiner Sammlung zu bewahren!<\/p>\n<ul style=\"list-style-type: none; padding: 0; margin: 0;\">\n<li style=\"margin-bottom: 0;\" class=\" translation-block\">\u2705 <strong data-start=\"2349\" data-end=\"2367\">Schnelle Montage<\/strong> dank des selbstverriegelnden Bodens<\/li>\n<li style=\"margin-bottom: 0;\" class=\" translation-block\">\u2705 <strong data-start=\"2402\" data-end=\"2428\">Perfekte Kompatibilit\u00e4t<\/strong> mit den Funko Pop VHS Games<\/li>\n<li class=\" translation-block\">\u2705 <strong data-start=\"2282\" data-end=\"2305\">Optimaler Schutz<\/strong> gegen St\u00f6\u00dfe, Staub, Feuchtigkeit und UV-Strahlen<\/li>\n<li><\/li>\n<\/ul>\n<hr data-start=\"1625\" data-end=\"1628\" \/>\n<h4 data-start=\"2739\" data-end=\"2770\">\ud83d\udce6 Zus\u00e4tzliche Details<\/h4>\n<ul>\n<li>Produkt wird flach geliefert, einfach zu falten und zusammenzubauen<\/li>\n<li>Schutzfolie vor Gebrauch entfernen<\/li>\n<li>Die auf den Fotos gezeigten Funko Pop Figuren sind nicht enthalten<\/li>\n<\/ul>\n<hr data-start=\"1625\" data-end=\"1628\" \/>\n<h4 data-start=\"2739\" data-end=\"2770\">\ud83d\ude9a Versand und Lieferung<\/h4>\n<p>Alle Bestellungen werden innerhalb von 24\/48 Stunden versandt und innerhalb von 24 Stunden bis 7 Tagen geliefert\u00a0 \u00a0<img decoding=\"async\" class=\"alignnone wp-image-6351\" src=\"https:\/\/funkoprotectors.com\/wp-content\/uploads\/2025\/11\/tpswhite.webp\" alt=\"\" width=\"305\" height=\"57\" \/><\/p>\n<hr data-start=\"1625\" data-end=\"1628\" \/>\n<div style=\"background-color: #e6f7ff; border: 1px solid #b3e0ff; padding: 10px; border-radius: 4px;\">\n<div style=\"font-weight: bold; color: #004085; font-size: 16px; margin-bottom: 5px;\">\u2795 Kompatible Funko POPs<\/div>\n<details style=\"margin: 0;\">\n<summary style=\"list-style: none; cursor: pointer; color: #004085; font-size: 14px; text-decoration: underline;\"><span style=\"font-size: 15px;\">Vollst\u00e4ndige Liste anzeigen\u00a0<\/span><\/summary>\n<div>\n<p>\u2022 Funko POP Gizmo (Flocked) VHS Cover #16 (Walmart)<br data-start=\"180\" data-end=\"183\" \/>\u2022 Funko POP Sonic Game Cover #01 (Gamestop)<br data-start=\"226\" data-end=\"229\" \/>\u2022 Funko POP Oswald the Lucky Rabbit Art Cover #08<br data-start=\"278\" data-end=\"281\" \/>\u2022 Funko POP Crash Bandicoot Game Cover 146 (Gamestop)<br data-start=\"334\" data-end=\"337\" \/>\u2022 Funko POP Vito Corleone VHS Cover #02 (Walmart)<br data-start=\"386\" data-end=\"389\" \/>\u2022 Funko POP Jack Skellington NBC VHS Cover #11 (Amazon)<br data-start=\"444\" data-end=\"447\" \/>\u2022 Funko POP Chief Brody Jaws VHS Cover #18 (Fun Run)<br data-start=\"499\" data-end=\"502\" \/>\u2022 Funko POP Dark Wanderer Diablo Game Cover #03 (Gamestop)<br data-start=\"560\" data-end=\"563\" \/>\u2022 Funko POP Slytherin Pop Art Cover #01 (Funko Shop)<br data-start=\"615\" data-end=\"618\" \/>\u2022 Funko POP Genie with Lamp Aladdin VHS Cover #14 (Amazon)<br data-start=\"676\" data-end=\"679\" \/>\u2022 Funko POP Tagging Robot Art Cover #06<br data-start=\"718\" data-end=\"721\" \/>\u2022 Funko POP Ariel (The Little Mermaid) #12 (Amazon)<br data-start=\"772\" data-end=\"775\" \/>\u2022 Funko POP Winnie the Pooh (Flying Kite) #07 (Amazon)<br data-start=\"829\" data-end=\"832\" \/>\u2022 Funko POP The Dude Big Lebowski VHS Cover #19 (Fun Run)<br data-start=\"889\" data-end=\"892\" \/>\u2022 Funko POP Kuzco (The Emperor\u2019s New Groove) VHS Cover #06 (Amazon)<br data-start=\"959\" data-end=\"962\" \/>\u2022 Funko POP Ravenclaw Pop Art Cover #04 (Funko Shop)<br data-start=\"1014\" data-end=\"1017\" \/>\u2022 Funko POP Clark Griswold (Christmas Vacation) #13 (Walmart)<br data-start=\"1078\" data-end=\"1081\" \/>\u2022 Funko POP Geralt Witcher Game Cover #02 (Gamestop)<br data-start=\"1133\" data-end=\"1136\" \/>\u2022 Funko POP Master Chief Halo Game Cover #04 (Gamestop)<br data-start=\"1191\" data-end=\"1194\" \/>\u2022 Funko POP Hufflepuff Badger Pop Art Cover #03 (Funko Shop)<br data-start=\"1254\" data-end=\"1257\" \/>\u2022 Funko POP Hercules VHS Cover #09 (Amazon)<br data-start=\"1300\" data-end=\"1303\" \/>\u2022 Funko POP Duchess (The Aristocats) #10 (Amazon)<br data-start=\"1352\" data-end=\"1355\" \/>\u2022 Funko POP Altair Assassins Creed Game Cover #901<br data-start=\"1405\" data-end=\"1408\" \/>\u2022 Funko POP Michael Myers (Halloween) #14 (Walmart)<br data-start=\"1459\" data-end=\"1462\" \/>\u2022 Funko POP Goofy (A Goofy Movie) VHS Cover #04 (Amazon)<br data-start=\"1518\" data-end=\"1521\" \/>\u2022 Funko POP Boo Monster Inc VHS Cover #17 (Amazon)<br data-start=\"1571\" data-end=\"1574\" \/>\u2022 Funko POP Simba on Pride Rock (The Lion King) VHS Cover #03 (Amazon)<br data-start=\"1644\" data-end=\"1647\" \/>\u2022 Funko POP Flying Balloon Girl Art Cover #01<br data-start=\"1692\" data-end=\"1695\" \/>\u2022 Funko POP Rudy Killer Klowns from Outer Space VHS Cover #15 (Walmart)<br data-start=\"1766\" data-end=\"1769\" \/>\u2022 Funko POP Gryffindor Pop Art Cover #02 (Funko Shop)<br data-start=\"1822\" data-end=\"1825\" \/>\u2022 Funko POP Stitch (Lilo &amp; Stitch) VHS Cover #08 (Amazon)<br data-start=\"1882\" data-end=\"1885\" \/>\u2022 Funko POP Batman: Arkham Asylum Game Cover #10 (Gamestop)<br data-start=\"1944\" data-end=\"1947\" \/>\u2022 Funko POP Belle (Beauty and the Beast) VHS Cover #01 (Target Con)<br data-start=\"2014\" data-end=\"2017\" \/>\u2022 Funko POP Sora Kingdom Harts Game Cover #07 (Gamestop)<\/p>\n<p>\u2014 Nicht ersch\u00f6pfende Liste \u2014<\/p>\n<\/div>\n<\/details>\n<\/div>","protected":false},"excerpt":{"rendered":"<p>\ud83d\udee1\ufe0f Protecteur Funko Pop \u2013 VHS Games \u2013 0.50mm Prot\u00e8ge et mets en valeur tes figurines Funko Pop Wanted VHS Games gr\u00e2ce \u00e0 notre protecteur en PET transparent 0.50 mm, sp\u00e9cialement con\u00e7u pour offrir une protection maximale. Nos protections pour Funko POP sont le choix n\u00b01 pour pr\u00e9server la valeur et l\u2019\u00e9tat d\u2019origine de ta [&hellip;]<\/p>","protected":false},"featured_media":7014,"comment_status":"open","ping_status":"closed","template":"","meta":{"_acf_changed":false},"product_brand":[],"product_cat":[27],"product_tag":[],"class_list":{"0":"post-6992","1":"product","2":"type-product","3":"status-publish","4":"has-post-thumbnail","6":"product_cat-soft","8":"first","9":"outofstock","10":"sale","11":"shipping-taxable","12":"purchasable","13":"product-type-simple"},"acf":[],"yoast_head":"<!-- This site is optimized with the Yoast SEO Premium plugin v26.3 (Yoast SEO v26.3) - https:\/\/yoast.com\/wordpress\/plugins\/seo\/ -->\n<title>VHS Games \u2013 0.50mm \u2013 Funko POP Protector - Funko POP Protectors<\/title>\n<meta name=\"description\" content=\"Protecteur Funko POP One Piece. Sp\u00e9cialement con\u00e7u pour les formats Wanted Games VHS. Protecteur One Piece robuste et de qualit\u00e9! Disponible d\u00e8s maintenant!\" \/>\n<meta name=\"robots\" content=\"index, follow, max-snippet:-1, max-image-preview:large, max-video-preview:-1\" \/>\n<link rel=\"canonical\" href=\"https:\/\/funkoprotectors.com\/de\/product\/funko-pop-protector-vhs-games\/\" \/>\n<meta property=\"og:locale\" content=\"de_DE\" \/>\n<meta property=\"og:type\" content=\"article\" \/>\n<meta property=\"og:title\" content=\"VHS Games \u2013 0.50mm \u2013 Funko POP Protector\" \/>\n<meta property=\"og:description\" content=\"Prot\u00e9gez votre collection Funko POP avec nos protecteurs premium. Plus de 20 mod\u00e8les disponibles : hardstack et souples. Qualit\u00e9 garantie et livraison rapide. Achetez la meilleure protection pour vos figurines !\" \/>\n<meta property=\"og:url\" content=\"https:\/\/funkoprotectors.com\/de\/product\/funko-pop-protector-vhs-games\/\" \/>\n<meta property=\"og:site_name\" content=\"Funko POP Protectors\" \/>\n<meta property=\"article:modified_time\" content=\"2025-11-30T14:20:29+00:00\" \/>\n<meta property=\"og:image\" content=\"https:\/\/funkoprotectors.com\/wp-content\/uploads\/2025\/11\/funko-pop-protector-WANTED-ONE-PIECE.webp\" \/>\n\t<meta property=\"og:image:width\" content=\"800\" \/>\n\t<meta property=\"og:image:height\" content=\"800\" \/>\n\t<meta property=\"og:image:type\" content=\"image\/webp\" \/>\n<meta name=\"twitter:card\" content=\"summary_large_image\" \/>\n<meta name=\"twitter:label1\" content=\"Preis\" \/>\n\t<meta name=\"twitter:data1\" content=\"4.95&nbsp;&euro;\" \/>\n\t<meta name=\"twitter:label2\" content=\"Verf\u00fcgbarkeit\" \/>\n\t<meta name=\"twitter:data2\" content=\"ausverkauft\" \/>\n<script type=\"application\/ld+json\" class=\"yoast-schema-graph\">{\"@context\":\"https:\/\/schema.org\",\"@graph\":[{\"@type\":\"WebPage\",\"@id\":\"https:\/\/funkoprotectors.com\/product\/funko-pop-protector-vhs-games\/\",\"url\":\"https:\/\/funkoprotectors.com\/product\/funko-pop-protector-vhs-games\/\",\"name\":\"VHS Games \u2013 0.50mm \u2013 Funko POP Protector - Funko POP Protectors\",\"isPartOf\":{\"@id\":\"https:\/\/funkoprotectors.com\/pt\/#website\"},\"primaryImageOfPage\":{\"@id\":\"https:\/\/funkoprotectors.com\/product\/funko-pop-protector-vhs-games\/#primaryimage\"},\"image\":{\"@id\":\"https:\/\/funkoprotectors.com\/product\/funko-pop-protector-vhs-games\/#primaryimage\"},\"thumbnailUrl\":\"https:\/\/funkoprotectors.com\/wp-content\/uploads\/2025\/11\/funko-pop-protector-WANTED-ONE-PIECE.webp\",\"datePublished\":\"2025-11-08T13:47:38+00:00\",\"dateModified\":\"2025-11-30T14:20:29+00:00\",\"description\":\"Protecteur Funko POP One Piece. Sp\u00e9cialement con\u00e7u pour les formats Wanted Games VHS. Protecteur One Piece robuste et de qualit\u00e9! Disponible d\u00e8s maintenant!\",\"breadcrumb\":{\"@id\":\"https:\/\/funkoprotectors.com\/product\/funko-pop-protector-vhs-games\/#breadcrumb\"},\"inLanguage\":\"de\",\"potentialAction\":[{\"@type\":\"ReadAction\",\"target\":[\"https:\/\/funkoprotectors.com\/product\/funko-pop-protector-vhs-games\/\"]}]},{\"@type\":\"ImageObject\",\"inLanguage\":\"de\",\"@id\":\"https:\/\/funkoprotectors.com\/product\/funko-pop-protector-vhs-games\/#primaryimage\",\"url\":\"https:\/\/funkoprotectors.com\/wp-content\/uploads\/2025\/11\/funko-pop-protector-WANTED-ONE-PIECE.webp\",\"contentUrl\":\"https:\/\/funkoprotectors.com\/wp-content\/uploads\/2025\/11\/funko-pop-protector-WANTED-ONE-PIECE.webp\",\"width\":800,\"height\":800,\"caption\":\"Protecteur Funko Pop wanted one piece\"},{\"@type\":\"BreadcrumbList\",\"@id\":\"https:\/\/funkoprotectors.com\/product\/funko-pop-protector-vhs-games\/#breadcrumb\",\"itemListElement\":[{\"@type\":\"ListItem\",\"position\":1,\"name\":\"Home\",\"item\":\"https:\/\/funkoprotectors.com\/\"},{\"@type\":\"ListItem\",\"position\":2,\"name\":\"Shop\",\"item\":\"https:\/\/funkoprotectors.com\/pt\/shop\/\"},{\"@type\":\"ListItem\",\"position\":3,\"name\":\"VHS Games \u2013 0.50mm \u2013 Funko POP Protector\"}]},{\"@type\":\"WebSite\",\"@id\":\"https:\/\/funkoprotectors.com\/pt\/#website\",\"url\":\"https:\/\/funkoprotectors.com\/pt\/\",\"name\":\"Protecteurs Funko POP\",\"description\":\"Protecteurs Premium pour Funko POP!\",\"publisher\":{\"@id\":\"https:\/\/funkoprotectors.com\/pt\/#organization\"},\"alternateName\":\"Funko POP Protectors\",\"potentialAction\":[{\"@type\":\"SearchAction\",\"target\":{\"@type\":\"EntryPoint\",\"urlTemplate\":\"https:\/\/funkoprotectors.com\/pt\/?s={search_term_string}\"},\"query-input\":{\"@type\":\"PropertyValueSpecification\",\"valueRequired\":true,\"valueName\":\"search_term_string\"}}],\"inLanguage\":\"de\"},{\"@type\":\"Organization\",\"@id\":\"https:\/\/funkoprotectors.com\/pt\/#organization\",\"name\":\"Protecteurs Funko POP\",\"alternateName\":\"Funko POP Protectors\",\"url\":\"https:\/\/funkoprotectors.com\/pt\/\",\"logo\":{\"@type\":\"ImageObject\",\"inLanguage\":\"de\",\"@id\":\"https:\/\/funkoprotectors.com\/pt\/#\/schema\/logo\/image\/\",\"url\":\"https:\/\/funkoprotectors.com\/wp-content\/uploads\/2025\/11\/web-app-manifest-512x512-1.png\",\"contentUrl\":\"https:\/\/funkoprotectors.com\/wp-content\/uploads\/2025\/11\/web-app-manifest-512x512-1.png\",\"width\":512,\"height\":512,\"caption\":\"Protecteurs Funko POP\"},\"image\":{\"@id\":\"https:\/\/funkoprotectors.com\/pt\/#\/schema\/logo\/image\/\"},\"description\":\"Prot\u00e9gez votre collection Funko POP avec nos protecteurs premium. Plus de 20 mod\u00e8les disponibles : hardstack et souples. Qualit\u00e9 garantie et livraison rapide. Achetez la meilleure protection pour vos figurines !\"}]}<\/script>\n<meta property=\"product:price:amount\" content=\"4.95\" \/>\n<meta property=\"product:price:currency\" content=\"EUR\" \/>\n<meta property=\"og:availability\" content=\"out of stock\" \/>\n<meta property=\"product:availability\" content=\"out of stock\" \/>\n<meta property=\"product:condition\" content=\"new\" \/>\n<!-- \/ Yoast SEO Premium plugin. -->","yoast_head_json":{"title":"VHS Games \u2013 0.50mm \u2013 Funko POP Protector - Funko POP Protectors","description":"Protecteur Funko POP One Piece. Sp\u00e9cialement con\u00e7u pour les formats Wanted Games VHS. Protecteur One Piece robuste et de qualit\u00e9! Disponible d\u00e8s maintenant!","robots":{"index":"index","follow":"follow","max-snippet":"max-snippet:-1","max-image-preview":"max-image-preview:large","max-video-preview":"max-video-preview:-1"},"canonical":"https:\/\/funkoprotectors.com\/de\/product\/funko-pop-protector-vhs-games\/","og_locale":"de_DE","og_type":"article","og_title":"VHS Games \u2013 0.50mm \u2013 Funko POP Protector","og_description":"Prot\u00e9gez votre collection Funko POP avec nos protecteurs premium. Plus de 20 mod\u00e8les disponibles : hardstack et souples. Qualit\u00e9 garantie et livraison rapide. Achetez la meilleure protection pour vos figurines !","og_url":"https:\/\/funkoprotectors.com\/de\/product\/funko-pop-protector-vhs-games\/","og_site_name":"Funko POP Protectors","article_modified_time":"2025-11-30T14:20:29+00:00","og_image":[{"width":800,"height":800,"url":"https:\/\/funkoprotectors.com\/wp-content\/uploads\/2025\/11\/funko-pop-protector-WANTED-ONE-PIECE.webp","type":"image\/webp"}],"twitter_card":"summary_large_image","twitter_misc":{"Preis":"4.95&nbsp;&euro;","Verf\u00fcgbarkeit":"ausverkauft"},"schema":{"@context":"https:\/\/schema.org","@graph":[{"@type":"WebPage","@id":"https:\/\/funkoprotectors.com\/product\/funko-pop-protector-vhs-games\/","url":"https:\/\/funkoprotectors.com\/product\/funko-pop-protector-vhs-games\/","name":"VHS Games \u2013 0.50mm \u2013 Funko POP Protector - Funko POP Protectors","isPartOf":{"@id":"https:\/\/funkoprotectors.com\/pt\/#website"},"primaryImageOfPage":{"@id":"https:\/\/funkoprotectors.com\/product\/funko-pop-protector-vhs-games\/#primaryimage"},"image":{"@id":"https:\/\/funkoprotectors.com\/product\/funko-pop-protector-vhs-games\/#primaryimage"},"thumbnailUrl":"https:\/\/funkoprotectors.com\/wp-content\/uploads\/2025\/11\/funko-pop-protector-WANTED-ONE-PIECE.webp","datePublished":"2025-11-08T13:47:38+00:00","dateModified":"2025-11-30T14:20:29+00:00","description":"Protecteur Funko POP One Piece. Sp\u00e9cialement con\u00e7u pour les formats Wanted Games VHS. Protecteur One Piece robuste et de qualit\u00e9! Disponible d\u00e8s maintenant!","breadcrumb":{"@id":"https:\/\/funkoprotectors.com\/product\/funko-pop-protector-vhs-games\/#breadcrumb"},"inLanguage":"de","potentialAction":[{"@type":"ReadAction","target":["https:\/\/funkoprotectors.com\/product\/funko-pop-protector-vhs-games\/"]}]},{"@type":"ImageObject","inLanguage":"de","@id":"https:\/\/funkoprotectors.com\/product\/funko-pop-protector-vhs-games\/#primaryimage","url":"https:\/\/funkoprotectors.com\/wp-content\/uploads\/2025\/11\/funko-pop-protector-WANTED-ONE-PIECE.webp","contentUrl":"https:\/\/funkoprotectors.com\/wp-content\/uploads\/2025\/11\/funko-pop-protector-WANTED-ONE-PIECE.webp","width":800,"height":800,"caption":"Protecteur Funko Pop wanted one piece"},{"@type":"BreadcrumbList","@id":"https:\/\/funkoprotectors.com\/product\/funko-pop-protector-vhs-games\/#breadcrumb","itemListElement":[{"@type":"ListItem","position":1,"name":"Home","item":"https:\/\/funkoprotectors.com\/"},{"@type":"ListItem","position":2,"name":"Shop","item":"https:\/\/funkoprotectors.com\/pt\/shop\/"},{"@type":"ListItem","position":3,"name":"VHS Games \u2013 0.50mm \u2013 Funko POP Protector"}]},{"@type":"WebSite","@id":"https:\/\/funkoprotectors.com\/pt\/#website","url":"https:\/\/funkoprotectors.com\/pt\/","name":"Protecteurs Funko POP","description":"Protecteurs Premium pour Funko POP!","publisher":{"@id":"https:\/\/funkoprotectors.com\/pt\/#organization"},"alternateName":"Funko POP Protectors","potentialAction":[{"@type":"SearchAction","target":{"@type":"EntryPoint","urlTemplate":"https:\/\/funkoprotectors.com\/pt\/?s={search_term_string}"},"query-input":{"@type":"PropertyValueSpecification","valueRequired":true,"valueName":"search_term_string"}}],"inLanguage":"de"},{"@type":"Organization","@id":"https:\/\/funkoprotectors.com\/pt\/#organization","name":"Protecteurs Funko POP","alternateName":"Funko POP Protectors","url":"https:\/\/funkoprotectors.com\/pt\/","logo":{"@type":"ImageObject","inLanguage":"de","@id":"https:\/\/funkoprotectors.com\/pt\/#\/schema\/logo\/image\/","url":"https:\/\/funkoprotectors.com\/wp-content\/uploads\/2025\/11\/web-app-manifest-512x512-1.png","contentUrl":"https:\/\/funkoprotectors.com\/wp-content\/uploads\/2025\/11\/web-app-manifest-512x512-1.png","width":512,"height":512,"caption":"Protecteurs Funko POP"},"image":{"@id":"https:\/\/funkoprotectors.com\/pt\/#\/schema\/logo\/image\/"},"description":"Prot\u00e9gez votre collection Funko POP avec nos protecteurs premium. Plus de 20 mod\u00e8les disponibles : hardstack et souples. Qualit\u00e9 garantie et livraison rapide. Achetez la meilleure protection pour vos figurines !"}]},"product_price_amount":"4.95","product_price_currency":"EUR","og_availability":"out of stock","product_availability":"out of stock","product_condition":"new"},"_links":{"self":[{"href":"https:\/\/funkoprotectors.com\/de\/wp-json\/wp\/v2\/product\/6992","targetHints":{"allow":["GET"]}}],"collection":[{"href":"https:\/\/funkoprotectors.com\/de\/wp-json\/wp\/v2\/product"}],"about":[{"href":"https:\/\/funkoprotectors.com\/de\/wp-json\/wp\/v2\/types\/product"}],"replies":[{"embeddable":true,"href":"https:\/\/funkoprotectors.com\/de\/wp-json\/wp\/v2\/comments?post=6992"}],"wp:featuredmedia":[{"embeddable":true,"href":"https:\/\/funkoprotectors.com\/de\/wp-json\/wp\/v2\/media\/7014"}],"wp:attachment":[{"href":"https:\/\/funkoprotectors.com\/de\/wp-json\/wp\/v2\/media?parent=6992"}],"wp:term":[{"taxonomy":"product_brand","embeddable":true,"href":"https:\/\/funkoprotectors.com\/de\/wp-json\/wp\/v2\/product_brand?post=6992"},{"taxonomy":"product_cat","embeddable":true,"href":"https:\/\/funkoprotectors.com\/de\/wp-json\/wp\/v2\/product_cat?post=6992"},{"taxonomy":"product_tag","embeddable":true,"href":"https:\/\/funkoprotectors.com\/de\/wp-json\/wp\/v2\/product_tag?post=6992"}],"curies":[{"name":"wp","href":"https:\/\/api.w.org\/{rel}","templated":true}]}}