{"id":6491,"date":"2025-11-01T14:55:59","date_gmt":"2025-11-01T14:55:59","guid":{"rendered":"https:\/\/funkoprotectors.com\/?post_type=product&#038;p=6491"},"modified":"2026-02-13T08:46:51","modified_gmt":"2026-02-13T08:46:51","slug":"funko-pop-protector-10-larger","status":"publish","type":"product","link":"https:\/\/funkoprotectors.com\/en\/product\/funko-pop-protector-10-larger\/","title":{"rendered":"10\u2033 Larger \u2013 0.50mm \u2013 Funko POP Protector"},"content":{"rendered":"<h4 data-start=\"359\" data-end=\"439\">\ud83d\udee1\ufe0f Funko Pop Protector \u2013 10\u2033 Larger \u2013 0.50mm<\/h4>\n<p data-start=\"441\" data-end=\"698\">Protect and showcase your Funko Pop figures with our 0.50mm transparent PET protector, specially designed to offer maximum protection.<\/p>\n<p data-start=\"441\" data-end=\"698\" class=\" translation-block\">Our Funko POP protectors are the <strong data-start=\"724\" data-end=\"757\">#1 choice <\/strong>for preserving the value and original condition of your collection!<\/p>\n<ul style=\"list-style-type: none; padding: 0; margin: 0;\">\n<li style=\"margin-bottom: 0;\" class=\" translation-block\">\u2705 <strong data-start=\"2349\" data-end=\"2367\">Quick assembly<\/strong> thanks to the auto-locking bottom<\/li>\n<li style=\"margin-bottom: 0;\" class=\" translation-block\">\u2705 <strong data-start=\"2402\" data-end=\"2428\">Perfect compatibility<\/strong> with 10\" Larger Funko Pops<\/li>\n<li class=\" translation-block\">\u2705 <strong data-start=\"2282\" data-end=\"2305\">Optimal protection<\/strong> against shocks, dust, humidity, and UV rays<\/li>\n<li><\/li>\n<\/ul>\n<hr data-start=\"1625\" data-end=\"1628\" \/>\n<h4 data-start=\"2739\" data-end=\"2770\">\ud83d\udce6 Additional details<\/h4>\n<ul>\n<li>Product shipped flat, easy to fold and assemble<\/li>\n<li>Protective film to be removed before use<\/li>\n<li>The Funko Pop figures shown in the pictures are not included<\/li>\n<\/ul>\n<hr data-start=\"1625\" data-end=\"1628\" \/>\n<h4 data-start=\"2739\" data-end=\"2770\">\ud83d\ude9a Shipping and delivery<\/h4>\n<p>All orders are shipped within 24\/48 hours and delivered between 24 hours and 7 days\u00a0 \u00a0<img decoding=\"async\" class=\"alignnone wp-image-6351\" src=\"https:\/\/funkoprotectors.com\/wp-content\/uploads\/2025\/11\/tpswhite.webp\" alt=\"\" width=\"305\" height=\"57\" \/><\/p>\n<hr data-start=\"1625\" data-end=\"1628\" \/>\n<div style=\"background-color: #e6f7ff; border: 1px solid #b3e0ff; padding: 10px; border-radius: 4px;\">\n<div style=\"font-weight: bold; color: #004085; font-size: 16px; margin-bottom: 5px;\">\u2795 Compatible Funko POPs<\/div>\n<details style=\"margin: 0;\">\n<summary style=\"list-style: none; cursor: pointer; color: #004085; font-size: 14px; text-decoration: underline;\"><span style=\"font-size: 15px;\">View full list\u00a0<\/span><\/summary>\n<div>\n<p>\u2022 Funko POP Pokemon &#8211; Arceus #940 (SDCC)<br data-start=\"146\" data-end=\"149\" \/>\u2022 Funko POP Super Saiyan Rose Goku Black #1284<br data-start=\"195\" data-end=\"198\" \/>\u2022 Funko POP Venom Mech Strike #998 (Walmart)<br data-start=\"242\" data-end=\"245\" \/>\u2022 Funko POP Pokemon &#8211; Umbreon #950 (Target Con)<br data-start=\"292\" data-end=\"295\" \/>\u2022 Funko POP Pokemon &#8211; Luxray #959 (Target)<br data-start=\"337\" data-end=\"340\" \/>\u2022 Funko POP Miss Minutes GITD #1063 (SDCC)<br data-start=\"382\" data-end=\"385\" \/>\u2022 Funko POP Pokemon &#8211; Glaceon #930 (Target)<br data-start=\"429\" data-end=\"432\" \/>\u2022 Funko POP Stitch with Ukulele #1419 (Target Con)<br data-start=\"482\" data-end=\"485\" \/>\u2022 Funko POP Infinite Deku with Eri #1010<br data-start=\"525\" data-end=\"528\" \/>\u2022 Funko POP Themberchaud #1331 (Walmart)<br data-start=\"569\" data-end=\"572\" \/>\u2022 Funko POP Pokemon &#8211; Greninja #980 (Target)<br data-start=\"616\" data-end=\"619\" \/>\u2022 Funko POP Pokemon &#8211; Dialga #996 (NYCC)<\/p>\n<\/div>\n<p>\u2014 Non-exhaustive list \u2014<\/p>\n<\/details>\n<\/div>","protected":false},"excerpt":{"rendered":"<p>\ud83d\udee1\ufe0f Protecteur Funko Pop \u2013 10\u2033 Larger \u2013 0.50mm Prot\u00e8ge et mets en valeur tes figurines Funko Pop gr\u00e2ce \u00e0 notre protecteur en PET transparent 0.50 mm, sp\u00e9cialement con\u00e7u pour offrir une protection maximale. Nos protections pour Funko POP sont le choix n\u00b01 pour pr\u00e9server la valeur et l\u2019\u00e9tat d\u2019origine de ta collection! \u2705 Montage [&hellip;]<\/p>","protected":false},"featured_media":7020,"comment_status":"open","ping_status":"closed","template":"","meta":{"_acf_changed":false},"product_brand":[],"product_cat":[27],"product_tag":[],"class_list":{"0":"post-6491","1":"product","2":"type-product","3":"status-publish","4":"has-post-thumbnail","6":"product_cat-soft","8":"first","9":"outofstock","10":"sale","11":"shipping-taxable","12":"purchasable","13":"product-type-simple"},"acf":[],"yoast_head":"<!-- This site is optimized with the Yoast SEO Premium plugin v26.3 (Yoast SEO v26.3) - https:\/\/yoast.com\/wordpress\/plugins\/seo\/ -->\n<title>10\u2033 Larger \u2013 0.50mm \u2013 Funko POP Protector - Funko POP Protectors<\/title>\n<meta name=\"description\" content=\"Protecteurs Funko POP 10 Pouces. Stop aux chocs et rayures ! Nos protecteurs 10&quot; transparents garantissent une protection maximale anti-UV.\" \/>\n<meta name=\"robots\" content=\"index, follow, max-snippet:-1, max-image-preview:large, max-video-preview:-1\" \/>\n<link rel=\"canonical\" href=\"https:\/\/funkoprotectors.com\/en\/product\/funko-pop-protector-10-larger\/\" \/>\n<meta property=\"og:locale\" content=\"en_GB\" \/>\n<meta property=\"og:type\" content=\"article\" \/>\n<meta property=\"og:title\" content=\"10\u2033 Larger \u2013 0.50mm \u2013 Funko POP Protector\" \/>\n<meta property=\"og:description\" content=\"Prot\u00e9gez votre collection Funko POP avec nos protecteurs premium. Plus de 20 mod\u00e8les disponibles : hardstack et souples. Qualit\u00e9 garantie et livraison rapide. Achetez la meilleure protection pour vos figurines !\" \/>\n<meta property=\"og:url\" content=\"https:\/\/funkoprotectors.com\/en\/product\/funko-pop-protector-10-larger\/\" \/>\n<meta property=\"og:site_name\" content=\"Funko POP Protectors\" \/>\n<meta property=\"article:modified_time\" content=\"2026-02-13T08:46:51+00:00\" \/>\n<meta property=\"og:image\" content=\"https:\/\/funkoprotectors.com\/wp-content\/uploads\/2025\/11\/funko-pop-protector-10-LARGER.webp\" \/>\n\t<meta property=\"og:image:width\" content=\"800\" \/>\n\t<meta property=\"og:image:height\" content=\"800\" \/>\n\t<meta property=\"og:image:type\" content=\"image\/webp\" \/>\n<meta name=\"twitter:card\" content=\"summary_large_image\" \/>\n<meta name=\"twitter:label1\" content=\"Price\" \/>\n\t<meta name=\"twitter:data1\" content=\"5.50&nbsp;&euro;\" \/>\n\t<meta name=\"twitter:label2\" content=\"Availability\" \/>\n\t<meta name=\"twitter:data2\" content=\"Out of stock\" \/>\n<script type=\"application\/ld+json\" class=\"yoast-schema-graph\">{\"@context\":\"https:\/\/schema.org\",\"@graph\":[{\"@type\":\"WebPage\",\"@id\":\"https:\/\/funkoprotectors.com\/de\/product\/funko-pop-protector-10-larger\/\",\"url\":\"https:\/\/funkoprotectors.com\/de\/product\/funko-pop-protector-10-larger\/\",\"name\":\"10\u2033 Larger \u2013 0.50mm \u2013 Funko POP Protector - Funko POP Protectors\",\"isPartOf\":{\"@id\":\"https:\/\/funkoprotectors.com\/pt\/#website\"},\"primaryImageOfPage\":{\"@id\":\"https:\/\/funkoprotectors.com\/de\/product\/funko-pop-protector-10-larger\/#primaryimage\"},\"image\":{\"@id\":\"https:\/\/funkoprotectors.com\/de\/product\/funko-pop-protector-10-larger\/#primaryimage\"},\"thumbnailUrl\":\"https:\/\/funkoprotectors.com\/wp-content\/uploads\/2025\/11\/funko-pop-protector-10-LARGER.webp\",\"datePublished\":\"2025-11-01T14:55:59+00:00\",\"dateModified\":\"2026-02-13T08:46:51+00:00\",\"description\":\"Protecteurs Funko POP 10 Pouces. Stop aux chocs et rayures ! Nos protecteurs 10\\\" transparents garantissent une protection maximale anti-UV.\",\"breadcrumb\":{\"@id\":\"https:\/\/funkoprotectors.com\/de\/product\/funko-pop-protector-10-larger\/#breadcrumb\"},\"inLanguage\":\"en-GB\",\"potentialAction\":[{\"@type\":\"ReadAction\",\"target\":[\"https:\/\/funkoprotectors.com\/de\/product\/funko-pop-protector-10-larger\/\"]}]},{\"@type\":\"ImageObject\",\"inLanguage\":\"en-GB\",\"@id\":\"https:\/\/funkoprotectors.com\/de\/product\/funko-pop-protector-10-larger\/#primaryimage\",\"url\":\"https:\/\/funkoprotectors.com\/wp-content\/uploads\/2025\/11\/funko-pop-protector-10-LARGER.webp\",\"contentUrl\":\"https:\/\/funkoprotectors.com\/wp-content\/uploads\/2025\/11\/funko-pop-protector-10-LARGER.webp\",\"width\":800,\"height\":800,\"caption\":\"Protecteur Funko Pop 10 large\"},{\"@type\":\"BreadcrumbList\",\"@id\":\"https:\/\/funkoprotectors.com\/de\/product\/funko-pop-protector-10-larger\/#breadcrumb\",\"itemListElement\":[{\"@type\":\"ListItem\",\"position\":1,\"name\":\"Home\",\"item\":\"https:\/\/funkoprotectors.com\/\"},{\"@type\":\"ListItem\",\"position\":2,\"name\":\"Shop\",\"item\":\"https:\/\/funkoprotectors.com\/pt\/shop\/\"},{\"@type\":\"ListItem\",\"position\":3,\"name\":\"10\u2033 Larger \u2013 0.50mm \u2013 Funko POP Protector\"}]},{\"@type\":\"WebSite\",\"@id\":\"https:\/\/funkoprotectors.com\/pt\/#website\",\"url\":\"https:\/\/funkoprotectors.com\/pt\/\",\"name\":\"Protecteurs Funko POP\",\"description\":\"Protecteurs Premium pour Funko POP!\",\"publisher\":{\"@id\":\"https:\/\/funkoprotectors.com\/pt\/#organization\"},\"alternateName\":\"Funko POP Protectors\",\"potentialAction\":[{\"@type\":\"SearchAction\",\"target\":{\"@type\":\"EntryPoint\",\"urlTemplate\":\"https:\/\/funkoprotectors.com\/pt\/?s={search_term_string}\"},\"query-input\":{\"@type\":\"PropertyValueSpecification\",\"valueRequired\":true,\"valueName\":\"search_term_string\"}}],\"inLanguage\":\"en-GB\"},{\"@type\":\"Organization\",\"@id\":\"https:\/\/funkoprotectors.com\/pt\/#organization\",\"name\":\"Protecteurs Funko POP\",\"alternateName\":\"Funko POP Protectors\",\"url\":\"https:\/\/funkoprotectors.com\/pt\/\",\"logo\":{\"@type\":\"ImageObject\",\"inLanguage\":\"en-GB\",\"@id\":\"https:\/\/funkoprotectors.com\/pt\/#\/schema\/logo\/image\/\",\"url\":\"https:\/\/funkoprotectors.com\/wp-content\/uploads\/2025\/11\/web-app-manifest-512x512-1.png\",\"contentUrl\":\"https:\/\/funkoprotectors.com\/wp-content\/uploads\/2025\/11\/web-app-manifest-512x512-1.png\",\"width\":512,\"height\":512,\"caption\":\"Protecteurs Funko POP\"},\"image\":{\"@id\":\"https:\/\/funkoprotectors.com\/pt\/#\/schema\/logo\/image\/\"},\"description\":\"Prot\u00e9gez votre collection Funko POP avec nos protecteurs premium. Plus de 20 mod\u00e8les disponibles : hardstack et souples. Qualit\u00e9 garantie et livraison rapide. Achetez la meilleure protection pour vos figurines !\"}]}<\/script>\n<meta property=\"product:price:amount\" content=\"5.50\" \/>\n<meta property=\"product:price:currency\" content=\"EUR\" \/>\n<meta property=\"og:availability\" content=\"out of stock\" \/>\n<meta property=\"product:availability\" content=\"out of stock\" \/>\n<meta property=\"product:condition\" content=\"new\" \/>\n<!-- \/ Yoast SEO Premium plugin. -->","yoast_head_json":{"title":"10\u2033 Larger \u2013 0.50mm \u2013 Funko POP Protector - Funko POP Protectors","description":"Protecteurs Funko POP 10 Pouces. Stop aux chocs et rayures ! Nos protecteurs 10\" transparents garantissent une protection maximale anti-UV.","robots":{"index":"index","follow":"follow","max-snippet":"max-snippet:-1","max-image-preview":"max-image-preview:large","max-video-preview":"max-video-preview:-1"},"canonical":"https:\/\/funkoprotectors.com\/en\/product\/funko-pop-protector-10-larger\/","og_locale":"en_GB","og_type":"article","og_title":"10\u2033 Larger \u2013 0.50mm \u2013 Funko POP Protector","og_description":"Prot\u00e9gez votre collection Funko POP avec nos protecteurs premium. Plus de 20 mod\u00e8les disponibles : hardstack et souples. Qualit\u00e9 garantie et livraison rapide. Achetez la meilleure protection pour vos figurines !","og_url":"https:\/\/funkoprotectors.com\/en\/product\/funko-pop-protector-10-larger\/","og_site_name":"Funko POP Protectors","article_modified_time":"2026-02-13T08:46:51+00:00","og_image":[{"width":800,"height":800,"url":"https:\/\/funkoprotectors.com\/wp-content\/uploads\/2025\/11\/funko-pop-protector-10-LARGER.webp","type":"image\/webp"}],"twitter_card":"summary_large_image","twitter_misc":{"Price":"5.50&nbsp;&euro;","Availability":"Out of stock"},"schema":{"@context":"https:\/\/schema.org","@graph":[{"@type":"WebPage","@id":"https:\/\/funkoprotectors.com\/de\/product\/funko-pop-protector-10-larger\/","url":"https:\/\/funkoprotectors.com\/de\/product\/funko-pop-protector-10-larger\/","name":"10\u2033 Larger \u2013 0.50mm \u2013 Funko POP Protector - Funko POP Protectors","isPartOf":{"@id":"https:\/\/funkoprotectors.com\/pt\/#website"},"primaryImageOfPage":{"@id":"https:\/\/funkoprotectors.com\/de\/product\/funko-pop-protector-10-larger\/#primaryimage"},"image":{"@id":"https:\/\/funkoprotectors.com\/de\/product\/funko-pop-protector-10-larger\/#primaryimage"},"thumbnailUrl":"https:\/\/funkoprotectors.com\/wp-content\/uploads\/2025\/11\/funko-pop-protector-10-LARGER.webp","datePublished":"2025-11-01T14:55:59+00:00","dateModified":"2026-02-13T08:46:51+00:00","description":"Protecteurs Funko POP 10 Pouces. Stop aux chocs et rayures ! Nos protecteurs 10\" transparents garantissent une protection maximale anti-UV.","breadcrumb":{"@id":"https:\/\/funkoprotectors.com\/de\/product\/funko-pop-protector-10-larger\/#breadcrumb"},"inLanguage":"en-GB","potentialAction":[{"@type":"ReadAction","target":["https:\/\/funkoprotectors.com\/de\/product\/funko-pop-protector-10-larger\/"]}]},{"@type":"ImageObject","inLanguage":"en-GB","@id":"https:\/\/funkoprotectors.com\/de\/product\/funko-pop-protector-10-larger\/#primaryimage","url":"https:\/\/funkoprotectors.com\/wp-content\/uploads\/2025\/11\/funko-pop-protector-10-LARGER.webp","contentUrl":"https:\/\/funkoprotectors.com\/wp-content\/uploads\/2025\/11\/funko-pop-protector-10-LARGER.webp","width":800,"height":800,"caption":"Protecteur Funko Pop 10 large"},{"@type":"BreadcrumbList","@id":"https:\/\/funkoprotectors.com\/de\/product\/funko-pop-protector-10-larger\/#breadcrumb","itemListElement":[{"@type":"ListItem","position":1,"name":"Home","item":"https:\/\/funkoprotectors.com\/"},{"@type":"ListItem","position":2,"name":"Shop","item":"https:\/\/funkoprotectors.com\/pt\/shop\/"},{"@type":"ListItem","position":3,"name":"10\u2033 Larger \u2013 0.50mm \u2013 Funko POP Protector"}]},{"@type":"WebSite","@id":"https:\/\/funkoprotectors.com\/pt\/#website","url":"https:\/\/funkoprotectors.com\/pt\/","name":"Protecteurs Funko POP","description":"Protecteurs Premium pour Funko POP!","publisher":{"@id":"https:\/\/funkoprotectors.com\/pt\/#organization"},"alternateName":"Funko POP Protectors","potentialAction":[{"@type":"SearchAction","target":{"@type":"EntryPoint","urlTemplate":"https:\/\/funkoprotectors.com\/pt\/?s={search_term_string}"},"query-input":{"@type":"PropertyValueSpecification","valueRequired":true,"valueName":"search_term_string"}}],"inLanguage":"en-GB"},{"@type":"Organization","@id":"https:\/\/funkoprotectors.com\/pt\/#organization","name":"Protecteurs Funko POP","alternateName":"Funko POP Protectors","url":"https:\/\/funkoprotectors.com\/pt\/","logo":{"@type":"ImageObject","inLanguage":"en-GB","@id":"https:\/\/funkoprotectors.com\/pt\/#\/schema\/logo\/image\/","url":"https:\/\/funkoprotectors.com\/wp-content\/uploads\/2025\/11\/web-app-manifest-512x512-1.png","contentUrl":"https:\/\/funkoprotectors.com\/wp-content\/uploads\/2025\/11\/web-app-manifest-512x512-1.png","width":512,"height":512,"caption":"Protecteurs Funko POP"},"image":{"@id":"https:\/\/funkoprotectors.com\/pt\/#\/schema\/logo\/image\/"},"description":"Prot\u00e9gez votre collection Funko POP avec nos protecteurs premium. Plus de 20 mod\u00e8les disponibles : hardstack et souples. Qualit\u00e9 garantie et livraison rapide. Achetez la meilleure protection pour vos figurines !"}]},"product_price_amount":"5.50","product_price_currency":"EUR","og_availability":"out of stock","product_availability":"out of stock","product_condition":"new"},"_links":{"self":[{"href":"https:\/\/funkoprotectors.com\/en\/wp-json\/wp\/v2\/product\/6491","targetHints":{"allow":["GET"]}}],"collection":[{"href":"https:\/\/funkoprotectors.com\/en\/wp-json\/wp\/v2\/product"}],"about":[{"href":"https:\/\/funkoprotectors.com\/en\/wp-json\/wp\/v2\/types\/product"}],"replies":[{"embeddable":true,"href":"https:\/\/funkoprotectors.com\/en\/wp-json\/wp\/v2\/comments?post=6491"}],"wp:featuredmedia":[{"embeddable":true,"href":"https:\/\/funkoprotectors.com\/en\/wp-json\/wp\/v2\/media\/7020"}],"wp:attachment":[{"href":"https:\/\/funkoprotectors.com\/en\/wp-json\/wp\/v2\/media?parent=6491"}],"wp:term":[{"taxonomy":"product_brand","embeddable":true,"href":"https:\/\/funkoprotectors.com\/en\/wp-json\/wp\/v2\/product_brand?post=6491"},{"taxonomy":"product_cat","embeddable":true,"href":"https:\/\/funkoprotectors.com\/en\/wp-json\/wp\/v2\/product_cat?post=6491"},{"taxonomy":"product_tag","embeddable":true,"href":"https:\/\/funkoprotectors.com\/en\/wp-json\/wp\/v2\/product_tag?post=6491"}],"curies":[{"name":"wp","href":"https:\/\/api.w.org\/{rel}","templated":true}]}}