{"id":6330,"date":"2025-11-01T09:32:08","date_gmt":"2025-11-01T09:32:08","guid":{"rendered":"https:\/\/funkoprotectors.com\/?post_type=product&#038;p=6330"},"modified":"2026-02-13T08:40:57","modified_gmt":"2026-02-13T08:40:57","slug":"funko-pop-protectors-standard","status":"publish","type":"product","link":"https:\/\/funkoprotectors.com\/es\/product\/funko-pop-protectors-standard\/","title":{"rendered":"Tama\u00f1o Est\u00e1ndar 4\u2033 - 0.50mm \u2013 Protector Funko POP"},"content":{"rendered":"<h4 data-start=\"359\" data-end=\"439\">\ud83d\udee1\ufe0f Protector Funko Pop \u2013 tama\u00f1o est\u00e1ndar 4\u2033 \u2013 0.50mm<\/h4>\n<p data-start=\"441\" data-end=\"698\">Protege y realza tus figuras Funko Pop est\u00e1ndar gracias a nuestro protector de PET transparente de 0,50 mm, dise\u00f1ado espec\u00edficamente para ofrecer la m\u00e1xima protecci\u00f3n.<\/p>\n<p data-start=\"441\" data-end=\"698\" class=\" translation-block\">Nuestros protectores para Funko POP son la <strong data-start=\"724\" data-end=\"757\">opci\u00f3n n.\u00ba 1 <\/strong>para preservar el valor y el estado original de tu colecci\u00f3n!<\/p>\n<ul style=\"list-style-type: none; padding: 0; margin: 0;\">\n<li style=\"margin-bottom: 0;\" class=\" translation-block\">\u2705 <strong data-start=\"2349\" data-end=\"2367\">Montaje r\u00e1pido<\/strong> gracias al fondo autobloqueante<\/li>\n<li style=\"margin-bottom: 0;\" class=\" translation-block\">\u2705 <strong data-start=\"2402\" data-end=\"2428\">Compatibilidad perfecta<\/strong> con los Funko Pop est\u00e1ndar<\/li>\n<li class=\" translation-block\">\u2705 <strong data-start=\"2282\" data-end=\"2305\">Protecci\u00f3n \u00f3ptima<\/strong> contra golpes, polvo, humedad y rayos UV<\/li>\n<li><\/li>\n<\/ul>\n<hr data-start=\"1625\" data-end=\"1628\" \/>\n<h4 data-start=\"2739\" data-end=\"2770\">\ud83d\udce6 Detalles adicionales<\/h4>\n<ul>\n<li>Produto entregue plano, f\u00e1cil de dobrar e montar<\/li>\n<li>Pel\u00edcula protectora a retirar antes de usar<\/li>\n<li>Las figuras Funko Pop mostradas en las fotos no est\u00e1n incluidas<\/li>\n<\/ul>\n<hr data-start=\"1625\" data-end=\"1628\" \/>\n<h4 data-start=\"2739\" data-end=\"2770\">\ud83d\ude9a Env\u00edo y entrega<\/h4>\n<p>Todos los pedidos se env\u00edan en 24\/48h y se entregan entre 24h y 7 d\u00edas\u00a0 \u00a0<img decoding=\"async\" class=\"alignnone wp-image-6351\" src=\"https:\/\/funkoprotectors.com\/wp-content\/uploads\/2025\/11\/tpswhite.webp\" alt=\"\" width=\"305\" height=\"57\" \/><\/p>\n<hr data-start=\"1625\" data-end=\"1628\" \/>\n<div style=\"background-color: #e6f7ff; border: 1px solid #b3e0ff; padding: 10px; border-radius: 4px;\">\n<div style=\"font-weight: bold; color: #004085; font-size: 16px; margin-bottom: 5px;\">\u2795 Funko POP compatibles<\/div>\n<details style=\"margin: 0;\">\n<summary style=\"list-style: none; cursor: pointer; color: #004085; font-size: 14px; text-decoration: underline;\"><span style=\"font-size: 15px;\">Ver la lista completa\u00a0<\/span><\/summary>\n<div>\n<p>Compatible con todos los Funko POP de dimensi\u00f3n est\u00e1ndar de 4\u2033<\/p>\n<\/div>\n<\/details>\n<\/div>","protected":false},"excerpt":{"rendered":"<p>\ud83d\udee1\ufe0f Protecteur Funko Pop &#8211; standard size 4&Prime; \u2013 0.50mm Prot\u00e8ge et mets en valeur tes figurines Funko Pop standard gr\u00e2ce \u00e0 notre protecteur en PET transparent 0,50 mm, sp\u00e9cialement con\u00e7u pour offrir une protection maximale. Nos protections pour Funko POP sont le choix n\u00b01 pour pr\u00e9server la valeur et l\u2019\u00e9tat d\u2019origine de ta collection! [&hellip;]<\/p>","protected":false},"featured_media":7032,"comment_status":"open","ping_status":"closed","template":"","meta":{"_acf_changed":false},"product_brand":[],"product_cat":[27],"product_tag":[25],"class_list":{"0":"post-6330","1":"product","2":"type-product","3":"status-publish","4":"has-post-thumbnail","6":"product_cat-soft","7":"product_tag-bundle","9":"first","10":"outofstock","11":"sale","12":"shipping-taxable","13":"purchasable","14":"product-type-variable","15":"has-default-attributes"},"acf":[],"yoast_head":"<!-- This site is optimized with the Yoast SEO Premium plugin v26.3 (Yoast SEO v26.3) - https:\/\/yoast.com\/wordpress\/plugins\/seo\/ -->\n<title>Standard Size 4\u2033 - 0.50mm \u2013 Funko POP Protector - Funko POP Protectors<\/title>\n<meta name=\"description\" content=\"Prot\u00e9ge ta collection! Protecteur Funko Pop 0,50 mm: protection maximale contre UV, chocs et poussi\u00e8re. Montage rapide. Pr\u00e9serve la valeur de tes Pops!\" \/>\n<meta name=\"robots\" content=\"index, follow, max-snippet:-1, max-image-preview:large, max-video-preview:-1\" \/>\n<link rel=\"canonical\" href=\"https:\/\/funkoprotectors.com\/es\/product\/funko-pop-protectors-standard\/\" \/>\n<meta property=\"og:locale\" content=\"es_ES\" \/>\n<meta property=\"og:type\" content=\"article\" \/>\n<meta property=\"og:title\" content=\"Standard Size 4\u2033 - 0.50mm \u2013 Funko POP Protector\" \/>\n<meta property=\"og:description\" content=\"Prot\u00e9gez votre collection Funko POP avec nos protecteurs premium. Plus de 20 mod\u00e8les disponibles : hardstack et souples. Qualit\u00e9 garantie et livraison rapide. Achetez la meilleure protection pour vos figurines !\" \/>\n<meta property=\"og:url\" content=\"https:\/\/funkoprotectors.com\/es\/product\/funko-pop-protectors-standard\/\" \/>\n<meta property=\"og:site_name\" content=\"Funko POP Protectors\" \/>\n<meta property=\"article:modified_time\" content=\"2026-02-13T08:40:57+00:00\" \/>\n<meta property=\"og:image\" content=\"https:\/\/funkoprotectors.com\/wp-content\/uploads\/2025\/11\/funko-pop-protector-STANDARD-4.webp\" \/>\n\t<meta property=\"og:image:width\" content=\"800\" \/>\n\t<meta property=\"og:image:height\" content=\"800\" \/>\n\t<meta property=\"og:image:type\" content=\"image\/webp\" \/>\n<meta name=\"twitter:card\" content=\"summary_large_image\" \/>\n<meta name=\"twitter:label1\" content=\"Disponibilidad\" \/>\n\t<meta name=\"twitter:data1\" content=\"Sin existencias\" \/>\n<script type=\"application\/ld+json\" class=\"yoast-schema-graph\">{\"@context\":\"https:\/\/schema.org\",\"@graph\":[{\"@type\":\"WebPage\",\"@id\":\"https:\/\/funkoprotectors.com\/es\/product\/funko-pop-protectors-standard\/\",\"url\":\"https:\/\/funkoprotectors.com\/es\/product\/funko-pop-protectors-standard\/\",\"name\":\"Standard Size 4\u2033 - 0.50mm \u2013 Funko POP Protector - Funko POP Protectors\",\"isPartOf\":{\"@id\":\"https:\/\/funkoprotectors.com\/pt\/#website\"},\"primaryImageOfPage\":{\"@id\":\"https:\/\/funkoprotectors.com\/es\/product\/funko-pop-protectors-standard\/#primaryimage\"},\"image\":{\"@id\":\"https:\/\/funkoprotectors.com\/es\/product\/funko-pop-protectors-standard\/#primaryimage\"},\"thumbnailUrl\":\"https:\/\/funkoprotectors.com\/wp-content\/uploads\/2025\/11\/funko-pop-protector-STANDARD-4.webp\",\"datePublished\":\"2025-11-01T09:32:08+00:00\",\"dateModified\":\"2026-02-13T08:40:57+00:00\",\"description\":\"Prot\u00e9ge ta collection! Protecteur Funko Pop 0,50 mm: protection maximale contre UV, chocs et poussi\u00e8re. Montage rapide. Pr\u00e9serve la valeur de tes Pops!\",\"breadcrumb\":{\"@id\":\"https:\/\/funkoprotectors.com\/es\/product\/funko-pop-protectors-standard\/#breadcrumb\"},\"inLanguage\":\"es\",\"potentialAction\":[{\"@type\":\"ReadAction\",\"target\":[\"https:\/\/funkoprotectors.com\/es\/product\/funko-pop-protectors-standard\/\"]}]},{\"@type\":\"ImageObject\",\"inLanguage\":\"es\",\"@id\":\"https:\/\/funkoprotectors.com\/es\/product\/funko-pop-protectors-standard\/#primaryimage\",\"url\":\"https:\/\/funkoprotectors.com\/wp-content\/uploads\/2025\/11\/funko-pop-protector-STANDARD-4.webp\",\"contentUrl\":\"https:\/\/funkoprotectors.com\/wp-content\/uploads\/2025\/11\/funko-pop-protector-STANDARD-4.webp\",\"width\":800,\"height\":800,\"caption\":\"Protecteur Funko Pop standard\"},{\"@type\":\"BreadcrumbList\",\"@id\":\"https:\/\/funkoprotectors.com\/es\/product\/funko-pop-protectors-standard\/#breadcrumb\",\"itemListElement\":[{\"@type\":\"ListItem\",\"position\":1,\"name\":\"Home\",\"item\":\"https:\/\/funkoprotectors.com\/\"},{\"@type\":\"ListItem\",\"position\":2,\"name\":\"Shop\",\"item\":\"https:\/\/funkoprotectors.com\/pt\/shop\/\"},{\"@type\":\"ListItem\",\"position\":3,\"name\":\"Standard Size 4\u2033 &#8211; 0.50mm \u2013 Funko POP Protector\"}]},{\"@type\":\"WebSite\",\"@id\":\"https:\/\/funkoprotectors.com\/pt\/#website\",\"url\":\"https:\/\/funkoprotectors.com\/pt\/\",\"name\":\"Protecteurs Funko POP\",\"description\":\"Protecteurs Premium pour Funko POP!\",\"publisher\":{\"@id\":\"https:\/\/funkoprotectors.com\/pt\/#organization\"},\"alternateName\":\"Funko POP Protectors\",\"potentialAction\":[{\"@type\":\"SearchAction\",\"target\":{\"@type\":\"EntryPoint\",\"urlTemplate\":\"https:\/\/funkoprotectors.com\/pt\/?s={search_term_string}\"},\"query-input\":{\"@type\":\"PropertyValueSpecification\",\"valueRequired\":true,\"valueName\":\"search_term_string\"}}],\"inLanguage\":\"es\"},{\"@type\":\"Organization\",\"@id\":\"https:\/\/funkoprotectors.com\/pt\/#organization\",\"name\":\"Protecteurs Funko POP\",\"alternateName\":\"Funko POP Protectors\",\"url\":\"https:\/\/funkoprotectors.com\/pt\/\",\"logo\":{\"@type\":\"ImageObject\",\"inLanguage\":\"es\",\"@id\":\"https:\/\/funkoprotectors.com\/pt\/#\/schema\/logo\/image\/\",\"url\":\"https:\/\/funkoprotectors.com\/wp-content\/uploads\/2025\/11\/web-app-manifest-512x512-1.png\",\"contentUrl\":\"https:\/\/funkoprotectors.com\/wp-content\/uploads\/2025\/11\/web-app-manifest-512x512-1.png\",\"width\":512,\"height\":512,\"caption\":\"Protecteurs Funko POP\"},\"image\":{\"@id\":\"https:\/\/funkoprotectors.com\/pt\/#\/schema\/logo\/image\/\"},\"description\":\"Prot\u00e9gez votre collection Funko POP avec nos protecteurs premium. Plus de 20 mod\u00e8les disponibles : hardstack et souples. Qualit\u00e9 garantie et livraison rapide. Achetez la meilleure protection pour vos figurines !\"}]}<\/script>\n<meta property=\"og:availability\" content=\"out of stock\" \/>\n<meta property=\"product:availability\" content=\"out of stock\" \/>\n<meta property=\"product:condition\" content=\"new\" \/>\n<!-- \/ Yoast SEO Premium plugin. -->","yoast_head_json":{"title":"Standard Size 4\u2033 - 0.50mm \u2013 Funko POP Protector - Funko POP Protectors","description":"Prot\u00e9ge ta collection! Protecteur Funko Pop 0,50 mm: protection maximale contre UV, chocs et poussi\u00e8re. Montage rapide. Pr\u00e9serve la valeur de tes Pops!","robots":{"index":"index","follow":"follow","max-snippet":"max-snippet:-1","max-image-preview":"max-image-preview:large","max-video-preview":"max-video-preview:-1"},"canonical":"https:\/\/funkoprotectors.com\/es\/product\/funko-pop-protectors-standard\/","og_locale":"es_ES","og_type":"article","og_title":"Standard Size 4\u2033 - 0.50mm \u2013 Funko POP Protector","og_description":"Prot\u00e9gez votre collection Funko POP avec nos protecteurs premium. Plus de 20 mod\u00e8les disponibles : hardstack et souples. Qualit\u00e9 garantie et livraison rapide. Achetez la meilleure protection pour vos figurines !","og_url":"https:\/\/funkoprotectors.com\/es\/product\/funko-pop-protectors-standard\/","og_site_name":"Funko POP Protectors","article_modified_time":"2026-02-13T08:40:57+00:00","og_image":[{"width":800,"height":800,"url":"https:\/\/funkoprotectors.com\/wp-content\/uploads\/2025\/11\/funko-pop-protector-STANDARD-4.webp","type":"image\/webp"}],"twitter_card":"summary_large_image","twitter_misc":{"Disponibilidad":"Sin existencias"},"schema":{"@context":"https:\/\/schema.org","@graph":[{"@type":"WebPage","@id":"https:\/\/funkoprotectors.com\/es\/product\/funko-pop-protectors-standard\/","url":"https:\/\/funkoprotectors.com\/es\/product\/funko-pop-protectors-standard\/","name":"Standard Size 4\u2033 - 0.50mm \u2013 Funko POP Protector - Funko POP Protectors","isPartOf":{"@id":"https:\/\/funkoprotectors.com\/pt\/#website"},"primaryImageOfPage":{"@id":"https:\/\/funkoprotectors.com\/es\/product\/funko-pop-protectors-standard\/#primaryimage"},"image":{"@id":"https:\/\/funkoprotectors.com\/es\/product\/funko-pop-protectors-standard\/#primaryimage"},"thumbnailUrl":"https:\/\/funkoprotectors.com\/wp-content\/uploads\/2025\/11\/funko-pop-protector-STANDARD-4.webp","datePublished":"2025-11-01T09:32:08+00:00","dateModified":"2026-02-13T08:40:57+00:00","description":"Prot\u00e9ge ta collection! Protecteur Funko Pop 0,50 mm: protection maximale contre UV, chocs et poussi\u00e8re. Montage rapide. Pr\u00e9serve la valeur de tes Pops!","breadcrumb":{"@id":"https:\/\/funkoprotectors.com\/es\/product\/funko-pop-protectors-standard\/#breadcrumb"},"inLanguage":"es","potentialAction":[{"@type":"ReadAction","target":["https:\/\/funkoprotectors.com\/es\/product\/funko-pop-protectors-standard\/"]}]},{"@type":"ImageObject","inLanguage":"es","@id":"https:\/\/funkoprotectors.com\/es\/product\/funko-pop-protectors-standard\/#primaryimage","url":"https:\/\/funkoprotectors.com\/wp-content\/uploads\/2025\/11\/funko-pop-protector-STANDARD-4.webp","contentUrl":"https:\/\/funkoprotectors.com\/wp-content\/uploads\/2025\/11\/funko-pop-protector-STANDARD-4.webp","width":800,"height":800,"caption":"Protecteur Funko Pop standard"},{"@type":"BreadcrumbList","@id":"https:\/\/funkoprotectors.com\/es\/product\/funko-pop-protectors-standard\/#breadcrumb","itemListElement":[{"@type":"ListItem","position":1,"name":"Home","item":"https:\/\/funkoprotectors.com\/"},{"@type":"ListItem","position":2,"name":"Shop","item":"https:\/\/funkoprotectors.com\/pt\/shop\/"},{"@type":"ListItem","position":3,"name":"Standard Size 4\u2033 &#8211; 0.50mm \u2013 Funko POP Protector"}]},{"@type":"WebSite","@id":"https:\/\/funkoprotectors.com\/pt\/#website","url":"https:\/\/funkoprotectors.com\/pt\/","name":"Protecteurs Funko POP","description":"Protecteurs Premium pour Funko POP!","publisher":{"@id":"https:\/\/funkoprotectors.com\/pt\/#organization"},"alternateName":"Funko POP Protectors","potentialAction":[{"@type":"SearchAction","target":{"@type":"EntryPoint","urlTemplate":"https:\/\/funkoprotectors.com\/pt\/?s={search_term_string}"},"query-input":{"@type":"PropertyValueSpecification","valueRequired":true,"valueName":"search_term_string"}}],"inLanguage":"es"},{"@type":"Organization","@id":"https:\/\/funkoprotectors.com\/pt\/#organization","name":"Protecteurs Funko POP","alternateName":"Funko POP Protectors","url":"https:\/\/funkoprotectors.com\/pt\/","logo":{"@type":"ImageObject","inLanguage":"es","@id":"https:\/\/funkoprotectors.com\/pt\/#\/schema\/logo\/image\/","url":"https:\/\/funkoprotectors.com\/wp-content\/uploads\/2025\/11\/web-app-manifest-512x512-1.png","contentUrl":"https:\/\/funkoprotectors.com\/wp-content\/uploads\/2025\/11\/web-app-manifest-512x512-1.png","width":512,"height":512,"caption":"Protecteurs Funko POP"},"image":{"@id":"https:\/\/funkoprotectors.com\/pt\/#\/schema\/logo\/image\/"},"description":"Prot\u00e9gez votre collection Funko POP avec nos protecteurs premium. Plus de 20 mod\u00e8les disponibles : hardstack et souples. Qualit\u00e9 garantie et livraison rapide. Achetez la meilleure protection pour vos figurines !"}]},"og_availability":"out of stock","product_availability":"out of stock","product_condition":"new"},"_links":{"self":[{"href":"https:\/\/funkoprotectors.com\/es\/wp-json\/wp\/v2\/product\/6330","targetHints":{"allow":["GET"]}}],"collection":[{"href":"https:\/\/funkoprotectors.com\/es\/wp-json\/wp\/v2\/product"}],"about":[{"href":"https:\/\/funkoprotectors.com\/es\/wp-json\/wp\/v2\/types\/product"}],"replies":[{"embeddable":true,"href":"https:\/\/funkoprotectors.com\/es\/wp-json\/wp\/v2\/comments?post=6330"}],"wp:featuredmedia":[{"embeddable":true,"href":"https:\/\/funkoprotectors.com\/es\/wp-json\/wp\/v2\/media\/7032"}],"wp:attachment":[{"href":"https:\/\/funkoprotectors.com\/es\/wp-json\/wp\/v2\/media?parent=6330"}],"wp:term":[{"taxonomy":"product_brand","embeddable":true,"href":"https:\/\/funkoprotectors.com\/es\/wp-json\/wp\/v2\/product_brand?post=6330"},{"taxonomy":"product_cat","embeddable":true,"href":"https:\/\/funkoprotectors.com\/es\/wp-json\/wp\/v2\/product_cat?post=6330"},{"taxonomy":"product_tag","embeddable":true,"href":"https:\/\/funkoprotectors.com\/es\/wp-json\/wp\/v2\/product_tag?post=6330"}],"curies":[{"name":"wp","href":"https:\/\/api.w.org\/{rel}","templated":true}]}}