{"id":6492,"date":"2025-11-01T19:30:05","date_gmt":"2025-11-01T19:30:05","guid":{"rendered":"https:\/\/funkoprotectors.com\/?post_type=product&#038;p=6492"},"modified":"2026-02-13T08:48:30","modified_gmt":"2026-02-13T08:48:30","slug":"funko-pop-protector-10","status":"publish","type":"product","link":"https:\/\/funkoprotectors.com\/es\/product\/funko-pop-protector-10\/","title":{"rendered":"10\u2033 \u2013 0.50mm \u2013 Protector Funko POP"},"content":{"rendered":"<h4 data-start=\"359\" data-end=\"439\">\ud83d\udee1\ufe0f Protector Funko Pop \u2013 10\u2033 \u2013 0.50mm<\/h4>\n<p data-start=\"441\" data-end=\"698\">Protege y realza tus figuras Funko Pop gracias a nuestro protector de PET transparente de 0.50 mm, dise\u00f1ado espec\u00edficamente para ofrecer la m\u00e1xima protecci\u00f3n.<\/p>\n<p data-start=\"441\" data-end=\"698\" class=\" translation-block\">Nuestros protectores para Funko POP son la <strong data-start=\"724\" data-end=\"757\">opci\u00f3n n.\u00ba 1 <\/strong>para preservar el valor y el estado original de tu colecci\u00f3n!<\/p>\n<ul style=\"list-style-type: none; padding: 0; margin: 0;\">\n<li style=\"margin-bottom: 0;\" class=\" translation-block\">\u2705 <strong data-start=\"2349\" data-end=\"2367\">Montaje r\u00e1pido<\/strong> gracias al fondo autobloqueante<\/li>\n<li style=\"margin-bottom: 0;\" class=\" translation-block\">\u2705 <strong data-start=\"2402\" data-end=\"2428\">Compatibilidad perfecta<\/strong> con los Funko Pop 10\"<\/li>\n<li class=\" translation-block\">\u2705 <strong data-start=\"2282\" data-end=\"2305\">Protecci\u00f3n \u00f3ptima<\/strong> contra golpes, polvo, humedad y rayos UV<\/li>\n<li><\/li>\n<\/ul>\n<hr data-start=\"1625\" data-end=\"1628\" \/>\n<h4 data-start=\"2739\" data-end=\"2770\">\ud83d\udce6 Detalles adicionales<\/h4>\n<ul>\n<li>Produto entregue plano, f\u00e1cil de dobrar e montar<\/li>\n<li>Pel\u00edcula protectora a retirar antes de usar<\/li>\n<li>Las figuras Funko Pop mostradas en las fotos no est\u00e1n incluidas<\/li>\n<\/ul>\n<hr data-start=\"1625\" data-end=\"1628\" \/>\n<h4 data-start=\"2739\" data-end=\"2770\">\ud83d\ude9a Env\u00edo y entrega<\/h4>\n<p>Todos los pedidos se env\u00edan en 24\/48h y se entregan entre 24h y 7 d\u00edas\u00a0 \u00a0<img decoding=\"async\" class=\"alignnone wp-image-6351\" src=\"https:\/\/funkoprotectors.com\/wp-content\/uploads\/2025\/11\/tpswhite.webp\" alt=\"\" width=\"305\" height=\"57\" \/><\/p>\n<hr data-start=\"1625\" data-end=\"1628\" \/>\n<div style=\"background-color: #e6f7ff; border: 1px solid #b3e0ff; padding: 10px; border-radius: 4px;\">\n<div style=\"font-weight: bold; color: #004085; font-size: 16px; margin-bottom: 5px;\">\u2795 Funko POP compatibles<\/div>\n<details style=\"margin: 0;\">\n<summary style=\"list-style: none; cursor: pointer; color: #004085; font-size: 14px; text-decoration: underline;\"><span style=\"font-size: 15px;\">Ver la lista completa\u00a0<\/span><\/summary>\n<div>\n<p>\u2022 Funko POP Mickey Mouse (Blue &amp; Green) #457 (Funko Shop)<br data-start=\"170\" data-end=\"173\" \/>\u2022 Funko POP Jack-Jack #494 (Target)<br data-start=\"208\" data-end=\"211\" \/>\u2022 Funko POP Porg #198 (Target)<br data-start=\"241\" data-end=\"244\" \/>\u2022 Funko POP Deadpool (Gold)(Swords) #544 (Walmart)<br data-start=\"294\" data-end=\"297\" data-is-only-node=\"\" \/>\u2022 Funko POP Mushu #632<br data-start=\"319\" data-end=\"322\" \/>\u2022 Funko POP All Might GITD #821 (Funimation)<br data-start=\"366\" data-end=\"369\" \/>\u2022 Funko POP Carnage #890 (Walmart)<br data-start=\"403\" data-end=\"406\" \/>\u2022 Funko POP Thanos (Infinity Wars) #308 (Target)<br data-start=\"454\" data-end=\"457\" \/>\u2022 Funko POP Skeletor (Disco) #998 (Funko Shop)<br data-start=\"503\" data-end=\"506\" \/>\u2022 Funko POP Larry Bird #124 (Walmart)<br data-start=\"543\" data-end=\"546\" \/>\u2022 Funko POP Mewtwo #583 (Target)<br data-start=\"578\" data-end=\"581\" \/>\u2022 Funko POP Mickey Mouse (Black and White) #457 (Target)<br data-start=\"637\" data-end=\"640\" \/>\u2022 Funko POP Venomized Groot #613<br data-start=\"672\" data-end=\"675\" \/>\u2022 Funko POP Spider Man Integrated Suit #978 (Walmart)<br data-start=\"728\" data-end=\"731\" \/>\u2022 Funko POP Deadpool (Blue)(Swords) #544 (Walmart)<br data-start=\"781\" data-end=\"784\" \/>\u2022 Funko POP Demogorgon #722 (Target)<br data-start=\"820\" data-end=\"823\" \/>\u2022 Funko POP Tony the Tiger #70 (Funko Shop)<br data-start=\"866\" data-end=\"869\" \/>\u2022 Funko POP Hedwig #70 (Target)<br data-start=\"900\" data-end=\"903\" \/>\u2022 Funko POP Michael Jordan (White) #76 (Foot Locker)<br data-start=\"955\" data-end=\"958\" \/>\u2022 Funko POP Thanos (End Game) #460 (Target)<br data-start=\"1001\" data-end=\"1004\" \/>\u2022 Funko POP Huckleberry Houd (Chase) #773 (Funko Shop)<br data-start=\"1058\" data-end=\"1061\" \/>\u2022 Funko POP All Might #821<br data-start=\"1087\" data-end=\"1090\" \/>\u2022 Funko POP Ursula #569<br data-start=\"1113\" data-end=\"1116\" \/>\u2022 Funko POP Olaf #603 (Target)<br data-start=\"1146\" data-end=\"1149\" \/>\u2022 Funko POP Loot Llama #511<br data-start=\"1176\" data-end=\"1179\" \/>\u2022 Funko POP Michael Jordan (Red) #75<br data-start=\"1215\" data-end=\"1218\" \/>\u2022 Funko POP Charmander #456 (Target)<br data-start=\"1254\" data-end=\"1257\" \/>\u2022 Funko POP Beast Man #1039<br data-start=\"1284\" data-end=\"1287\" \/>\u2022 Funko POP Rainbow Troll #9<br data-start=\"1315\" data-end=\"1318\" \/>\u2022 Funko POP Pikachu #353 (Target)<br data-start=\"1351\" data-end=\"1354\" \/>\u2022 Funko POP Indiana Jones (Metallic) #885 (ECCC)<br data-start=\"1402\" data-end=\"1405\" \/>\u2022 Funko POP Shenron #860 (GITD Metallic)<br data-start=\"1445\" data-end=\"1448\" \/>\u2022 Funko POP Deadpool (Red)(Swords) #544 (Walmart)<br data-start=\"1497\" data-end=\"1500\" \/>\u2022 Funko POP Indiana Jones (Gold ) (Metallic) #885 (Funko Shop)<br data-start=\"1562\" data-end=\"1565\" \/>\u2022 Funko POP Rainbow Troll (Chase) #9<br data-start=\"1601\" data-end=\"1604\" \/>\u2022 Funko POP Squirtle #505 (Target)<br data-start=\"1638\" data-end=\"1641\" \/>\u2022 Funko POP Boba Fett #367 (Target)<br data-start=\"1676\" data-end=\"1679\" \/>\u2022 Funko POP Notorious B.I.G. with Crown #162 (Funko Shop)<br data-start=\"1736\" data-end=\"1739\" \/>\u2022 Funko POP Ursula #569<br data-start=\"1762\" data-end=\"1765\" \/>\u2022 Funko POP Trap Jaw #90<br data-start=\"1789\" data-end=\"1792\" \/>\u2022 Funko POP Dino Ultrazord #687 (Target)<br data-start=\"1832\" data-end=\"1835\" \/>\u2022 Funko POP Boba Fett #297 (Target)<br data-start=\"1870\" data-end=\"1873\" \/>\u2022 Funko POP Spongebob Squarepants #562 (Target)<br data-start=\"1920\" data-end=\"1923\" \/>\u2022 Funko POP Shenron #859<br data-start=\"1947\" data-end=\"1950\" \/>\u2022 Funko POP Huckleberry Houd #773 (Funko Shop)<br data-start=\"1996\" data-end=\"1999\" \/>\u2022 Funko POP Mickey Mouse (Classic Color) #457 (Target)<br data-start=\"2053\" data-end=\"2056\" \/>\u2022 Funko POP Aggretsuko (Rage) #24 (Target)<br data-start=\"2098\" data-end=\"2101\" \/>\u2022 Funko POP Giant-Man #414 (Amazon)<br data-start=\"2136\" data-end=\"2139\" \/>\u2022 Funko POP Jack Skellington with Zero #809<br data-start=\"2182\" data-end=\"2185\" \/>\u2022 Funko POP Olaf #603 (Target)<br data-start=\"2215\" data-end=\"2218\" \/>\u2022 Funko POP Deadpool (Red)(Thumbs Up) #544 (Walmart)<br data-start=\"2270\" data-end=\"2273\" \/>\u2022 Funko POP Coca Cola Bear #59 (Funko Shop)<br data-start=\"2316\" data-end=\"2319\" \/>\u2022 Funko POP Ursula #569<br data-start=\"2342\" data-end=\"2345\" \/>\u2022 Funko POP Burnt Stay Puft #849 (GameStop)<br data-start=\"2388\" data-end=\"2391\" \/>\u2022 Funko POP Tony the Tiger #70 (Funko Shop)<br data-start=\"2434\" data-end=\"2437\" \/>\u2022 Funko POP Iron Hammer #866 (Walmart)<br data-start=\"2475\" data-end=\"2478\" \/>\u2022 Funko POP Cheshire Cat #1066<br data-start=\"2508\" data-end=\"2511\" \/>\u2022 Funko POP Rick with Portal Gun #665 (GameStop)<br data-start=\"2559\" data-end=\"2562\" \/>\u2022 Funko POP Jack Skellington with Zero #809<br data-start=\"2605\" data-end=\"2608\" \/>\u2022 Funko POP PennyWise #786<br data-start=\"2634\" data-end=\"2637\" \/>\u2022 Funko POP Trap Jaw #90<br data-start=\"2661\" data-end=\"2664\" \/>\u2022 Funko POP Bullseye #32 (Target)<br data-start=\"2697\" data-end=\"2700\" \/>\u2022 Funko POP Larry Bird #124 (Walmart)<br data-start=\"2737\" data-end=\"2740\" \/>\u2022 Funko POP Mech Captain America #841 (Walmart)<br data-start=\"2787\" data-end=\"2790\" \/>\u2022 Funko POP Shenron #859<br data-start=\"2814\" data-end=\"2817\" \/>\u2022 Funko POP Ezra #579 (Target)<br data-start=\"2847\" data-end=\"2850\" \/>\u2022 Funko POP Mickey Mouse (True Original Exhibition) #457 (Disney)<br data-start=\"2915\" data-end=\"2918\" \/>\u2022 Funko POP Deadpool (Grey)(Swords) #544 (Walmart)<br data-start=\"2968\" data-end=\"2971\" \/>\u2022 Funko POP Hulk (Gladiator) #241 (Target)<br data-start=\"3013\" data-end=\"3016\" \/>\u2022 Funko POP Dino Ultrazord #687 (Target)<br data-start=\"3056\" data-end=\"3059\" \/>\u2022 Funko POP Count Chocula #60 (Funko Shop)<br data-start=\"3101\" data-end=\"3104\" \/>\u2022 Funko POP Mickey Mouse (Black and White) #457 (Target)<br data-start=\"3160\" data-end=\"3163\" \/>\u2022 Funko POP Franken Berry #61 (Funko Shop)<br data-start=\"3205\" data-end=\"3208\" \/>\u2022 Funko POP Aggretsuko (Rage) #24 (Target)<br data-start=\"3250\" data-end=\"3253\" \/>\u2022 Funko POP Ursula #569<\/p>\n<p>\u2014 Lista no exhaustiva \u2014<\/p>\n<\/div>\n<\/details>\n<\/div>","protected":false},"excerpt":{"rendered":"<p>\ud83d\udee1\ufe0f Protecteur Funko Pop \u2013 10\u2033 \u2013 0.50mm Prot\u00e8ge et mets en valeur tes figurines Funko Pop gr\u00e2ce \u00e0 notre protecteur en PET transparent 0.50 mm, sp\u00e9cialement con\u00e7u pour offrir une protection maximale. Nos protections pour Funko POP sont le choix n\u00b01 pour pr\u00e9server la valeur et l\u2019\u00e9tat d\u2019origine de ta collection! \u2705 Montage rapide [&hellip;]<\/p>","protected":false},"featured_media":7019,"comment_status":"open","ping_status":"closed","template":"","meta":{"_acf_changed":false},"product_brand":[],"product_cat":[27],"product_tag":[25],"class_list":{"0":"post-6492","1":"product","2":"type-product","3":"status-publish","4":"has-post-thumbnail","6":"product_cat-soft","7":"product_tag-bundle","9":"first","10":"instock","11":"shipping-taxable","12":"purchasable","13":"product-type-simple"},"acf":[],"yoast_head":"<!-- This site is optimized with the Yoast SEO Premium plugin v26.3 (Yoast SEO v26.3) - https:\/\/yoast.com\/wordpress\/plugins\/seo\/ -->\n<title>10\u2033 \u2013 0.50mm \u2013 Funko POP Protector - Funko POP Protectors<\/title>\n<meta name=\"description\" content=\"\ud83c\udf1f Protecteurs PREMIUM 10 Pouces pour Funko POP. Plusieurs mod\u00e8les disponibles en stock. Exp\u00e9dition rapide et s\u00e9curis\u00e9e! Top qualit\u00e9!\" \/>\n<meta name=\"robots\" content=\"index, follow, max-snippet:-1, max-image-preview:large, max-video-preview:-1\" \/>\n<link rel=\"canonical\" href=\"https:\/\/funkoprotectors.com\/es\/product\/funko-pop-protector-10\/\" \/>\n<meta property=\"og:locale\" content=\"es_ES\" \/>\n<meta property=\"og:type\" content=\"article\" \/>\n<meta property=\"og:title\" content=\"10\u2033 \u2013 0.50mm \u2013 Funko POP Protector\" \/>\n<meta property=\"og:description\" content=\"Prot\u00e9gez votre collection Funko POP avec nos protecteurs premium. Plus de 20 mod\u00e8les disponibles : hardstack et souples. Qualit\u00e9 garantie et livraison rapide. Achetez la meilleure protection pour vos figurines !\" \/>\n<meta property=\"og:url\" content=\"https:\/\/funkoprotectors.com\/es\/product\/funko-pop-protector-10\/\" \/>\n<meta property=\"og:site_name\" content=\"Funko POP Protectors\" \/>\n<meta property=\"article:modified_time\" content=\"2026-02-13T08:48:30+00:00\" \/>\n<meta property=\"og:image\" content=\"https:\/\/funkoprotectors.com\/wp-content\/uploads\/2025\/11\/funko-pop-protector-10.webp\" \/>\n\t<meta property=\"og:image:width\" content=\"800\" \/>\n\t<meta property=\"og:image:height\" content=\"800\" \/>\n\t<meta property=\"og:image:type\" content=\"image\/webp\" \/>\n<meta name=\"twitter:card\" content=\"summary_large_image\" \/>\n<meta name=\"twitter:label1\" content=\"Precio\" \/>\n\t<meta name=\"twitter:data1\" content=\"4.25&nbsp;&euro;\" \/>\n\t<meta name=\"twitter:label2\" content=\"Disponibilidad\" \/>\n\t<meta name=\"twitter:data2\" content=\"Disponible\" \/>\n<script type=\"application\/ld+json\" class=\"yoast-schema-graph\">{\"@context\":\"https:\/\/schema.org\",\"@graph\":[{\"@type\":\"WebPage\",\"@id\":\"https:\/\/funkoprotectors.com\/es\/product\/funko-pop-protector-10\/\",\"url\":\"https:\/\/funkoprotectors.com\/es\/product\/funko-pop-protector-10\/\",\"name\":\"10\u2033 \u2013 0.50mm \u2013 Funko POP Protector - Funko POP Protectors\",\"isPartOf\":{\"@id\":\"https:\/\/funkoprotectors.com\/pt\/#website\"},\"primaryImageOfPage\":{\"@id\":\"https:\/\/funkoprotectors.com\/es\/product\/funko-pop-protector-10\/#primaryimage\"},\"image\":{\"@id\":\"https:\/\/funkoprotectors.com\/es\/product\/funko-pop-protector-10\/#primaryimage\"},\"thumbnailUrl\":\"https:\/\/funkoprotectors.com\/wp-content\/uploads\/2025\/11\/funko-pop-protector-10.webp\",\"datePublished\":\"2025-11-01T19:30:05+00:00\",\"dateModified\":\"2026-02-13T08:48:30+00:00\",\"description\":\"\ud83c\udf1f Protecteurs PREMIUM 10 Pouces pour Funko POP. Plusieurs mod\u00e8les disponibles en stock. Exp\u00e9dition rapide et s\u00e9curis\u00e9e! Top qualit\u00e9!\",\"breadcrumb\":{\"@id\":\"https:\/\/funkoprotectors.com\/es\/product\/funko-pop-protector-10\/#breadcrumb\"},\"inLanguage\":\"es\",\"potentialAction\":[{\"@type\":\"ReadAction\",\"target\":[\"https:\/\/funkoprotectors.com\/es\/product\/funko-pop-protector-10\/\"]}]},{\"@type\":\"ImageObject\",\"inLanguage\":\"es\",\"@id\":\"https:\/\/funkoprotectors.com\/es\/product\/funko-pop-protector-10\/#primaryimage\",\"url\":\"https:\/\/funkoprotectors.com\/wp-content\/uploads\/2025\/11\/funko-pop-protector-10.webp\",\"contentUrl\":\"https:\/\/funkoprotectors.com\/wp-content\/uploads\/2025\/11\/funko-pop-protector-10.webp\",\"width\":800,\"height\":800,\"caption\":\"Protecteur Funko Pop 10 pouces\"},{\"@type\":\"BreadcrumbList\",\"@id\":\"https:\/\/funkoprotectors.com\/es\/product\/funko-pop-protector-10\/#breadcrumb\",\"itemListElement\":[{\"@type\":\"ListItem\",\"position\":1,\"name\":\"Home\",\"item\":\"https:\/\/funkoprotectors.com\/\"},{\"@type\":\"ListItem\",\"position\":2,\"name\":\"Shop\",\"item\":\"https:\/\/funkoprotectors.com\/pt\/shop\/\"},{\"@type\":\"ListItem\",\"position\":3,\"name\":\"10\u2033 \u2013 0.50mm \u2013 Funko POP Protector\"}]},{\"@type\":\"WebSite\",\"@id\":\"https:\/\/funkoprotectors.com\/pt\/#website\",\"url\":\"https:\/\/funkoprotectors.com\/pt\/\",\"name\":\"Protecteurs Funko POP\",\"description\":\"Protecteurs Premium pour Funko POP!\",\"publisher\":{\"@id\":\"https:\/\/funkoprotectors.com\/pt\/#organization\"},\"alternateName\":\"Funko POP Protectors\",\"potentialAction\":[{\"@type\":\"SearchAction\",\"target\":{\"@type\":\"EntryPoint\",\"urlTemplate\":\"https:\/\/funkoprotectors.com\/pt\/?s={search_term_string}\"},\"query-input\":{\"@type\":\"PropertyValueSpecification\",\"valueRequired\":true,\"valueName\":\"search_term_string\"}}],\"inLanguage\":\"es\"},{\"@type\":\"Organization\",\"@id\":\"https:\/\/funkoprotectors.com\/pt\/#organization\",\"name\":\"Protecteurs Funko POP\",\"alternateName\":\"Funko POP Protectors\",\"url\":\"https:\/\/funkoprotectors.com\/pt\/\",\"logo\":{\"@type\":\"ImageObject\",\"inLanguage\":\"es\",\"@id\":\"https:\/\/funkoprotectors.com\/pt\/#\/schema\/logo\/image\/\",\"url\":\"https:\/\/funkoprotectors.com\/wp-content\/uploads\/2025\/11\/web-app-manifest-512x512-1.png\",\"contentUrl\":\"https:\/\/funkoprotectors.com\/wp-content\/uploads\/2025\/11\/web-app-manifest-512x512-1.png\",\"width\":512,\"height\":512,\"caption\":\"Protecteurs Funko POP\"},\"image\":{\"@id\":\"https:\/\/funkoprotectors.com\/pt\/#\/schema\/logo\/image\/\"},\"description\":\"Prot\u00e9gez votre collection Funko POP avec nos protecteurs premium. Plus de 20 mod\u00e8les disponibles : hardstack et souples. Qualit\u00e9 garantie et livraison rapide. Achetez la meilleure protection pour vos figurines !\"}]}<\/script>\n<meta property=\"product:price:amount\" content=\"4.25\" \/>\n<meta property=\"product:price:currency\" content=\"EUR\" \/>\n<meta property=\"og:availability\" content=\"instock\" \/>\n<meta property=\"product:availability\" content=\"instock\" \/>\n<meta property=\"product:condition\" content=\"new\" \/>\n<!-- \/ Yoast SEO Premium plugin. -->","yoast_head_json":{"title":"10\u2033 \u2013 0.50mm \u2013 Funko POP Protector - Funko POP Protectors","description":"\ud83c\udf1f Protecteurs PREMIUM 10 Pouces pour Funko POP. Plusieurs mod\u00e8les disponibles en stock. Exp\u00e9dition rapide et s\u00e9curis\u00e9e! Top qualit\u00e9!","robots":{"index":"index","follow":"follow","max-snippet":"max-snippet:-1","max-image-preview":"max-image-preview:large","max-video-preview":"max-video-preview:-1"},"canonical":"https:\/\/funkoprotectors.com\/es\/product\/funko-pop-protector-10\/","og_locale":"es_ES","og_type":"article","og_title":"10\u2033 \u2013 0.50mm \u2013 Funko POP Protector","og_description":"Prot\u00e9gez votre collection Funko POP avec nos protecteurs premium. Plus de 20 mod\u00e8les disponibles : hardstack et souples. Qualit\u00e9 garantie et livraison rapide. Achetez la meilleure protection pour vos figurines !","og_url":"https:\/\/funkoprotectors.com\/es\/product\/funko-pop-protector-10\/","og_site_name":"Funko POP Protectors","article_modified_time":"2026-02-13T08:48:30+00:00","og_image":[{"width":800,"height":800,"url":"https:\/\/funkoprotectors.com\/wp-content\/uploads\/2025\/11\/funko-pop-protector-10.webp","type":"image\/webp"}],"twitter_card":"summary_large_image","twitter_misc":{"Precio":"4.25&nbsp;&euro;","Disponibilidad":"Disponible"},"schema":{"@context":"https:\/\/schema.org","@graph":[{"@type":"WebPage","@id":"https:\/\/funkoprotectors.com\/es\/product\/funko-pop-protector-10\/","url":"https:\/\/funkoprotectors.com\/es\/product\/funko-pop-protector-10\/","name":"10\u2033 \u2013 0.50mm \u2013 Funko POP Protector - Funko POP Protectors","isPartOf":{"@id":"https:\/\/funkoprotectors.com\/pt\/#website"},"primaryImageOfPage":{"@id":"https:\/\/funkoprotectors.com\/es\/product\/funko-pop-protector-10\/#primaryimage"},"image":{"@id":"https:\/\/funkoprotectors.com\/es\/product\/funko-pop-protector-10\/#primaryimage"},"thumbnailUrl":"https:\/\/funkoprotectors.com\/wp-content\/uploads\/2025\/11\/funko-pop-protector-10.webp","datePublished":"2025-11-01T19:30:05+00:00","dateModified":"2026-02-13T08:48:30+00:00","description":"\ud83c\udf1f Protecteurs PREMIUM 10 Pouces pour Funko POP. Plusieurs mod\u00e8les disponibles en stock. Exp\u00e9dition rapide et s\u00e9curis\u00e9e! Top qualit\u00e9!","breadcrumb":{"@id":"https:\/\/funkoprotectors.com\/es\/product\/funko-pop-protector-10\/#breadcrumb"},"inLanguage":"es","potentialAction":[{"@type":"ReadAction","target":["https:\/\/funkoprotectors.com\/es\/product\/funko-pop-protector-10\/"]}]},{"@type":"ImageObject","inLanguage":"es","@id":"https:\/\/funkoprotectors.com\/es\/product\/funko-pop-protector-10\/#primaryimage","url":"https:\/\/funkoprotectors.com\/wp-content\/uploads\/2025\/11\/funko-pop-protector-10.webp","contentUrl":"https:\/\/funkoprotectors.com\/wp-content\/uploads\/2025\/11\/funko-pop-protector-10.webp","width":800,"height":800,"caption":"Protecteur Funko Pop 10 pouces"},{"@type":"BreadcrumbList","@id":"https:\/\/funkoprotectors.com\/es\/product\/funko-pop-protector-10\/#breadcrumb","itemListElement":[{"@type":"ListItem","position":1,"name":"Home","item":"https:\/\/funkoprotectors.com\/"},{"@type":"ListItem","position":2,"name":"Shop","item":"https:\/\/funkoprotectors.com\/pt\/shop\/"},{"@type":"ListItem","position":3,"name":"10\u2033 \u2013 0.50mm \u2013 Funko POP Protector"}]},{"@type":"WebSite","@id":"https:\/\/funkoprotectors.com\/pt\/#website","url":"https:\/\/funkoprotectors.com\/pt\/","name":"Protecteurs Funko POP","description":"Protecteurs Premium pour Funko POP!","publisher":{"@id":"https:\/\/funkoprotectors.com\/pt\/#organization"},"alternateName":"Funko POP Protectors","potentialAction":[{"@type":"SearchAction","target":{"@type":"EntryPoint","urlTemplate":"https:\/\/funkoprotectors.com\/pt\/?s={search_term_string}"},"query-input":{"@type":"PropertyValueSpecification","valueRequired":true,"valueName":"search_term_string"}}],"inLanguage":"es"},{"@type":"Organization","@id":"https:\/\/funkoprotectors.com\/pt\/#organization","name":"Protecteurs Funko POP","alternateName":"Funko POP Protectors","url":"https:\/\/funkoprotectors.com\/pt\/","logo":{"@type":"ImageObject","inLanguage":"es","@id":"https:\/\/funkoprotectors.com\/pt\/#\/schema\/logo\/image\/","url":"https:\/\/funkoprotectors.com\/wp-content\/uploads\/2025\/11\/web-app-manifest-512x512-1.png","contentUrl":"https:\/\/funkoprotectors.com\/wp-content\/uploads\/2025\/11\/web-app-manifest-512x512-1.png","width":512,"height":512,"caption":"Protecteurs Funko POP"},"image":{"@id":"https:\/\/funkoprotectors.com\/pt\/#\/schema\/logo\/image\/"},"description":"Prot\u00e9gez votre collection Funko POP avec nos protecteurs premium. Plus de 20 mod\u00e8les disponibles : hardstack et souples. Qualit\u00e9 garantie et livraison rapide. Achetez la meilleure protection pour vos figurines !"}]},"product_price_amount":"4.25","product_price_currency":"EUR","og_availability":"instock","product_availability":"instock","product_condition":"new"},"_links":{"self":[{"href":"https:\/\/funkoprotectors.com\/es\/wp-json\/wp\/v2\/product\/6492","targetHints":{"allow":["GET"]}}],"collection":[{"href":"https:\/\/funkoprotectors.com\/es\/wp-json\/wp\/v2\/product"}],"about":[{"href":"https:\/\/funkoprotectors.com\/es\/wp-json\/wp\/v2\/types\/product"}],"replies":[{"embeddable":true,"href":"https:\/\/funkoprotectors.com\/es\/wp-json\/wp\/v2\/comments?post=6492"}],"wp:featuredmedia":[{"embeddable":true,"href":"https:\/\/funkoprotectors.com\/es\/wp-json\/wp\/v2\/media\/7019"}],"wp:attachment":[{"href":"https:\/\/funkoprotectors.com\/es\/wp-json\/wp\/v2\/media?parent=6492"}],"wp:term":[{"taxonomy":"product_brand","embeddable":true,"href":"https:\/\/funkoprotectors.com\/es\/wp-json\/wp\/v2\/product_brand?post=6492"},{"taxonomy":"product_cat","embeddable":true,"href":"https:\/\/funkoprotectors.com\/es\/wp-json\/wp\/v2\/product_cat?post=6492"},{"taxonomy":"product_tag","embeddable":true,"href":"https:\/\/funkoprotectors.com\/es\/wp-json\/wp\/v2\/product_tag?post=6492"}],"curies":[{"name":"wp","href":"https:\/\/api.w.org\/{rel}","templated":true}]}}