{"id":6500,"date":"2025-11-01T19:48:19","date_gmt":"2025-11-01T19:48:19","guid":{"rendered":"https:\/\/funkoprotectors.com\/?post_type=product&#038;p=6500"},"modified":"2025-11-30T14:20:29","modified_gmt":"2025-11-30T14:20:29","slug":"movie-moment-0-50mm-funko-pop-protector","status":"publish","type":"product","link":"https:\/\/funkoprotectors.com\/es\/product\/movie-moment-0-50mm-funko-pop-protector\/","title":{"rendered":"Movie Moment \u2013 0.50mm \u2013 Protector Funko POP"},"content":{"rendered":"<h4 data-start=\"359\" data-end=\"439\">\ud83d\udee1\ufe0f Protector Funko Pop \u2013 Movie Moment \u2013 0.50mm<\/h4>\n<p data-start=\"441\" data-end=\"698\">Protege y realza tus figuras Funko Pop Movie Moment gracias a nuestro protector de PET transparente de 0.50 mm, dise\u00f1ado espec\u00edficamente para ofrecer la m\u00e1xima protecci\u00f3n.<\/p>\n<p data-start=\"441\" data-end=\"698\" class=\" translation-block\">Nuestros protectores para Funko POP son la <strong data-start=\"724\" data-end=\"757\">opci\u00f3n n.\u00ba 1 <\/strong>para preservar el valor y el estado original de tu colecci\u00f3n!<\/p>\n<ul style=\"list-style-type: none; padding: 0; margin: 0;\">\n<li style=\"margin-bottom: 0;\" class=\" translation-block\">\u2705 <strong data-start=\"2349\" data-end=\"2367\">Montaje r\u00e1pido<\/strong> gracias al fondo autobloqueante<\/li>\n<li style=\"margin-bottom: 0;\" class=\" translation-block\">\u2705 <strong data-start=\"2402\" data-end=\"2428\">Compatibilidad perfecta<\/strong> con los Funko Pop Movie Moment<\/li>\n<li class=\" translation-block\">\u2705 <strong data-start=\"2282\" data-end=\"2305\">Protecci\u00f3n \u00f3ptima<\/strong> contra golpes, polvo, humedad y rayos UV<\/li>\n<li><\/li>\n<\/ul>\n<hr data-start=\"1625\" data-end=\"1628\" \/>\n<h4 data-start=\"2739\" data-end=\"2770\">\ud83d\udce6 Detalles adicionales<\/h4>\n<ul>\n<li>Produto entregue plano, f\u00e1cil de dobrar e montar<\/li>\n<li>Pel\u00edcula protectora a retirar antes de usar<\/li>\n<li>Las figuras Funko Pop mostradas en las fotos no est\u00e1n incluidas<\/li>\n<li class=\" translation-block\"><span style=\"color: #339966\">El protector MOVIE MOMENT puede ser compatible con algunas figuras Funko POP RIDE.\nAseg\u00farate de la compatibilidad antes de comprar.<\/span><\/li>\n<\/ul>\n<p>&nbsp;<\/p>\n<hr data-start=\"1625\" data-end=\"1628\" \/>\n<h4 data-start=\"2739\" data-end=\"2770\">\ud83d\ude9a Env\u00edo y entrega<\/h4>\n<p>Todos los pedidos se env\u00edan en 24\/48h y se entregan entre 24h y 7 d\u00edas\u00a0 \u00a0<img decoding=\"async\" class=\"alignnone wp-image-6351\" src=\"https:\/\/funkoprotectors.com\/wp-content\/uploads\/2025\/11\/tpswhite.webp\" alt=\"\" width=\"305\" height=\"57\" \/><\/p>\n<hr data-start=\"1625\" data-end=\"1628\" \/>\n<div style=\"background-color: #e6f7ff; border: 1px solid #b3e0ff; padding: 10px; border-radius: 4px;\">\n<div style=\"font-weight: bold; color: #004085; font-size: 16px; margin-bottom: 5px;\">\u2795 Funko POP compatibles<\/div>\n<details style=\"margin: 0;\">\n<summary style=\"list-style: none; cursor: pointer; color: #004085; font-size: 14px; text-decoration: underline;\"><span style=\"font-size: 15px;\">Ver la lista completa\u00a0<\/span><\/summary>\n<div>\n<p>\u2022 Funko POP Matterhorn Bobsleds Attraction and Donald Duck #88<br data-start=\"165\" data-end=\"168\" \/>\u2022 Funko POP Baby with Dean SDCC #32<br data-start=\"203\" data-end=\"206\" \/>\u2022 Funko POP Jurassic Park &#8211; Park Vehicle Jeep #39<br data-start=\"255\" data-end=\"258\" \/>\u2022 Funko POP Ice Cube in Impala #81<br data-start=\"292\" data-end=\"295\" data-is-only-node=\"\" \/>\u2022 Funko POP Jake Car with Finn #14<br data-start=\"329\" data-end=\"332\" \/>\u2022 Funko POP Dale Earnhardt with car #100<br data-start=\"372\" data-end=\"375\" \/>\u2022 Funko POP Matterhorn Bobsled and Abominable Snowman Disney Park #65<br data-start=\"444\" data-end=\"447\" \/>\u2022 Funko POP Skeletor on Panthor #98<br data-start=\"482\" data-end=\"485\" \/>\u2022 Funko POP Deadpool (w Chimichanga Truck) #10<br data-start=\"531\" data-end=\"534\" \/>\u2022 Funko POP Disney Skyliner and Mickey Mouse Disney Parks #70<br data-start=\"595\" data-end=\"598\" \/>\u2022 Funko POP Baby with Sam Hot Topic #46<br data-start=\"637\" data-end=\"640\" \/>\u2022 Funko POP The Crystal Ship #9<br data-start=\"671\" data-end=\"674\" \/>\u2022 Funko POP Muttley (in Mean Machine) Toy Tokyo #11<br data-start=\"725\" data-end=\"728\" \/>\u2022 Funko POP Jon Snow with Rhaegal #67<br data-start=\"765\" data-end=\"768\" \/>\u2022 Funko POP Matterhorn Bobsleds Attraction and Mickey Mouse NYCC #66<br data-start=\"836\" data-end=\"839\" \/>\u2022 Funko POP Phil Coulson (w Lola) #12<br data-start=\"876\" data-end=\"879\" \/>\u2022 Funko POP Jurassic Park &#8211; Park Vehicle Jeep #39<br data-start=\"928\" data-end=\"931\" \/>\u2022 Funko POP Deadpool (w Chimichanga Truck) (Grey) SDCC #10<br data-start=\"989\" data-end=\"992\" \/>\u2022 Funko POP Baby with Sam (Chase) Hot Topic #46<br data-start=\"1039\" data-end=\"1042\" \/>\u2022 Funko POP Ant-Man &amp; Ant-thony #13<br data-start=\"1077\" data-end=\"1080\" \/>\u2022 Funko POP Ghost Rider Blacklight Funko Shop #33<br data-start=\"1129\" data-end=\"1132\" \/>\u2022 Funko POP The Flintmobile (With Dino) Funko Shop #28<br data-start=\"1186\" data-end=\"1189\" \/>\u2022 Funko POP Great White Shark w\/diving tank #759<br data-start=\"1237\" data-end=\"1240\" \/>\u2022 Funko POP Speed Racer with Mach 5 #75<br data-start=\"1279\" data-end=\"1282\" \/>\u2022 Funko POP Tucker Bug ECCC #842<br data-start=\"1314\" data-end=\"1317\" \/>\u2022 Funko POP He-Man on Battle Cat (NOT FLOCKED) #84<br data-start=\"1367\" data-end=\"1370\" \/>\u2022 Funko POP Night King &amp; Icy Viserion #58<br data-start=\"1411\" data-end=\"1414\" \/>\u2022 Funko POP Carl &amp; Ellie Painting NYCC #979<br data-start=\"1457\" data-end=\"1460\" \/>\u2022 Funko POP Splash Mountain Log Flume Disney #47<br data-start=\"1508\" data-end=\"1511\" \/>\u2022 Funko POP Dom Toretto (In Charger) #17<br data-start=\"1551\" data-end=\"1554\" \/>\u2022 Funko POP Ant-Man &amp; Ant-thony #13<br data-start=\"1589\" data-end=\"1592\" \/>\u2022 Funko POP Jake Car with Finn #14<br data-start=\"1626\" data-end=\"1629\" \/>\u2022 Funko POP Disney Skyliner and Mickey Mouse Disney Parks #70<br data-start=\"1690\" data-end=\"1693\" \/>\u2022 Funko POP Mad Max Rick #37<br data-start=\"1721\" data-end=\"1724\" \/>\u2022 Funko POP Matterhorn Bobsleds Attraction and Donald Duck #88<br data-start=\"1786\" data-end=\"1789\" \/>\u2022 Funko POP Wizard King on Fell Beast #63<br data-start=\"1830\" data-end=\"1833\" \/>\u2022 Funko POP Great White Shark #758<br data-start=\"1867\" data-end=\"1870\" \/>\u2022 Funko POP Merryn &#8211; (in Submarine) GameStop #18<br data-start=\"1918\" data-end=\"1921\" \/>\u2022 Funko POP Deadpool (w Chimichanga Truck) (Red) NYCC #10<br data-start=\"1978\" data-end=\"1981\" \/>\u2022 Funko POP Woody with RC #56<br data-start=\"2010\" data-end=\"2013\" \/>\u2022 Funko POP Clark Griswold with Station Wagon Walmart #90<br data-start=\"2070\" data-end=\"2073\" \/>\u2022 Funko POP Mewtwo #583 (Target)<\/p>\n<p>\u2014 Lista no exhaustiva \u2014<\/p>\n<\/div>\n<\/details>\n<\/div>","protected":false},"excerpt":{"rendered":"<p>\ud83d\udee1\ufe0f Protecteur Funko Pop \u2013 Movie Moment \u2013 0.50mm Prot\u00e8ge et mets en valeur tes figurines Funko Pop Movie Moment gr\u00e2ce \u00e0 notre protecteur en PET transparent 0.50 mm, sp\u00e9cialement con\u00e7u pour offrir une protection maximale. Nos protections pour Funko POP sont le choix n\u00b01 pour pr\u00e9server la valeur et l\u2019\u00e9tat d\u2019origine de ta collection! [&hellip;]<\/p>","protected":false},"featured_media":7028,"comment_status":"open","ping_status":"closed","template":"","meta":{"_acf_changed":false},"product_brand":[],"product_cat":[27],"product_tag":[],"class_list":{"0":"post-6500","1":"product","2":"type-product","3":"status-publish","4":"has-post-thumbnail","6":"product_cat-soft","8":"first","9":"instock","10":"shipping-taxable","11":"purchasable","12":"product-type-simple"},"acf":[],"yoast_head":"<!-- This site is optimized with the Yoast SEO Premium plugin v26.3 (Yoast SEO v26.3) - https:\/\/yoast.com\/wordpress\/plugins\/seo\/ -->\n<title>Movie Moment \u2013 0.50mm \u2013 Funko POP Protector - Funko POP Protectors<\/title>\n<meta name=\"description\" content=\"Prot\u00e8ge ta figurine Funko Pop MOVIE avec ce protecteur! R\u00e9sistant aux chocs, aux rayures et aux UV ne le rate pas! Ach\u00e8te d\u00e8s maintenant! Prix imbattable!\" \/>\n<meta name=\"robots\" content=\"index, follow, max-snippet:-1, max-image-preview:large, max-video-preview:-1\" \/>\n<link rel=\"canonical\" href=\"https:\/\/funkoprotectors.com\/es\/product\/movie-moment-0-50mm-funko-pop-protector\/\" \/>\n<meta property=\"og:locale\" content=\"es_ES\" \/>\n<meta property=\"og:type\" content=\"article\" \/>\n<meta property=\"og:title\" content=\"Movie Moment \u2013 0.50mm \u2013 Funko POP Protector\" \/>\n<meta property=\"og:description\" content=\"Prot\u00e9gez votre collection Funko POP avec nos protecteurs premium. Plus de 20 mod\u00e8les disponibles : hardstack et souples. Qualit\u00e9 garantie et livraison rapide. Achetez la meilleure protection pour vos figurines !\" \/>\n<meta property=\"og:url\" content=\"https:\/\/funkoprotectors.com\/es\/product\/movie-moment-0-50mm-funko-pop-protector\/\" \/>\n<meta property=\"og:site_name\" content=\"Funko POP Protectors\" \/>\n<meta property=\"article:modified_time\" content=\"2025-11-30T14:20:29+00:00\" \/>\n<meta property=\"og:image\" content=\"https:\/\/funkoprotectors.com\/wp-content\/uploads\/2025\/11\/funko-pop-protector-MOVIE-MOMENT-50.webp\" \/>\n\t<meta property=\"og:image:width\" content=\"800\" \/>\n\t<meta property=\"og:image:height\" content=\"800\" \/>\n\t<meta property=\"og:image:type\" content=\"image\/webp\" \/>\n<meta name=\"twitter:card\" content=\"summary_large_image\" \/>\n<meta name=\"twitter:label1\" content=\"Precio\" \/>\n\t<meta name=\"twitter:data1\" content=\"4.35&nbsp;&euro;\" \/>\n\t<meta name=\"twitter:label2\" content=\"Disponibilidad\" \/>\n\t<meta name=\"twitter:data2\" content=\"Disponible\" \/>\n<script type=\"application\/ld+json\" class=\"yoast-schema-graph\">{\"@context\":\"https:\/\/schema.org\",\"@graph\":[{\"@type\":\"WebPage\",\"@id\":\"https:\/\/funkoprotectors.com\/en\/product\/movie-moment-0-50mm-funko-pop-protector\/\",\"url\":\"https:\/\/funkoprotectors.com\/en\/product\/movie-moment-0-50mm-funko-pop-protector\/\",\"name\":\"Movie Moment \u2013 0.50mm \u2013 Funko POP Protector - Funko POP Protectors\",\"isPartOf\":{\"@id\":\"https:\/\/funkoprotectors.com\/pt\/#website\"},\"primaryImageOfPage\":{\"@id\":\"https:\/\/funkoprotectors.com\/en\/product\/movie-moment-0-50mm-funko-pop-protector\/#primaryimage\"},\"image\":{\"@id\":\"https:\/\/funkoprotectors.com\/en\/product\/movie-moment-0-50mm-funko-pop-protector\/#primaryimage\"},\"thumbnailUrl\":\"https:\/\/funkoprotectors.com\/wp-content\/uploads\/2025\/11\/funko-pop-protector-MOVIE-MOMENT-50.webp\",\"datePublished\":\"2025-11-01T19:48:19+00:00\",\"dateModified\":\"2025-11-30T14:20:29+00:00\",\"description\":\"Prot\u00e8ge ta figurine Funko Pop MOVIE avec ce protecteur! R\u00e9sistant aux chocs, aux rayures et aux UV ne le rate pas! Ach\u00e8te d\u00e8s maintenant! Prix imbattable!\",\"breadcrumb\":{\"@id\":\"https:\/\/funkoprotectors.com\/en\/product\/movie-moment-0-50mm-funko-pop-protector\/#breadcrumb\"},\"inLanguage\":\"es\",\"potentialAction\":[{\"@type\":\"ReadAction\",\"target\":[\"https:\/\/funkoprotectors.com\/en\/product\/movie-moment-0-50mm-funko-pop-protector\/\"]}]},{\"@type\":\"ImageObject\",\"inLanguage\":\"es\",\"@id\":\"https:\/\/funkoprotectors.com\/en\/product\/movie-moment-0-50mm-funko-pop-protector\/#primaryimage\",\"url\":\"https:\/\/funkoprotectors.com\/wp-content\/uploads\/2025\/11\/funko-pop-protector-MOVIE-MOMENT-50.webp\",\"contentUrl\":\"https:\/\/funkoprotectors.com\/wp-content\/uploads\/2025\/11\/funko-pop-protector-MOVIE-MOMENT-50.webp\",\"width\":800,\"height\":800,\"caption\":\"Protecteur Funko Pop movie moment carl ellie\"},{\"@type\":\"BreadcrumbList\",\"@id\":\"https:\/\/funkoprotectors.com\/en\/product\/movie-moment-0-50mm-funko-pop-protector\/#breadcrumb\",\"itemListElement\":[{\"@type\":\"ListItem\",\"position\":1,\"name\":\"Home\",\"item\":\"https:\/\/funkoprotectors.com\/\"},{\"@type\":\"ListItem\",\"position\":2,\"name\":\"Shop\",\"item\":\"https:\/\/funkoprotectors.com\/pt\/shop\/\"},{\"@type\":\"ListItem\",\"position\":3,\"name\":\"Movie Moment \u2013 0.50mm \u2013 Funko POP Protector\"}]},{\"@type\":\"WebSite\",\"@id\":\"https:\/\/funkoprotectors.com\/pt\/#website\",\"url\":\"https:\/\/funkoprotectors.com\/pt\/\",\"name\":\"Protecteurs Funko POP\",\"description\":\"Protecteurs Premium pour Funko POP!\",\"publisher\":{\"@id\":\"https:\/\/funkoprotectors.com\/pt\/#organization\"},\"alternateName\":\"Funko POP Protectors\",\"potentialAction\":[{\"@type\":\"SearchAction\",\"target\":{\"@type\":\"EntryPoint\",\"urlTemplate\":\"https:\/\/funkoprotectors.com\/pt\/?s={search_term_string}\"},\"query-input\":{\"@type\":\"PropertyValueSpecification\",\"valueRequired\":true,\"valueName\":\"search_term_string\"}}],\"inLanguage\":\"es\"},{\"@type\":\"Organization\",\"@id\":\"https:\/\/funkoprotectors.com\/pt\/#organization\",\"name\":\"Protecteurs Funko POP\",\"alternateName\":\"Funko POP Protectors\",\"url\":\"https:\/\/funkoprotectors.com\/pt\/\",\"logo\":{\"@type\":\"ImageObject\",\"inLanguage\":\"es\",\"@id\":\"https:\/\/funkoprotectors.com\/pt\/#\/schema\/logo\/image\/\",\"url\":\"https:\/\/funkoprotectors.com\/wp-content\/uploads\/2025\/11\/web-app-manifest-512x512-1.png\",\"contentUrl\":\"https:\/\/funkoprotectors.com\/wp-content\/uploads\/2025\/11\/web-app-manifest-512x512-1.png\",\"width\":512,\"height\":512,\"caption\":\"Protecteurs Funko POP\"},\"image\":{\"@id\":\"https:\/\/funkoprotectors.com\/pt\/#\/schema\/logo\/image\/\"},\"description\":\"Prot\u00e9gez votre collection Funko POP avec nos protecteurs premium. Plus de 20 mod\u00e8les disponibles : hardstack et souples. Qualit\u00e9 garantie et livraison rapide. Achetez la meilleure protection pour vos figurines !\"}]}<\/script>\n<meta property=\"product:price:amount\" content=\"4.35\" \/>\n<meta property=\"product:price:currency\" content=\"EUR\" \/>\n<meta property=\"og:availability\" content=\"instock\" \/>\n<meta property=\"product:availability\" content=\"instock\" \/>\n<meta property=\"product:condition\" content=\"new\" \/>\n<!-- \/ Yoast SEO Premium plugin. -->","yoast_head_json":{"title":"Movie Moment \u2013 0.50mm \u2013 Funko POP Protector - Funko POP Protectors","description":"Prot\u00e8ge ta figurine Funko Pop MOVIE avec ce protecteur! R\u00e9sistant aux chocs, aux rayures et aux UV ne le rate pas! Ach\u00e8te d\u00e8s maintenant! Prix imbattable!","robots":{"index":"index","follow":"follow","max-snippet":"max-snippet:-1","max-image-preview":"max-image-preview:large","max-video-preview":"max-video-preview:-1"},"canonical":"https:\/\/funkoprotectors.com\/es\/product\/movie-moment-0-50mm-funko-pop-protector\/","og_locale":"es_ES","og_type":"article","og_title":"Movie Moment \u2013 0.50mm \u2013 Funko POP Protector","og_description":"Prot\u00e9gez votre collection Funko POP avec nos protecteurs premium. Plus de 20 mod\u00e8les disponibles : hardstack et souples. Qualit\u00e9 garantie et livraison rapide. Achetez la meilleure protection pour vos figurines !","og_url":"https:\/\/funkoprotectors.com\/es\/product\/movie-moment-0-50mm-funko-pop-protector\/","og_site_name":"Funko POP Protectors","article_modified_time":"2025-11-30T14:20:29+00:00","og_image":[{"width":800,"height":800,"url":"https:\/\/funkoprotectors.com\/wp-content\/uploads\/2025\/11\/funko-pop-protector-MOVIE-MOMENT-50.webp","type":"image\/webp"}],"twitter_card":"summary_large_image","twitter_misc":{"Precio":"4.35&nbsp;&euro;","Disponibilidad":"Disponible"},"schema":{"@context":"https:\/\/schema.org","@graph":[{"@type":"WebPage","@id":"https:\/\/funkoprotectors.com\/en\/product\/movie-moment-0-50mm-funko-pop-protector\/","url":"https:\/\/funkoprotectors.com\/en\/product\/movie-moment-0-50mm-funko-pop-protector\/","name":"Movie Moment \u2013 0.50mm \u2013 Funko POP Protector - Funko POP Protectors","isPartOf":{"@id":"https:\/\/funkoprotectors.com\/pt\/#website"},"primaryImageOfPage":{"@id":"https:\/\/funkoprotectors.com\/en\/product\/movie-moment-0-50mm-funko-pop-protector\/#primaryimage"},"image":{"@id":"https:\/\/funkoprotectors.com\/en\/product\/movie-moment-0-50mm-funko-pop-protector\/#primaryimage"},"thumbnailUrl":"https:\/\/funkoprotectors.com\/wp-content\/uploads\/2025\/11\/funko-pop-protector-MOVIE-MOMENT-50.webp","datePublished":"2025-11-01T19:48:19+00:00","dateModified":"2025-11-30T14:20:29+00:00","description":"Prot\u00e8ge ta figurine Funko Pop MOVIE avec ce protecteur! R\u00e9sistant aux chocs, aux rayures et aux UV ne le rate pas! Ach\u00e8te d\u00e8s maintenant! Prix imbattable!","breadcrumb":{"@id":"https:\/\/funkoprotectors.com\/en\/product\/movie-moment-0-50mm-funko-pop-protector\/#breadcrumb"},"inLanguage":"es","potentialAction":[{"@type":"ReadAction","target":["https:\/\/funkoprotectors.com\/en\/product\/movie-moment-0-50mm-funko-pop-protector\/"]}]},{"@type":"ImageObject","inLanguage":"es","@id":"https:\/\/funkoprotectors.com\/en\/product\/movie-moment-0-50mm-funko-pop-protector\/#primaryimage","url":"https:\/\/funkoprotectors.com\/wp-content\/uploads\/2025\/11\/funko-pop-protector-MOVIE-MOMENT-50.webp","contentUrl":"https:\/\/funkoprotectors.com\/wp-content\/uploads\/2025\/11\/funko-pop-protector-MOVIE-MOMENT-50.webp","width":800,"height":800,"caption":"Protecteur Funko Pop movie moment carl ellie"},{"@type":"BreadcrumbList","@id":"https:\/\/funkoprotectors.com\/en\/product\/movie-moment-0-50mm-funko-pop-protector\/#breadcrumb","itemListElement":[{"@type":"ListItem","position":1,"name":"Home","item":"https:\/\/funkoprotectors.com\/"},{"@type":"ListItem","position":2,"name":"Shop","item":"https:\/\/funkoprotectors.com\/pt\/shop\/"},{"@type":"ListItem","position":3,"name":"Movie Moment \u2013 0.50mm \u2013 Funko POP Protector"}]},{"@type":"WebSite","@id":"https:\/\/funkoprotectors.com\/pt\/#website","url":"https:\/\/funkoprotectors.com\/pt\/","name":"Protecteurs Funko POP","description":"Protecteurs Premium pour Funko POP!","publisher":{"@id":"https:\/\/funkoprotectors.com\/pt\/#organization"},"alternateName":"Funko POP Protectors","potentialAction":[{"@type":"SearchAction","target":{"@type":"EntryPoint","urlTemplate":"https:\/\/funkoprotectors.com\/pt\/?s={search_term_string}"},"query-input":{"@type":"PropertyValueSpecification","valueRequired":true,"valueName":"search_term_string"}}],"inLanguage":"es"},{"@type":"Organization","@id":"https:\/\/funkoprotectors.com\/pt\/#organization","name":"Protecteurs Funko POP","alternateName":"Funko POP Protectors","url":"https:\/\/funkoprotectors.com\/pt\/","logo":{"@type":"ImageObject","inLanguage":"es","@id":"https:\/\/funkoprotectors.com\/pt\/#\/schema\/logo\/image\/","url":"https:\/\/funkoprotectors.com\/wp-content\/uploads\/2025\/11\/web-app-manifest-512x512-1.png","contentUrl":"https:\/\/funkoprotectors.com\/wp-content\/uploads\/2025\/11\/web-app-manifest-512x512-1.png","width":512,"height":512,"caption":"Protecteurs Funko POP"},"image":{"@id":"https:\/\/funkoprotectors.com\/pt\/#\/schema\/logo\/image\/"},"description":"Prot\u00e9gez votre collection Funko POP avec nos protecteurs premium. Plus de 20 mod\u00e8les disponibles : hardstack et souples. Qualit\u00e9 garantie et livraison rapide. Achetez la meilleure protection pour vos figurines !"}]},"product_price_amount":"4.35","product_price_currency":"EUR","og_availability":"instock","product_availability":"instock","product_condition":"new"},"_links":{"self":[{"href":"https:\/\/funkoprotectors.com\/es\/wp-json\/wp\/v2\/product\/6500","targetHints":{"allow":["GET"]}}],"collection":[{"href":"https:\/\/funkoprotectors.com\/es\/wp-json\/wp\/v2\/product"}],"about":[{"href":"https:\/\/funkoprotectors.com\/es\/wp-json\/wp\/v2\/types\/product"}],"replies":[{"embeddable":true,"href":"https:\/\/funkoprotectors.com\/es\/wp-json\/wp\/v2\/comments?post=6500"}],"wp:featuredmedia":[{"embeddable":true,"href":"https:\/\/funkoprotectors.com\/es\/wp-json\/wp\/v2\/media\/7028"}],"wp:attachment":[{"href":"https:\/\/funkoprotectors.com\/es\/wp-json\/wp\/v2\/media?parent=6500"}],"wp:term":[{"taxonomy":"product_brand","embeddable":true,"href":"https:\/\/funkoprotectors.com\/es\/wp-json\/wp\/v2\/product_brand?post=6500"},{"taxonomy":"product_cat","embeddable":true,"href":"https:\/\/funkoprotectors.com\/es\/wp-json\/wp\/v2\/product_cat?post=6500"},{"taxonomy":"product_tag","embeddable":true,"href":"https:\/\/funkoprotectors.com\/es\/wp-json\/wp\/v2\/product_tag?post=6500"}],"curies":[{"name":"wp","href":"https:\/\/api.w.org\/{rel}","templated":true}]}}