{"id":7036,"date":"2025-11-08T15:42:25","date_gmt":"2025-11-08T15:42:25","guid":{"rendered":"https:\/\/funkoprotectors.com\/?post_type=product&#038;p=7036"},"modified":"2025-11-30T14:20:29","modified_gmt":"2025-11-30T14:20:29","slug":"funko-pop-protector-keychain","status":"publish","type":"product","link":"https:\/\/funkoprotectors.com\/es\/product\/funko-pop-protector-keychain\/","title":{"rendered":"Keychain \u2013 0.50mm \u2013 Protector Funko POP"},"content":{"rendered":"<h4 data-start=\"359\" data-end=\"439\">\ud83d\udee1\ufe0f Protector Funko Pop \u2013 Keychain \u2013 0.50mm<\/h4>\n<p data-start=\"441\" data-end=\"698\">Protege y realza tus figuras Funko Pop Keychain gracias a nuestro protector de PET transparente de 0.50 mm, dise\u00f1ado espec\u00edficamente para ofrecer la m\u00e1xima protecci\u00f3n.<\/p>\n<p data-start=\"441\" data-end=\"698\" class=\" translation-block\">Nuestros protectores para Funko POP son la <strong data-start=\"724\" data-end=\"757\">opci\u00f3n n.\u00ba 1 <\/strong>para preservar el valor y el estado original de tu colecci\u00f3n!<\/p>\n<ul style=\"list-style-type: none; padding: 0; margin: 0;\">\n<li style=\"margin-bottom: 0;\" class=\" translation-block\">\u2705 <strong data-start=\"2349\" data-end=\"2367\">Montaje r\u00e1pido<\/strong> gracias al fondo autobloqueante<\/li>\n<li style=\"margin-bottom: 0;\" class=\" translation-block\">\u2705 <strong data-start=\"2402\" data-end=\"2428\">Compatibilidad perfecta<\/strong> con los Funko Pop Keychain<\/li>\n<li class=\" translation-block\">\u2705 <strong data-start=\"2282\" data-end=\"2305\">Protecci\u00f3n \u00f3ptima<\/strong> contra golpes, polvo, humedad y rayos UV<\/li>\n<li><\/li>\n<\/ul>\n<hr data-start=\"1625\" data-end=\"1628\" \/>\n<h4 data-start=\"2739\" data-end=\"2770\">\ud83d\udce6 Detalles adicionales<\/h4>\n<ul>\n<li>Produto entregue plano, f\u00e1cil de dobrar e montar<\/li>\n<li>Pel\u00edcula protectora a retirar antes de usar<\/li>\n<li>Las figuras Funko Pop mostradas en las fotos no est\u00e1n incluidas<\/li>\n<\/ul>\n<hr data-start=\"1625\" data-end=\"1628\" \/>\n<h4 data-start=\"2739\" data-end=\"2770\">\ud83d\ude9a Env\u00edo y entrega<\/h4>\n<p>Todos los pedidos se env\u00edan en 24\/48h y se entregan entre 24h y 7 d\u00edas\u00a0 \u00a0<img decoding=\"async\" class=\"alignnone wp-image-6351\" src=\"https:\/\/funkoprotectors.com\/wp-content\/uploads\/2025\/11\/tpswhite.webp\" alt=\"\" width=\"305\" height=\"57\" \/><\/p>\n<hr data-start=\"1625\" data-end=\"1628\" \/>\n<div style=\"background-color: #e6f7ff; border: 1px solid #b3e0ff; padding: 10px; border-radius: 4px;\">\n<div style=\"font-weight: bold; color: #004085; font-size: 16px; margin-bottom: 5px;\">\u2795 Funko POP compatibles<\/div>\n<details style=\"margin: 0;\">\n<summary style=\"list-style: none; cursor: pointer; color: #004085; font-size: 14px; text-decoration: underline;\"><span style=\"font-size: 15px;\">Ver la lista completa\u00a0<\/span><\/summary>\n<div>\n<p>&nbsp;<\/p>\n<\/div>\n<\/details>\n<\/div>","protected":false},"excerpt":{"rendered":"<p>\ud83d\udee1\ufe0f Protecteur Funko Pop \u2013 Keychain \u2013 0.50mm Prot\u00e8ge et mets en valeur tes figurines Funko Pop Keychain gr\u00e2ce \u00e0 notre protecteur en PET transparent 0.50 mm, sp\u00e9cialement con\u00e7u pour offrir une protection maximale. Nos protections pour Funko POP sont le choix n\u00b01 pour pr\u00e9server la valeur et l\u2019\u00e9tat d\u2019origine de ta collection! \u2705 Montage [&hellip;]<\/p>","protected":false},"featured_media":7026,"comment_status":"open","ping_status":"closed","template":"","meta":{"_acf_changed":false},"product_brand":[],"product_cat":[27],"product_tag":[],"class_list":{"0":"post-7036","1":"product","2":"type-product","3":"status-publish","4":"has-post-thumbnail","6":"product_cat-soft","8":"first","9":"outofstock","10":"shipping-taxable","11":"purchasable","12":"product-type-simple"},"acf":[],"yoast_head":"<!-- This site is optimized with the Yoast SEO Premium plugin v26.3 (Yoast SEO v26.3) - https:\/\/yoast.com\/wordpress\/plugins\/seo\/ -->\n<title>Keychain \u2013 0.50mm \u2013 Funko POP Protector - Funko POP Protectors<\/title>\n<meta name=\"description\" content=\"Le protecteur pour Funko Pop Keychain! Ultra-transparent pour une visibilit\u00e9 parfaite, r\u00e9sistant aux chocs et aux UV. Ne le cachez plus, prot\u00e9gez-le!\" \/>\n<meta name=\"robots\" content=\"index, follow, max-snippet:-1, max-image-preview:large, max-video-preview:-1\" \/>\n<link rel=\"canonical\" href=\"https:\/\/funkoprotectors.com\/es\/product\/funko-pop-protector-keychain\/\" \/>\n<meta property=\"og:locale\" content=\"es_ES\" \/>\n<meta property=\"og:type\" content=\"article\" \/>\n<meta property=\"og:title\" content=\"Keychain \u2013 0.50mm \u2013 Funko POP Protector\" \/>\n<meta property=\"og:description\" content=\"Prot\u00e9gez votre collection Funko POP avec nos protecteurs premium. Plus de 20 mod\u00e8les disponibles : hardstack et souples. Qualit\u00e9 garantie et livraison rapide. Achetez la meilleure protection pour vos figurines !\" \/>\n<meta property=\"og:url\" content=\"https:\/\/funkoprotectors.com\/es\/product\/funko-pop-protector-keychain\/\" \/>\n<meta property=\"og:site_name\" content=\"Funko POP Protectors\" \/>\n<meta property=\"article:modified_time\" content=\"2025-11-30T14:20:29+00:00\" \/>\n<meta property=\"og:image\" content=\"https:\/\/funkoprotectors.com\/wp-content\/uploads\/2025\/11\/funko-pop-protector-KEYCHAIN.webp\" \/>\n\t<meta property=\"og:image:width\" content=\"800\" \/>\n\t<meta property=\"og:image:height\" content=\"800\" \/>\n\t<meta property=\"og:image:type\" content=\"image\/webp\" \/>\n<meta name=\"twitter:card\" content=\"summary_large_image\" \/>\n<meta name=\"twitter:label1\" content=\"Precio\" \/>\n\t<meta name=\"twitter:data1\" content=\"1.60&nbsp;&euro;\" \/>\n\t<meta name=\"twitter:label2\" content=\"Disponibilidad\" \/>\n\t<meta name=\"twitter:data2\" content=\"Sin existencias\" \/>\n<script type=\"application\/ld+json\" class=\"yoast-schema-graph\">{\"@context\":\"https:\/\/schema.org\",\"@graph\":[{\"@type\":\"WebPage\",\"@id\":\"https:\/\/funkoprotectors.com\/de\/product\/funko-pop-protector-keychain\/\",\"url\":\"https:\/\/funkoprotectors.com\/de\/product\/funko-pop-protector-keychain\/\",\"name\":\"Keychain \u2013 0.50mm \u2013 Funko POP Protector - Funko POP Protectors\",\"isPartOf\":{\"@id\":\"https:\/\/funkoprotectors.com\/pt\/#website\"},\"primaryImageOfPage\":{\"@id\":\"https:\/\/funkoprotectors.com\/de\/product\/funko-pop-protector-keychain\/#primaryimage\"},\"image\":{\"@id\":\"https:\/\/funkoprotectors.com\/de\/product\/funko-pop-protector-keychain\/#primaryimage\"},\"thumbnailUrl\":\"https:\/\/funkoprotectors.com\/wp-content\/uploads\/2025\/11\/funko-pop-protector-KEYCHAIN.webp\",\"datePublished\":\"2025-11-08T15:42:25+00:00\",\"dateModified\":\"2025-11-30T14:20:29+00:00\",\"description\":\"Le protecteur pour Funko Pop Keychain! Ultra-transparent pour une visibilit\u00e9 parfaite, r\u00e9sistant aux chocs et aux UV. Ne le cachez plus, prot\u00e9gez-le!\",\"breadcrumb\":{\"@id\":\"https:\/\/funkoprotectors.com\/de\/product\/funko-pop-protector-keychain\/#breadcrumb\"},\"inLanguage\":\"es\",\"potentialAction\":[{\"@type\":\"ReadAction\",\"target\":[\"https:\/\/funkoprotectors.com\/de\/product\/funko-pop-protector-keychain\/\"]}]},{\"@type\":\"ImageObject\",\"inLanguage\":\"es\",\"@id\":\"https:\/\/funkoprotectors.com\/de\/product\/funko-pop-protector-keychain\/#primaryimage\",\"url\":\"https:\/\/funkoprotectors.com\/wp-content\/uploads\/2025\/11\/funko-pop-protector-KEYCHAIN.webp\",\"contentUrl\":\"https:\/\/funkoprotectors.com\/wp-content\/uploads\/2025\/11\/funko-pop-protector-KEYCHAIN.webp\",\"width\":800,\"height\":800,\"caption\":\"funk pop protecteur keychain\"},{\"@type\":\"BreadcrumbList\",\"@id\":\"https:\/\/funkoprotectors.com\/de\/product\/funko-pop-protector-keychain\/#breadcrumb\",\"itemListElement\":[{\"@type\":\"ListItem\",\"position\":1,\"name\":\"Home\",\"item\":\"https:\/\/funkoprotectors.com\/\"},{\"@type\":\"ListItem\",\"position\":2,\"name\":\"Shop\",\"item\":\"https:\/\/funkoprotectors.com\/pt\/shop\/\"},{\"@type\":\"ListItem\",\"position\":3,\"name\":\"Keychain \u2013 0.50mm \u2013 Funko POP Protector\"}]},{\"@type\":\"WebSite\",\"@id\":\"https:\/\/funkoprotectors.com\/pt\/#website\",\"url\":\"https:\/\/funkoprotectors.com\/pt\/\",\"name\":\"Protecteurs Funko POP\",\"description\":\"Protecteurs Premium pour Funko POP!\",\"publisher\":{\"@id\":\"https:\/\/funkoprotectors.com\/pt\/#organization\"},\"alternateName\":\"Funko POP Protectors\",\"potentialAction\":[{\"@type\":\"SearchAction\",\"target\":{\"@type\":\"EntryPoint\",\"urlTemplate\":\"https:\/\/funkoprotectors.com\/pt\/?s={search_term_string}\"},\"query-input\":{\"@type\":\"PropertyValueSpecification\",\"valueRequired\":true,\"valueName\":\"search_term_string\"}}],\"inLanguage\":\"es\"},{\"@type\":\"Organization\",\"@id\":\"https:\/\/funkoprotectors.com\/pt\/#organization\",\"name\":\"Protecteurs Funko POP\",\"alternateName\":\"Funko POP Protectors\",\"url\":\"https:\/\/funkoprotectors.com\/pt\/\",\"logo\":{\"@type\":\"ImageObject\",\"inLanguage\":\"es\",\"@id\":\"https:\/\/funkoprotectors.com\/pt\/#\/schema\/logo\/image\/\",\"url\":\"https:\/\/funkoprotectors.com\/wp-content\/uploads\/2025\/11\/web-app-manifest-512x512-1.png\",\"contentUrl\":\"https:\/\/funkoprotectors.com\/wp-content\/uploads\/2025\/11\/web-app-manifest-512x512-1.png\",\"width\":512,\"height\":512,\"caption\":\"Protecteurs Funko POP\"},\"image\":{\"@id\":\"https:\/\/funkoprotectors.com\/pt\/#\/schema\/logo\/image\/\"},\"description\":\"Prot\u00e9gez votre collection Funko POP avec nos protecteurs premium. Plus de 20 mod\u00e8les disponibles : hardstack et souples. Qualit\u00e9 garantie et livraison rapide. Achetez la meilleure protection pour vos figurines !\"}]}<\/script>\n<meta property=\"product:price:amount\" content=\"1.60\" \/>\n<meta property=\"product:price:currency\" content=\"EUR\" \/>\n<meta property=\"og:availability\" content=\"out of stock\" \/>\n<meta property=\"product:availability\" content=\"out of stock\" \/>\n<meta property=\"product:condition\" content=\"new\" \/>\n<!-- \/ Yoast SEO Premium plugin. -->","yoast_head_json":{"title":"Keychain \u2013 0.50mm \u2013 Funko POP Protector - Funko POP Protectors","description":"Le protecteur pour Funko Pop Keychain! Ultra-transparent pour une visibilit\u00e9 parfaite, r\u00e9sistant aux chocs et aux UV. Ne le cachez plus, prot\u00e9gez-le!","robots":{"index":"index","follow":"follow","max-snippet":"max-snippet:-1","max-image-preview":"max-image-preview:large","max-video-preview":"max-video-preview:-1"},"canonical":"https:\/\/funkoprotectors.com\/es\/product\/funko-pop-protector-keychain\/","og_locale":"es_ES","og_type":"article","og_title":"Keychain \u2013 0.50mm \u2013 Funko POP Protector","og_description":"Prot\u00e9gez votre collection Funko POP avec nos protecteurs premium. Plus de 20 mod\u00e8les disponibles : hardstack et souples. Qualit\u00e9 garantie et livraison rapide. Achetez la meilleure protection pour vos figurines !","og_url":"https:\/\/funkoprotectors.com\/es\/product\/funko-pop-protector-keychain\/","og_site_name":"Funko POP Protectors","article_modified_time":"2025-11-30T14:20:29+00:00","og_image":[{"width":800,"height":800,"url":"https:\/\/funkoprotectors.com\/wp-content\/uploads\/2025\/11\/funko-pop-protector-KEYCHAIN.webp","type":"image\/webp"}],"twitter_card":"summary_large_image","twitter_misc":{"Precio":"1.60&nbsp;&euro;","Disponibilidad":"Sin existencias"},"schema":{"@context":"https:\/\/schema.org","@graph":[{"@type":"WebPage","@id":"https:\/\/funkoprotectors.com\/de\/product\/funko-pop-protector-keychain\/","url":"https:\/\/funkoprotectors.com\/de\/product\/funko-pop-protector-keychain\/","name":"Keychain \u2013 0.50mm \u2013 Funko POP Protector - Funko POP Protectors","isPartOf":{"@id":"https:\/\/funkoprotectors.com\/pt\/#website"},"primaryImageOfPage":{"@id":"https:\/\/funkoprotectors.com\/de\/product\/funko-pop-protector-keychain\/#primaryimage"},"image":{"@id":"https:\/\/funkoprotectors.com\/de\/product\/funko-pop-protector-keychain\/#primaryimage"},"thumbnailUrl":"https:\/\/funkoprotectors.com\/wp-content\/uploads\/2025\/11\/funko-pop-protector-KEYCHAIN.webp","datePublished":"2025-11-08T15:42:25+00:00","dateModified":"2025-11-30T14:20:29+00:00","description":"Le protecteur pour Funko Pop Keychain! Ultra-transparent pour une visibilit\u00e9 parfaite, r\u00e9sistant aux chocs et aux UV. Ne le cachez plus, prot\u00e9gez-le!","breadcrumb":{"@id":"https:\/\/funkoprotectors.com\/de\/product\/funko-pop-protector-keychain\/#breadcrumb"},"inLanguage":"es","potentialAction":[{"@type":"ReadAction","target":["https:\/\/funkoprotectors.com\/de\/product\/funko-pop-protector-keychain\/"]}]},{"@type":"ImageObject","inLanguage":"es","@id":"https:\/\/funkoprotectors.com\/de\/product\/funko-pop-protector-keychain\/#primaryimage","url":"https:\/\/funkoprotectors.com\/wp-content\/uploads\/2025\/11\/funko-pop-protector-KEYCHAIN.webp","contentUrl":"https:\/\/funkoprotectors.com\/wp-content\/uploads\/2025\/11\/funko-pop-protector-KEYCHAIN.webp","width":800,"height":800,"caption":"funk pop protecteur keychain"},{"@type":"BreadcrumbList","@id":"https:\/\/funkoprotectors.com\/de\/product\/funko-pop-protector-keychain\/#breadcrumb","itemListElement":[{"@type":"ListItem","position":1,"name":"Home","item":"https:\/\/funkoprotectors.com\/"},{"@type":"ListItem","position":2,"name":"Shop","item":"https:\/\/funkoprotectors.com\/pt\/shop\/"},{"@type":"ListItem","position":3,"name":"Keychain \u2013 0.50mm \u2013 Funko POP Protector"}]},{"@type":"WebSite","@id":"https:\/\/funkoprotectors.com\/pt\/#website","url":"https:\/\/funkoprotectors.com\/pt\/","name":"Protecteurs Funko POP","description":"Protecteurs Premium pour Funko POP!","publisher":{"@id":"https:\/\/funkoprotectors.com\/pt\/#organization"},"alternateName":"Funko POP Protectors","potentialAction":[{"@type":"SearchAction","target":{"@type":"EntryPoint","urlTemplate":"https:\/\/funkoprotectors.com\/pt\/?s={search_term_string}"},"query-input":{"@type":"PropertyValueSpecification","valueRequired":true,"valueName":"search_term_string"}}],"inLanguage":"es"},{"@type":"Organization","@id":"https:\/\/funkoprotectors.com\/pt\/#organization","name":"Protecteurs Funko POP","alternateName":"Funko POP Protectors","url":"https:\/\/funkoprotectors.com\/pt\/","logo":{"@type":"ImageObject","inLanguage":"es","@id":"https:\/\/funkoprotectors.com\/pt\/#\/schema\/logo\/image\/","url":"https:\/\/funkoprotectors.com\/wp-content\/uploads\/2025\/11\/web-app-manifest-512x512-1.png","contentUrl":"https:\/\/funkoprotectors.com\/wp-content\/uploads\/2025\/11\/web-app-manifest-512x512-1.png","width":512,"height":512,"caption":"Protecteurs Funko POP"},"image":{"@id":"https:\/\/funkoprotectors.com\/pt\/#\/schema\/logo\/image\/"},"description":"Prot\u00e9gez votre collection Funko POP avec nos protecteurs premium. Plus de 20 mod\u00e8les disponibles : hardstack et souples. Qualit\u00e9 garantie et livraison rapide. Achetez la meilleure protection pour vos figurines !"}]},"product_price_amount":"1.60","product_price_currency":"EUR","og_availability":"out of stock","product_availability":"out of stock","product_condition":"new"},"_links":{"self":[{"href":"https:\/\/funkoprotectors.com\/es\/wp-json\/wp\/v2\/product\/7036","targetHints":{"allow":["GET"]}}],"collection":[{"href":"https:\/\/funkoprotectors.com\/es\/wp-json\/wp\/v2\/product"}],"about":[{"href":"https:\/\/funkoprotectors.com\/es\/wp-json\/wp\/v2\/types\/product"}],"replies":[{"embeddable":true,"href":"https:\/\/funkoprotectors.com\/es\/wp-json\/wp\/v2\/comments?post=7036"}],"wp:featuredmedia":[{"embeddable":true,"href":"https:\/\/funkoprotectors.com\/es\/wp-json\/wp\/v2\/media\/7026"}],"wp:attachment":[{"href":"https:\/\/funkoprotectors.com\/es\/wp-json\/wp\/v2\/media?parent=7036"}],"wp:term":[{"taxonomy":"product_brand","embeddable":true,"href":"https:\/\/funkoprotectors.com\/es\/wp-json\/wp\/v2\/product_brand?post=7036"},{"taxonomy":"product_cat","embeddable":true,"href":"https:\/\/funkoprotectors.com\/es\/wp-json\/wp\/v2\/product_cat?post=7036"},{"taxonomy":"product_tag","embeddable":true,"href":"https:\/\/funkoprotectors.com\/es\/wp-json\/wp\/v2\/product_tag?post=7036"}],"curies":[{"name":"wp","href":"https:\/\/api.w.org\/{rel}","templated":true}]}}