{"id":6494,"date":"2025-11-01T19:34:41","date_gmt":"2025-11-01T19:34:41","guid":{"rendered":"https:\/\/funkoprotectors.com\/?post_type=product&#038;p=6494"},"modified":"2025-11-30T14:20:29","modified_gmt":"2025-11-30T14:20:29","slug":"funko-pop-protector-2pack","status":"publish","type":"product","link":"https:\/\/funkoprotectors.com\/it\/product\/funko-pop-protector-2pack\/","title":{"rendered":"2Pack \u2013 0.50mm \u2013 Protettore Funko POP"},"content":{"rendered":"<h4 data-start=\"359\" data-end=\"439\">\ud83d\udee1\ufe0f Protettore Funko Pop \u2013 2Pack \u2013 0.35mm<\/h4>\n<p data-start=\"441\" data-end=\"698\">Proteggi e metti in risalto le tue statuette Funko Pop grazie al nostro protettore 3pack in PET trasparente da 0.35 mm, appositamente progettato per offrire la massima protezione.<\/p>\n<p data-start=\"441\" data-end=\"698\" class=\" translation-block\">Le nostre protezioni per Funko POP sono la <strong data-start=\"724\" data-end=\"757\">scelta n. 1 <\/strong>per preservare il valore e lo stato originale della tua collezione!<\/p>\n<ul style=\"list-style-type: none; padding: 0; margin: 0;\">\n<li style=\"margin-bottom: 0;\" class=\" translation-block\">\u2705 <strong data-start=\"2349\" data-end=\"2367\">Assemblaggio rapido<\/strong> grazie al fondo autobloccante<\/li>\n<li style=\"margin-bottom: 0;\" class=\" translation-block\">\u2705 <strong data-start=\"2402\" data-end=\"2428\">Compatibilit\u00e0 perfetta<\/strong> con le Funko Pop 2Pack<\/li>\n<li class=\" translation-block\">\u2705 <strong data-start=\"2282\" data-end=\"2305\">Protezione ottimale<\/strong> contro urti, polvere, umidit\u00e0 e raggi UV<\/li>\n<li><\/li>\n<\/ul>\n<hr data-start=\"1625\" data-end=\"1628\" \/>\n<h4 data-start=\"2739\" data-end=\"2770\">\ud83d\udce6 Dettagli aggiuntivi<\/h4>\n<ul>\n<li>Prodotto spedito piatto, facile da piegare e montare<\/li>\n<li>Pellicola protettiva da rimuovere prima dell'uso<\/li>\n<li>Le statuette Funko Pop mostrate nelle foto non sono incluse<\/li>\n<\/ul>\n<hr data-start=\"1625\" data-end=\"1628\" \/>\n<h4 data-start=\"2739\" data-end=\"2770\">\ud83d\ude9a Spedizione e consegna<\/h4>\n<p>Tutti gli ordini vengono spediti entro 24\/48 ore e consegnati tra le 24 ore e i 7 giorni\u00a0 \u00a0<img decoding=\"async\" class=\"alignnone wp-image-6351\" src=\"https:\/\/funkoprotectors.com\/wp-content\/uploads\/2025\/11\/tpswhite.webp\" alt=\"\" width=\"305\" height=\"57\" \/><\/p>\n<hr data-start=\"1625\" data-end=\"1628\" \/>\n<div style=\"background-color: #e6f7ff; border: 1px solid #b3e0ff; padding: 10px; border-radius: 4px;\">\n<div style=\"font-weight: bold; color: #004085; font-size: 16px; margin-bottom: 5px;\">\u2795 Funko POP compatibili<\/div>\n<details style=\"margin: 0;\">\n<summary style=\"list-style: none; cursor: pointer; color: #004085; font-size: 14px; text-decoration: underline;\"><span style=\"font-size: 15px;\">Visualizza l'elenco completo\u00a0<\/span><\/summary>\n<div>\n<p>\u2022 Funko POP The Joker\/Harley Quinn Metallic (FYE) 2-Pack<br data-start=\"170\" data-end=\"173\" \/>\u2022 Funko POP Baby Niffler 2-Pack<br data-start=\"204\" data-end=\"207\" \/>\u2022 Funko POP Buffy &amp; Faith (NYCC) 2-Pack<br data-start=\"246\" data-end=\"249\" \/>\u2022 Funko POP Dennis Nedry &amp; Dilophosaurus (Entertainment Earth) 2-Pack<br data-start=\"318\" data-end=\"321\" data-is-only-node=\"\" \/>\u2022 Funko POP Captain America vs Iron Man (Marvel CC) 2-Pack<br data-start=\"379\" data-end=\"382\" \/>\u2022 Funko POP The Grady Twins (Target) 2-Pack<br data-start=\"425\" data-end=\"428\" \/>\u2022 Funko POP Fred &amp; Barney Color (Red Hair) (SDCC) 2-Pack<br data-start=\"484\" data-end=\"487\" \/>\u2022 Funko POP Rocket(Blue &amp; Purple) vs Megaman(Black &amp; Gold) (GameStop) 2-Pack<br data-start=\"563\" data-end=\"566\" \/>\u2022 Funko POP Romeo and Juliet (Target) 2-Pack<br data-start=\"610\" data-end=\"613\" \/>\u2022 Funko POP Aku &amp; Samurai Jack (NYCC) 2-Pack<br data-start=\"657\" data-end=\"660\" \/>\u2022 Funko POP Shadow &amp; Amy Flocked (Target Con) 2-Pack<br data-start=\"712\" data-end=\"715\" \/>\u2022 Funko POP Harry &amp; Voldemort (FYE) 2-Pack<br data-start=\"757\" data-end=\"760\" \/>\u2022 Funko POP Captain Marvel vs Chun-Li 2-Pack<br data-start=\"804\" data-end=\"807\" \/>\u2022 Funko POP Durotan &amp; Orgrim (FYE) 2-Pack<br data-start=\"848\" data-end=\"851\" \/>\u2022 Funko POP BB-8 &amp; BB-9E (Best Buy) 2-Pack<br data-start=\"893\" data-end=\"896\" \/>\u2022 Funko POP Ultron vs Sigma 2-Pack<br data-start=\"930\" data-end=\"933\" \/>\u2022 Funko POP Hulk &amp; Thanos (Barnes &amp; Noble) 2-Pack<br data-start=\"982\" data-end=\"985\" \/>\u2022 Funko POP Jollibee on Delivery Bike #90 (Jollibee Stores) Pop! Rides<br data-start=\"1055\" data-end=\"1058\" \/>\u2022 Funko POP Jean &amp; Tom (ECCC) 2-Pack<br data-start=\"1094\" data-end=\"1097\" \/>\u2022 Funko POP Buffy &amp; Angel (SDCC, Toy Tokyo) 2-Pack<br data-start=\"1147\" data-end=\"1150\" \/>\u2022 Funko POP The Wet Bandits (Best Buy) 2-Pack<br data-start=\"1195\" data-end=\"1198\" \/>\u2022 Funko POP Chip (w Dale) (Flocked) (SDCC) 2-Pack<br data-start=\"1247\" data-end=\"1250\" \/>\u2022 Funko POP Vegan Police (SDCC) 2-Pack<br data-start=\"1288\" data-end=\"1291\" \/>\u2022 Funko POP Daenerys (Mhysa) &amp; Drogon (Metallic) 2-Pack<br data-start=\"1346\" data-end=\"1349\" \/>\u2022 Funko POP GoT \u2013 Khal and Khaleesi (Think Geek) 2-Pack<br data-start=\"1404\" data-end=\"1407\" \/>\u2022 Funko POP Magilla Gorilla and Mr. Peebles (NYCC) 2-Pack<br data-start=\"1464\" data-end=\"1467\" \/>\u2022 Funko POP Batman-Bullseye Zebra (Hot Topic) 2-Pack<br data-start=\"1519\" data-end=\"1522\" \/>\u2022 Funko POP Clark &amp; Ed (FYE) 2-Pack<br data-start=\"1557\" data-end=\"1560\" \/>\u2022 Funko POP Katayanagi Twins (NYCC) 2-Pack<br data-start=\"1602\" data-end=\"1605\" \/>\u2022 Funko POP Freddy &amp; Foxy 2-Pack<br data-start=\"1637\" data-end=\"1640\" \/>\u2022 Funko POP Scooby &amp; Shaggy (FYE) 2-Pack<br data-start=\"1680\" data-end=\"1683\" \/>\u2022 Funko POP Zero and Gustave (ECCC) 2-Pack<br data-start=\"1725\" data-end=\"1728\" \/>\u2022 Funko POP Han &amp; Chewbacca Chained (Smugglers Bounty) 2-Pack<br data-start=\"1789\" data-end=\"1792\" \/>\u2022 Funko POP Ariel &amp; Ursula (Metallic) (SDCC) 2-Pack<br data-start=\"1843\" data-end=\"1846\" \/>\u2022 Funko POP Toby vs Michael 2-Pack<br data-start=\"1880\" data-end=\"1883\" \/>\u2022 Funko POP Fred &amp; George Weasley (Books a Million) 2-Pack<br data-start=\"1941\" data-end=\"1944\" \/>\u2022 Funko POP Kermit &amp; Constantine (Hottopic) 2-Pack<br data-start=\"1994\" data-end=\"1997\" \/>\u2022 Funko POP Chip &amp; Dale 2-Pack<br data-start=\"2027\" data-end=\"2030\" \/>\u2022 Funko POP Goten &amp; Trunks Fusion (Box Lunch, Funimation) 2-Pack<br data-start=\"2094\" data-end=\"2097\" \/>\u2022 Funko POP Frog Brothers (Funko Shop) 2-Pack<br data-start=\"2142\" data-end=\"2145\" \/>\u2022 Funko POP Spider-Man vs. Spider-Man (Entertainment Earth) 2-Pack<br data-start=\"2211\" data-end=\"2214\" \/>\u2022 Funko POP Shadow &amp; Super Shadow GITD (Gamestop) 2-Pack<br data-start=\"2270\" data-end=\"2273\" \/>\u2022 Funko POP Rose and Jack (Target) 2-Pack<br data-start=\"2314\" data-end=\"2317\" \/>\u2022 Funko POP The Mandalorian &amp; IG-11 (Barnes &amp; Noble) 2-Pack<br data-start=\"2376\" data-end=\"2379\" \/>\u2022 Funko POP Bluntman &amp; Chronic (NYCC) 2-Pack<br data-start=\"2423\" data-end=\"2426\" \/>\u2022 Funko POP D-0 &amp; BB-8 (Books a Million) 2-Pack<br data-start=\"2473\" data-end=\"2476\" \/>\u2022 Funko POP Maleficent &amp; Evil Queen 2-Pack<br data-start=\"2518\" data-end=\"2521\" \/>\u2022 Funko POP Batman vs Superman (SDCC) 2-Pack<br data-start=\"2565\" data-end=\"2568\" \/>\u2022 Funko POP Green Hornet &amp; Kato (1960) (SDCC, Toy Tokyo) 2-Pack<br data-start=\"2631\" data-end=\"2634\" \/>\u2022 Funko POP Ariel &amp; Eric (Disney Treasures) 2-Pack<br data-start=\"2684\" data-end=\"2687\" \/>\u2022 Funko POP Gohan &amp; Piccolo (Funimation) 2-Pack<br data-start=\"2734\" data-end=\"2737\" \/>\u2022 Funko POP Wonder Women &amp; Steve Trevor (FYE) 2-Pack<br data-start=\"2789\" data-end=\"2792\" \/>\u2022 Funko POP Cruella &amp; Ursula (Hot Topic) 2-Pack<br data-start=\"2839\" data-end=\"2842\" \/>\u2022 Funko POP Baby and Johnny (Target) 2-Pack<br data-start=\"2885\" data-end=\"2888\" \/>\u2022 Funko POP Negan &amp; Carl (Books a Million) 2-Pack<br data-start=\"2937\" data-end=\"2940\" \/>\u2022 Funko POP Fry &amp; Leela (NYCC) 2-Pack<br data-start=\"2977\" data-end=\"2980\" \/>\u2022 Funko POP Lex Luger and Sting (FYE) 2-Pack<br data-start=\"3024\" data-end=\"3027\" \/>\u2022 Funko POP Batman and Aquaman (FYE) 2-Pack<br data-start=\"3070\" data-end=\"3073\" \/>\u2022 Funko POP Hardy Boyz 2-Pack<br data-start=\"3102\" data-end=\"3105\" \/>\u2022 Funko POP Ariel &amp; Ursula 2-Pack<br data-start=\"3138\" data-end=\"3141\" \/>\u2022 Funko POP Hanzo and Genji (E3) 2-Pack<br data-start=\"3180\" data-end=\"3183\" \/>\u2022 Funko POP Fred &amp; Barney Color (Green &amp; Yellow Hair) (SDCC) 2-Pack<br data-start=\"3250\" data-end=\"3253\" \/>\u2022 Funko POP Praetorian Guards 2-Pack<br data-start=\"3289\" data-end=\"3292\" \/>\u2022 Funko POP Ric and Charlotte Flair Gold (Target) 2-Pack<br data-start=\"3348\" data-end=\"3351\" \/>\u2022 Funko POP The Grady Twins (Chase) (Target) 2-Pack<br data-start=\"3402\" data-end=\"3405\" \/>\u2022 Funko POP Carl &amp; Ellie (SDCC) 2-Pack<br data-start=\"3443\" data-end=\"3446\" \/>\u2022 Funko POP Batman vs Superman Metallic (ToysRus) 2-Pack<br data-start=\"3502\" data-end=\"3505\" \/>\u2022 Funko POP Stewart &amp; Roald (Gamestop) 2-Pack<br data-start=\"3550\" data-end=\"3553\" \/>\u2022 Funko POP Jan &amp; George Glass (NYCC) 2-Pack<br data-start=\"3597\" data-end=\"3600\" \/>\u2022 Funko POP Tiki Room 55th Anniversary (Disney Parks) 2-Pack<br data-start=\"3660\" data-end=\"3663\" \/>\u2022 Funko POP Sulley &amp; Mike 2-Pack<br data-start=\"3695\" data-end=\"3698\" \/>\u2022 Funko POP Iron Man &amp; Spiderman (Target) 2-Pack<br data-start=\"3746\" data-end=\"3749\" \/>\u2022 Funko POP Fred &amp; Barney Color (Blue Hair) (Gemini Collectibles) 2-Pack<br data-start=\"3821\" data-end=\"3824\" \/>\u2022 Funko POP Han Solo &amp; Princess Leia 2-Pack<br data-start=\"3867\" data-end=\"3870\" \/>\u2022 Funko POP Wayne and Garth (Hockey) (Target) 2-Pack<br data-start=\"3922\" data-end=\"3925\" \/>\u2022 Funko POP Magilla Gorilla and Mr. Peebles (Neon) (Funko Shop) 2-Pack<br data-start=\"3995\" data-end=\"3998\" \/>\u2022 Funko POP The Twins 2-Pack<br data-start=\"4026\" data-end=\"4029\" \/>\u2022 Funko POP Tommy and Chuckie (Books a Million) 2-Pack<br data-start=\"4083\" data-end=\"4086\" \/>\u2022 Funko POP Matthew Patel &amp; Demon Chick (SDCC) 2-Pack<br data-start=\"4139\" data-end=\"4142\" \/>\u2022 Funko POP Cam and Mitch (Target) 2-Pack<br data-start=\"4183\" data-end=\"4186\" \/>\u2022 Funko POP Fred &amp; Barney Color (Black &amp; Green Hair) (SDCC) 2-Pack<br data-start=\"4252\" data-end=\"4255\" \/>\u2022 Funko POP Olaf and Sven (Best Buy) 2-Pack<br data-start=\"4298\" data-end=\"4301\" \/>\u2022 Funko POP Scorpion &amp; Sub-zero (GameStop) 2-Pack<br data-start=\"4350\" data-end=\"4353\" \/>\u2022 Funko POP Batman vs Superman Green (Walmart) 2-Pack<br data-start=\"4406\" data-end=\"4409\" \/>\u2022 Funko POP Jollibee &amp; Hetty Spaghetti (Jollibee Stores) 2-Pack<br data-start=\"4472\" data-end=\"4475\" \/>\u2022 Funko POP Goku &amp; Vegeta (Baseball) (Box Lunch) 2-Pack<br data-start=\"4530\" data-end=\"4533\" \/>\u2022 Funko POP The Joker &amp; Bank Robber Joker (The Dark Knight) (Glow in the Dark) (Gemini Collectibles) 2-Pack<br data-start=\"4640\" data-end=\"4643\" \/>\u2022 Funko POP Captain Marvel (GR vs ) Chun-Li (RD) (Hot Topic) 2-Pack<br data-start=\"4710\" data-end=\"4713\" \/>\u2022 Funko POP Shohei Ohtani 2-Pack<br data-start=\"4745\" data-end=\"4748\" \/>\u2022 Funko POP Peter Parker\/Spiderman (Best Buy) 2-Pack<br data-start=\"4800\" data-end=\"4803\" \/>\u2022 Funko POP The Green Hornet and Kato (NYCC) 2-Pack<br data-start=\"4854\" data-end=\"4857\" \/>\u2022 Funko POP Shohei Ohtani (Alternate Uniform) (Fanatics) 2-Pack<br data-start=\"4920\" data-end=\"4923\" \/>\u2022 Funko POP Young Bucks 2-Pack<br data-start=\"4953\" data-end=\"4956\" \/>\u2022 Funko POP Taran &amp; Horned King (SDCC) 2-Pack<br data-start=\"5001\" data-end=\"5004\" \/>\u2022 Funko POP The Duffer Brothers (Hot Topic) 2-Pack<br data-start=\"5054\" data-end=\"5057\" \/>\u2022 Funko POP Enzo &amp; Cass (Walgreens) 2-Pack<\/p>\n<\/div>\n<p>&#8212; Liste non exhaustive &#8212;<\/p>\n<\/details>\n<\/div>","protected":false},"excerpt":{"rendered":"<p>\ud83d\udee1\ufe0f Protecteur Funko Pop \u2013 2Pack \u2013 0.35mm Prot\u00e8ge et mets en valeur tes figurines Funko Pop gr\u00e2ce \u00e0 notre protecteur en PET transparent 0.35 mm, sp\u00e9cialement con\u00e7u pour offrir une protection maximale. Nos protections pour Funko POP sont le choix n\u00b01 pour pr\u00e9server la valeur et l\u2019\u00e9tat d\u2019origine de ta collection! \u2705 Montage rapide [&hellip;]<\/p>","protected":false},"featured_media":7015,"comment_status":"open","ping_status":"closed","template":"","meta":{"_acf_changed":false},"product_brand":[],"product_cat":[27],"product_tag":[],"class_list":{"0":"post-6494","1":"product","2":"type-product","3":"status-publish","4":"has-post-thumbnail","6":"product_cat-soft","8":"first","9":"instock","10":"shipping-taxable","11":"purchasable","12":"product-type-simple"},"acf":[],"yoast_head":"<!-- This site is optimized with the Yoast SEO Premium plugin v26.3 (Yoast SEO v26.3) - https:\/\/yoast.com\/wordpress\/plugins\/seo\/ -->\n<title>2Pack \u2013 0.35mm \u2013 Funko POP Protector - Funko POP Protectors<\/title>\n<meta name=\"description\" content=\"Protecteurs 2-Pack Funko POP renforc\u00e9s contre les chocs et les UV. Bo\u00eetiers rigides avec ajustement parfait. Prot\u00e9gez vos 2 pack avec nos protecteurs!\" \/>\n<meta name=\"robots\" content=\"index, follow, max-snippet:-1, max-image-preview:large, max-video-preview:-1\" \/>\n<link rel=\"canonical\" href=\"https:\/\/funkoprotectors.com\/it\/product\/funko-pop-protector-2pack\/\" \/>\n<meta property=\"og:locale\" content=\"it_IT\" \/>\n<meta property=\"og:type\" content=\"article\" \/>\n<meta property=\"og:title\" content=\"2Pack \u2013 0.35mm \u2013 Funko POP Protector\" \/>\n<meta property=\"og:description\" content=\"Prot\u00e9gez votre collection Funko POP avec nos protecteurs premium. Plus de 20 mod\u00e8les disponibles : hardstack et souples. Qualit\u00e9 garantie et livraison rapide. Achetez la meilleure protection pour vos figurines !\" \/>\n<meta property=\"og:url\" content=\"https:\/\/funkoprotectors.com\/it\/product\/funko-pop-protector-2pack\/\" \/>\n<meta property=\"og:site_name\" content=\"Funko POP Protectors\" \/>\n<meta property=\"article:modified_time\" content=\"2025-11-30T14:20:29+00:00\" \/>\n<meta property=\"og:image\" content=\"https:\/\/funkoprotectors.com\/wp-content\/uploads\/2025\/11\/funko-pop-protector-2-PACK.webp\" \/>\n\t<meta property=\"og:image:width\" content=\"800\" \/>\n\t<meta property=\"og:image:height\" content=\"800\" \/>\n\t<meta property=\"og:image:type\" content=\"image\/webp\" \/>\n<meta name=\"twitter:card\" content=\"summary_large_image\" \/>\n<meta name=\"twitter:label1\" content=\"Prezzo\" \/>\n\t<meta name=\"twitter:data1\" content=\"2.35&nbsp;&euro;\" \/>\n\t<meta name=\"twitter:label2\" content=\"Disponibilit\u00e0\" \/>\n\t<meta name=\"twitter:data2\" content=\"In stock\" \/>\n<script type=\"application\/ld+json\" class=\"yoast-schema-graph\">{\"@context\":\"https:\/\/schema.org\",\"@graph\":[{\"@type\":\"WebPage\",\"@id\":\"https:\/\/funkoprotectors.com\/pt\/product\/funko-pop-protector-2pack\/\",\"url\":\"https:\/\/funkoprotectors.com\/pt\/product\/funko-pop-protector-2pack\/\",\"name\":\"2Pack \u2013 0.35mm \u2013 Funko POP Protector - Funko POP Protectors\",\"isPartOf\":{\"@id\":\"https:\/\/funkoprotectors.com\/pt\/#website\"},\"primaryImageOfPage\":{\"@id\":\"https:\/\/funkoprotectors.com\/pt\/product\/funko-pop-protector-2pack\/#primaryimage\"},\"image\":{\"@id\":\"https:\/\/funkoprotectors.com\/pt\/product\/funko-pop-protector-2pack\/#primaryimage\"},\"thumbnailUrl\":\"https:\/\/funkoprotectors.com\/wp-content\/uploads\/2025\/11\/funko-pop-protector-2-PACK.webp\",\"datePublished\":\"2025-11-01T19:34:41+00:00\",\"dateModified\":\"2025-11-30T14:20:29+00:00\",\"description\":\"Protecteurs 2-Pack Funko POP renforc\u00e9s contre les chocs et les UV. Bo\u00eetiers rigides avec ajustement parfait. Prot\u00e9gez vos 2 pack avec nos protecteurs!\",\"breadcrumb\":{\"@id\":\"https:\/\/funkoprotectors.com\/pt\/product\/funko-pop-protector-2pack\/#breadcrumb\"},\"inLanguage\":\"it-IT\",\"potentialAction\":[{\"@type\":\"ReadAction\",\"target\":[\"https:\/\/funkoprotectors.com\/pt\/product\/funko-pop-protector-2pack\/\"]}]},{\"@type\":\"ImageObject\",\"inLanguage\":\"it-IT\",\"@id\":\"https:\/\/funkoprotectors.com\/pt\/product\/funko-pop-protector-2pack\/#primaryimage\",\"url\":\"https:\/\/funkoprotectors.com\/wp-content\/uploads\/2025\/11\/funko-pop-protector-2-PACK.webp\",\"contentUrl\":\"https:\/\/funkoprotectors.com\/wp-content\/uploads\/2025\/11\/funko-pop-protector-2-PACK.webp\",\"width\":800,\"height\":800,\"caption\":\"Protecteur Funko Pop 2 pack\"},{\"@type\":\"BreadcrumbList\",\"@id\":\"https:\/\/funkoprotectors.com\/pt\/product\/funko-pop-protector-2pack\/#breadcrumb\",\"itemListElement\":[{\"@type\":\"ListItem\",\"position\":1,\"name\":\"Home\",\"item\":\"https:\/\/funkoprotectors.com\/\"},{\"@type\":\"ListItem\",\"position\":2,\"name\":\"Shop\",\"item\":\"https:\/\/funkoprotectors.com\/pt\/shop\/\"},{\"@type\":\"ListItem\",\"position\":3,\"name\":\"2Pack \u2013 0.35mm \u2013 Funko POP Protector\"}]},{\"@type\":\"WebSite\",\"@id\":\"https:\/\/funkoprotectors.com\/pt\/#website\",\"url\":\"https:\/\/funkoprotectors.com\/pt\/\",\"name\":\"Protecteurs Funko POP\",\"description\":\"Protecteurs Premium pour Funko POP!\",\"publisher\":{\"@id\":\"https:\/\/funkoprotectors.com\/pt\/#organization\"},\"alternateName\":\"Funko POP Protectors\",\"potentialAction\":[{\"@type\":\"SearchAction\",\"target\":{\"@type\":\"EntryPoint\",\"urlTemplate\":\"https:\/\/funkoprotectors.com\/pt\/?s={search_term_string}\"},\"query-input\":{\"@type\":\"PropertyValueSpecification\",\"valueRequired\":true,\"valueName\":\"search_term_string\"}}],\"inLanguage\":\"it-IT\"},{\"@type\":\"Organization\",\"@id\":\"https:\/\/funkoprotectors.com\/pt\/#organization\",\"name\":\"Protecteurs Funko POP\",\"alternateName\":\"Funko POP Protectors\",\"url\":\"https:\/\/funkoprotectors.com\/pt\/\",\"logo\":{\"@type\":\"ImageObject\",\"inLanguage\":\"it-IT\",\"@id\":\"https:\/\/funkoprotectors.com\/pt\/#\/schema\/logo\/image\/\",\"url\":\"https:\/\/funkoprotectors.com\/wp-content\/uploads\/2025\/11\/web-app-manifest-512x512-1.png\",\"contentUrl\":\"https:\/\/funkoprotectors.com\/wp-content\/uploads\/2025\/11\/web-app-manifest-512x512-1.png\",\"width\":512,\"height\":512,\"caption\":\"Protecteurs Funko POP\"},\"image\":{\"@id\":\"https:\/\/funkoprotectors.com\/pt\/#\/schema\/logo\/image\/\"},\"description\":\"Prot\u00e9gez votre collection Funko POP avec nos protecteurs premium. Plus de 20 mod\u00e8les disponibles : hardstack et souples. Qualit\u00e9 garantie et livraison rapide. Achetez la meilleure protection pour vos figurines !\"}]}<\/script>\n<meta property=\"product:price:amount\" content=\"2.35\" \/>\n<meta property=\"product:price:currency\" content=\"EUR\" \/>\n<meta property=\"og:availability\" content=\"instock\" \/>\n<meta property=\"product:availability\" content=\"instock\" \/>\n<meta property=\"product:condition\" content=\"new\" \/>\n<!-- \/ Yoast SEO Premium plugin. -->","yoast_head_json":{"title":"2Pack \u2013 0.35mm \u2013 Funko POP Protector - Funko POP Protectors","description":"Protecteurs 2-Pack Funko POP renforc\u00e9s contre les chocs et les UV. Bo\u00eetiers rigides avec ajustement parfait. Prot\u00e9gez vos 2 pack avec nos protecteurs!","robots":{"index":"index","follow":"follow","max-snippet":"max-snippet:-1","max-image-preview":"max-image-preview:large","max-video-preview":"max-video-preview:-1"},"canonical":"https:\/\/funkoprotectors.com\/it\/product\/funko-pop-protector-2pack\/","og_locale":"it_IT","og_type":"article","og_title":"2Pack \u2013 0.35mm \u2013 Funko POP Protector","og_description":"Prot\u00e9gez votre collection Funko POP avec nos protecteurs premium. Plus de 20 mod\u00e8les disponibles : hardstack et souples. Qualit\u00e9 garantie et livraison rapide. Achetez la meilleure protection pour vos figurines !","og_url":"https:\/\/funkoprotectors.com\/it\/product\/funko-pop-protector-2pack\/","og_site_name":"Funko POP Protectors","article_modified_time":"2025-11-30T14:20:29+00:00","og_image":[{"width":800,"height":800,"url":"https:\/\/funkoprotectors.com\/wp-content\/uploads\/2025\/11\/funko-pop-protector-2-PACK.webp","type":"image\/webp"}],"twitter_card":"summary_large_image","twitter_misc":{"Prezzo":"2.35&nbsp;&euro;","Disponibilit\u00e0":"In stock"},"schema":{"@context":"https:\/\/schema.org","@graph":[{"@type":"WebPage","@id":"https:\/\/funkoprotectors.com\/pt\/product\/funko-pop-protector-2pack\/","url":"https:\/\/funkoprotectors.com\/pt\/product\/funko-pop-protector-2pack\/","name":"2Pack \u2013 0.35mm \u2013 Funko POP Protector - Funko POP Protectors","isPartOf":{"@id":"https:\/\/funkoprotectors.com\/pt\/#website"},"primaryImageOfPage":{"@id":"https:\/\/funkoprotectors.com\/pt\/product\/funko-pop-protector-2pack\/#primaryimage"},"image":{"@id":"https:\/\/funkoprotectors.com\/pt\/product\/funko-pop-protector-2pack\/#primaryimage"},"thumbnailUrl":"https:\/\/funkoprotectors.com\/wp-content\/uploads\/2025\/11\/funko-pop-protector-2-PACK.webp","datePublished":"2025-11-01T19:34:41+00:00","dateModified":"2025-11-30T14:20:29+00:00","description":"Protecteurs 2-Pack Funko POP renforc\u00e9s contre les chocs et les UV. Bo\u00eetiers rigides avec ajustement parfait. Prot\u00e9gez vos 2 pack avec nos protecteurs!","breadcrumb":{"@id":"https:\/\/funkoprotectors.com\/pt\/product\/funko-pop-protector-2pack\/#breadcrumb"},"inLanguage":"it-IT","potentialAction":[{"@type":"ReadAction","target":["https:\/\/funkoprotectors.com\/pt\/product\/funko-pop-protector-2pack\/"]}]},{"@type":"ImageObject","inLanguage":"it-IT","@id":"https:\/\/funkoprotectors.com\/pt\/product\/funko-pop-protector-2pack\/#primaryimage","url":"https:\/\/funkoprotectors.com\/wp-content\/uploads\/2025\/11\/funko-pop-protector-2-PACK.webp","contentUrl":"https:\/\/funkoprotectors.com\/wp-content\/uploads\/2025\/11\/funko-pop-protector-2-PACK.webp","width":800,"height":800,"caption":"Protecteur Funko Pop 2 pack"},{"@type":"BreadcrumbList","@id":"https:\/\/funkoprotectors.com\/pt\/product\/funko-pop-protector-2pack\/#breadcrumb","itemListElement":[{"@type":"ListItem","position":1,"name":"Home","item":"https:\/\/funkoprotectors.com\/"},{"@type":"ListItem","position":2,"name":"Shop","item":"https:\/\/funkoprotectors.com\/pt\/shop\/"},{"@type":"ListItem","position":3,"name":"2Pack \u2013 0.35mm \u2013 Funko POP Protector"}]},{"@type":"WebSite","@id":"https:\/\/funkoprotectors.com\/pt\/#website","url":"https:\/\/funkoprotectors.com\/pt\/","name":"Protecteurs Funko POP","description":"Protecteurs Premium pour Funko POP!","publisher":{"@id":"https:\/\/funkoprotectors.com\/pt\/#organization"},"alternateName":"Funko POP Protectors","potentialAction":[{"@type":"SearchAction","target":{"@type":"EntryPoint","urlTemplate":"https:\/\/funkoprotectors.com\/pt\/?s={search_term_string}"},"query-input":{"@type":"PropertyValueSpecification","valueRequired":true,"valueName":"search_term_string"}}],"inLanguage":"it-IT"},{"@type":"Organization","@id":"https:\/\/funkoprotectors.com\/pt\/#organization","name":"Protecteurs Funko POP","alternateName":"Funko POP Protectors","url":"https:\/\/funkoprotectors.com\/pt\/","logo":{"@type":"ImageObject","inLanguage":"it-IT","@id":"https:\/\/funkoprotectors.com\/pt\/#\/schema\/logo\/image\/","url":"https:\/\/funkoprotectors.com\/wp-content\/uploads\/2025\/11\/web-app-manifest-512x512-1.png","contentUrl":"https:\/\/funkoprotectors.com\/wp-content\/uploads\/2025\/11\/web-app-manifest-512x512-1.png","width":512,"height":512,"caption":"Protecteurs Funko POP"},"image":{"@id":"https:\/\/funkoprotectors.com\/pt\/#\/schema\/logo\/image\/"},"description":"Prot\u00e9gez votre collection Funko POP avec nos protecteurs premium. Plus de 20 mod\u00e8les disponibles : hardstack et souples. Qualit\u00e9 garantie et livraison rapide. Achetez la meilleure protection pour vos figurines !"}]},"product_price_amount":"2.35","product_price_currency":"EUR","og_availability":"instock","product_availability":"instock","product_condition":"new"},"_links":{"self":[{"href":"https:\/\/funkoprotectors.com\/it\/wp-json\/wp\/v2\/product\/6494","targetHints":{"allow":["GET"]}}],"collection":[{"href":"https:\/\/funkoprotectors.com\/it\/wp-json\/wp\/v2\/product"}],"about":[{"href":"https:\/\/funkoprotectors.com\/it\/wp-json\/wp\/v2\/types\/product"}],"replies":[{"embeddable":true,"href":"https:\/\/funkoprotectors.com\/it\/wp-json\/wp\/v2\/comments?post=6494"}],"wp:featuredmedia":[{"embeddable":true,"href":"https:\/\/funkoprotectors.com\/it\/wp-json\/wp\/v2\/media\/7015"}],"wp:attachment":[{"href":"https:\/\/funkoprotectors.com\/it\/wp-json\/wp\/v2\/media?parent=6494"}],"wp:term":[{"taxonomy":"product_brand","embeddable":true,"href":"https:\/\/funkoprotectors.com\/it\/wp-json\/wp\/v2\/product_brand?post=6494"},{"taxonomy":"product_cat","embeddable":true,"href":"https:\/\/funkoprotectors.com\/it\/wp-json\/wp\/v2\/product_cat?post=6494"},{"taxonomy":"product_tag","embeddable":true,"href":"https:\/\/funkoprotectors.com\/it\/wp-json\/wp\/v2\/product_tag?post=6494"}],"curies":[{"name":"wp","href":"https:\/\/api.w.org\/{rel}","templated":true}]}}