{"id":6495,"date":"2025-11-01T19:36:48","date_gmt":"2025-11-01T19:36:48","guid":{"rendered":"https:\/\/funkoprotectors.com\/?post_type=product&#038;p=6495"},"modified":"2025-11-30T14:20:29","modified_gmt":"2025-11-30T14:20:29","slug":"funko-pop-protector-3pack","status":"publish","type":"product","link":"https:\/\/funkoprotectors.com\/pt\/product\/funko-pop-protector-3pack\/","title":{"rendered":"3Pack \u2013 0.50mm \u2013 Protetor Funko POP"},"content":{"rendered":"<h4 data-start=\"359\" data-end=\"439\">\ud83d\udee1\ufe0f Protecteur Funko Pop \u2013 3Pack \u2013 0.35mm<\/h4>\n<p data-start=\"441\" data-end=\"698\">Proteje e valoriza os teus Funko Pop com nosso protetor 3pack en PET transparente de 0.35 mm, especialmente concebido para oferecer prote\u00e7\u00e3o m\u00e1xima.<\/p>\n<p data-start=\"441\" data-end=\"698\" class=\" translation-block\">Os nossos protetores para Funko POP s\u00e3o a <strong data-start=\"724\" data-end=\"757\">escolha n.\u00ba 1 <\/strong>para preservar o valor e o estado original da tua cole\u00e7\u00e3o!<\/p>\n<ul style=\"list-style-type: none; padding: 0; margin: 0;\">\n<li style=\"margin-bottom: 0;\" class=\" translation-block\">\u2705 <strong data-start=\"2349\" data-end=\"2367\">Montagem r\u00e1pida<\/strong> gra\u00e7as ao fundo autobloqueante<\/li>\n<li style=\"margin-bottom: 0;\" class=\" translation-block\">\u2705 <strong data-start=\"2402\" data-end=\"2428\">Compatibilidade perfeita<\/strong> com os Funko Pop 3pack<\/li>\n<li class=\" translation-block\">\u2705 <strong data-start=\"2282\" data-end=\"2305\">Prote\u00e7\u00e3o ideal<\/strong> contra choques, poeira, humidade e raios UV<\/li>\n<li><\/li>\n<\/ul>\n<hr data-start=\"1625\" data-end=\"1628\" \/>\n<h4 data-start=\"2739\" data-end=\"2770\">\ud83d\udce6 Detalhes adicionais<\/h4>\n<ul>\n<li>Produto entregue plano, f\u00e1cil de dobrar e montar<\/li>\n<li>Pel\u00edcula protetora a ser removida antes da utiliza\u00e7\u00e3o<\/li>\n<li>Os Funko Pop apresentados nas fotos n\u00e3o est\u00e3o inclu\u00eddos<\/li>\n<\/ul>\n<hr data-start=\"1625\" data-end=\"1628\" \/>\n<h4 data-start=\"2739\" data-end=\"2770\">\ud83d\ude9a Envio e entrega<\/h4>\n<p>Todos os pedidos s\u00e3o enviados em 24h\/48h e entregues entre 24h e 7 dias\u00a0 \u00a0<img decoding=\"async\" class=\"alignnone wp-image-6351\" src=\"https:\/\/funkoprotectors.com\/wp-content\/uploads\/2025\/11\/tpswhite.webp\" alt=\"\" width=\"305\" height=\"57\" \/><\/p>\n<hr data-start=\"1625\" data-end=\"1628\" \/>\n<div style=\"background-color: #e6f7ff; border: 1px solid #b3e0ff; padding: 10px; border-radius: 4px;\">\n<div style=\"font-weight: bold; color: #004085; font-size: 16px; margin-bottom: 5px;\">\u2795 Funko POP compat\u00edveis<\/div>\n<details style=\"margin: 0;\">\n<summary style=\"list-style: none; cursor: pointer; color: #004085; font-size: 14px; text-decoration: underline;\"><span style=\"font-size: 15px;\">Ver a lista completa\u00a0<\/span><\/summary>\n<div>\n<p>\u2022 Funko POP Angel, Buffy &amp; Vampire Spike 3-pk (HMV)<br data-start=\"163\" data-end=\"166\" \/>\u2022 Funko POP Freddy Funko Nutcrackers 3-pk (Funko Shop)<br data-start=\"220\" data-end=\"223\" \/>\u2022 Funko POP GoT &#8211; Drogon, Rhaegal &amp; Viserion 3-pk<br data-start=\"272\" data-end=\"275\" \/>\u2022 Funko POP GoT &#8211; Khal, Khaleesi, &amp; Rhaegal 3-pk (HBO)<br data-start=\"329\" data-end=\"332\" data-is-only-node=\"\" \/>\u2022 Funko POP Harry Potter, Ron Weasley, &amp; Hermione Granger 3-pk<br data-start=\"394\" data-end=\"397\" \/>\u2022 Funko POP Rosie Yellow Pink Orange 3-pk (Funko Shop, SDCC)<br data-start=\"457\" data-end=\"460\" \/>\u2022 Funko POP Kingdom Hearts &#8211; Sora, Goofy &amp; Donald (Tron) 3-pk (GameStop)<br data-start=\"532\" data-end=\"535\" \/>\u2022 Funko POP Sora Goofy and Donald (Tron &#8211; Glow Chase) 3-pk (GameStop)<br data-start=\"604\" data-end=\"607\" \/>\u2022 Funko POP Stitch Angel &amp; Scrump 3-pk (Hot Topic)<br data-start=\"657\" data-end=\"660\" \/>\u2022 Funko POP Glitter DJ Pon 3 Dr Hooves Derpy 3-pk (Amazon)<br data-start=\"718\" data-end=\"721\" \/>\u2022 Funko POP Jack Sally and Oogie &#8211; Metallic 3-pk (D23 Expo)<br data-start=\"780\" data-end=\"783\" \/>\u2022 Funko POP Seahawks Legion of Boom 3-pk<br data-start=\"823\" data-end=\"826\" \/>\u2022 Funko POP Newton Olsen Kuechly 3-pk<br data-start=\"863\" data-end=\"866\" \/>\u2022 Funko POP NE Patriots &#8211; Edelman Brady Gronkoski (Retro) 3-pk<br data-start=\"928\" data-end=\"931\" \/>\u2022 Funko POP Sex Bob-Omb 3-pk (SDCC)<br data-start=\"966\" data-end=\"969\" \/>\u2022 Funko POP Greedo\/Hammerhead\/Walrus Man 3-pk (Walmart)<br data-start=\"1024\" data-end=\"1027\" \/>\u2022 Funko POP Tarful\/Unhooded Emperor\/Utapau Clone Trooper 3-pk (Walmart)<br data-start=\"1098\" data-end=\"1101\" \/>\u2022 Funko POP Supernatural &#8211; Sam, Dean &amp; Crowley (Bloody) 3-pk (NYCC)<br data-start=\"1168\" data-end=\"1171\" \/>\u2022 Funko POP Supernatural &#8211; Sam, Dean &amp; Crowley (Metallic &#8211; Bloody) 3-pk (NYCC)<br data-start=\"1249\" data-end=\"1252\" \/>\u2022 Funko POP True Blood &#8211; Bill Compton, Sookie Stackhouse, Eric Northman 3-pk (HMV)<br data-start=\"1334\" data-end=\"1337\" \/>\u2022 Funko POP Michonne (Muddy) &amp; Pets (Glow in the Dark) 3-pk (Px Previews)<br data-start=\"1410\" data-end=\"1413\" \/>\u2022 Funko POP Wonder Twins 3-pk (SDCC)<br data-start=\"1449\" data-end=\"1452\" \/>\u2022 Funko POP Big E \/ Xavier Woods \/ Kofi Kingston 3-pk (ToysRus)<br data-start=\"1515\" data-end=\"1518\" \/>\u2022 Funko POP The New Day 3-pk (FYE)<\/p>\n<p>\u2014 Lista n\u00e3o exaustiva \u2014<\/p>\n<\/div>\n<\/details>\n<\/div>","protected":false},"excerpt":{"rendered":"<p>\ud83d\udee1\ufe0f Protecteur Funko Pop \u2013 3Pack \u2013 0.35mm Prot\u00e8ge et mets en valeur tes figurines Funko Pop gr\u00e2ce \u00e0 notre protecteur en PET transparent 0.35 mm, sp\u00e9cialement con\u00e7u pour offrir une protection maximale. Nos protections pour Funko POP sont le choix n\u00b01 pour pr\u00e9server la valeur et l\u2019\u00e9tat d\u2019origine de ta collection! \u2705 Montage rapide [&hellip;]<\/p>","protected":false},"featured_media":7016,"comment_status":"open","ping_status":"closed","template":"","meta":{"_acf_changed":false},"product_brand":[],"product_cat":[27],"product_tag":[],"class_list":{"0":"post-6495","1":"product","2":"type-product","3":"status-publish","4":"has-post-thumbnail","6":"product_cat-soft","8":"first","9":"instock","10":"shipping-taxable","11":"purchasable","12":"product-type-simple"},"acf":[],"yoast_head":"<!-- This site is optimized with the Yoast SEO Premium plugin v26.3 (Yoast SEO v26.3) - https:\/\/yoast.com\/wordpress\/plugins\/seo\/ -->\n<title>3Pack \u2013 0.35mm \u2013 Funko POP Protector - Funko POP Protectors<\/title>\n<meta name=\"description\" content=\"Prot\u00e9gez votre collection Funko POP avec nos protecteurs premium. Plus de 20 mod\u00e8les disponibles : hardstack et souples. Qualit\u00e9 garantie! 3 pack protecteur\" \/>\n<meta name=\"robots\" content=\"index, follow, max-snippet:-1, max-image-preview:large, max-video-preview:-1\" \/>\n<link rel=\"canonical\" href=\"https:\/\/funkoprotectors.com\/pt\/product\/funko-pop-protector-3pack\/\" \/>\n<meta property=\"og:locale\" content=\"pt_PT\" \/>\n<meta property=\"og:type\" content=\"article\" \/>\n<meta property=\"og:title\" content=\"3Pack \u2013 0.35mm \u2013 Funko POP Protector\" \/>\n<meta property=\"og:description\" content=\"Prot\u00e9gez votre collection Funko POP avec nos protecteurs premium. Plus de 20 mod\u00e8les disponibles : hardstack et souples. Qualit\u00e9 garantie et livraison rapide. Achetez la meilleure protection pour vos figurines !\" \/>\n<meta property=\"og:url\" content=\"https:\/\/funkoprotectors.com\/pt\/product\/funko-pop-protector-3pack\/\" \/>\n<meta property=\"og:site_name\" content=\"Funko POP Protectors\" \/>\n<meta property=\"article:modified_time\" content=\"2025-11-30T14:20:29+00:00\" \/>\n<meta property=\"og:image\" content=\"https:\/\/funkoprotectors.com\/wp-content\/uploads\/2025\/11\/funko-pop-protector-3-PACK.webp\" \/>\n\t<meta property=\"og:image:width\" content=\"800\" \/>\n\t<meta property=\"og:image:height\" content=\"800\" \/>\n\t<meta property=\"og:image:type\" content=\"image\/webp\" \/>\n<meta name=\"twitter:card\" content=\"summary_large_image\" \/>\n<meta name=\"twitter:label1\" content=\"pre\u00e7o\" \/>\n\t<meta name=\"twitter:data1\" content=\"2.85&nbsp;&euro;\" \/>\n\t<meta name=\"twitter:label2\" content=\"Disponibilidade\" \/>\n\t<meta name=\"twitter:data2\" content=\"Em stock\" \/>\n<script type=\"application\/ld+json\" class=\"yoast-schema-graph\">{\"@context\":\"https:\/\/schema.org\",\"@graph\":[{\"@type\":\"WebPage\",\"@id\":\"https:\/\/funkoprotectors.com\/en\/product\/funko-pop-protector-3pack\/\",\"url\":\"https:\/\/funkoprotectors.com\/en\/product\/funko-pop-protector-3pack\/\",\"name\":\"3Pack \u2013 0.35mm \u2013 Funko POP Protector - Funko POP Protectors\",\"isPartOf\":{\"@id\":\"https:\/\/funkoprotectors.com\/pt\/#website\"},\"primaryImageOfPage\":{\"@id\":\"https:\/\/funkoprotectors.com\/en\/product\/funko-pop-protector-3pack\/#primaryimage\"},\"image\":{\"@id\":\"https:\/\/funkoprotectors.com\/en\/product\/funko-pop-protector-3pack\/#primaryimage\"},\"thumbnailUrl\":\"https:\/\/funkoprotectors.com\/wp-content\/uploads\/2025\/11\/funko-pop-protector-3-PACK.webp\",\"datePublished\":\"2025-11-01T19:36:48+00:00\",\"dateModified\":\"2025-11-30T14:20:29+00:00\",\"description\":\"Prot\u00e9gez votre collection Funko POP avec nos protecteurs premium. Plus de 20 mod\u00e8les disponibles : hardstack et souples. Qualit\u00e9 garantie! 3 pack protecteur\",\"breadcrumb\":{\"@id\":\"https:\/\/funkoprotectors.com\/en\/product\/funko-pop-protector-3pack\/#breadcrumb\"},\"inLanguage\":\"pt-PT\",\"potentialAction\":[{\"@type\":\"ReadAction\",\"target\":[\"https:\/\/funkoprotectors.com\/en\/product\/funko-pop-protector-3pack\/\"]}]},{\"@type\":\"ImageObject\",\"inLanguage\":\"pt-PT\",\"@id\":\"https:\/\/funkoprotectors.com\/en\/product\/funko-pop-protector-3pack\/#primaryimage\",\"url\":\"https:\/\/funkoprotectors.com\/wp-content\/uploads\/2025\/11\/funko-pop-protector-3-PACK.webp\",\"contentUrl\":\"https:\/\/funkoprotectors.com\/wp-content\/uploads\/2025\/11\/funko-pop-protector-3-PACK.webp\",\"width\":800,\"height\":800,\"caption\":\"Protecteur Funko Pop 3 pack\"},{\"@type\":\"BreadcrumbList\",\"@id\":\"https:\/\/funkoprotectors.com\/en\/product\/funko-pop-protector-3pack\/#breadcrumb\",\"itemListElement\":[{\"@type\":\"ListItem\",\"position\":1,\"name\":\"Home\",\"item\":\"https:\/\/funkoprotectors.com\/\"},{\"@type\":\"ListItem\",\"position\":2,\"name\":\"Shop\",\"item\":\"https:\/\/funkoprotectors.com\/pt\/shop\/\"},{\"@type\":\"ListItem\",\"position\":3,\"name\":\"3Pack \u2013 0.35mm \u2013 Funko POP Protector\"}]},{\"@type\":\"WebSite\",\"@id\":\"https:\/\/funkoprotectors.com\/pt\/#website\",\"url\":\"https:\/\/funkoprotectors.com\/pt\/\",\"name\":\"Protecteurs Funko POP\",\"description\":\"Protecteurs Premium pour Funko POP!\",\"publisher\":{\"@id\":\"https:\/\/funkoprotectors.com\/pt\/#organization\"},\"alternateName\":\"Funko POP Protectors\",\"potentialAction\":[{\"@type\":\"SearchAction\",\"target\":{\"@type\":\"EntryPoint\",\"urlTemplate\":\"https:\/\/funkoprotectors.com\/pt\/?s={search_term_string}\"},\"query-input\":{\"@type\":\"PropertyValueSpecification\",\"valueRequired\":true,\"valueName\":\"search_term_string\"}}],\"inLanguage\":\"pt-PT\"},{\"@type\":\"Organization\",\"@id\":\"https:\/\/funkoprotectors.com\/pt\/#organization\",\"name\":\"Protecteurs Funko POP\",\"alternateName\":\"Funko POP Protectors\",\"url\":\"https:\/\/funkoprotectors.com\/pt\/\",\"logo\":{\"@type\":\"ImageObject\",\"inLanguage\":\"pt-PT\",\"@id\":\"https:\/\/funkoprotectors.com\/pt\/#\/schema\/logo\/image\/\",\"url\":\"https:\/\/funkoprotectors.com\/wp-content\/uploads\/2025\/11\/web-app-manifest-512x512-1.png\",\"contentUrl\":\"https:\/\/funkoprotectors.com\/wp-content\/uploads\/2025\/11\/web-app-manifest-512x512-1.png\",\"width\":512,\"height\":512,\"caption\":\"Protecteurs Funko POP\"},\"image\":{\"@id\":\"https:\/\/funkoprotectors.com\/pt\/#\/schema\/logo\/image\/\"},\"description\":\"Prot\u00e9gez votre collection Funko POP avec nos protecteurs premium. Plus de 20 mod\u00e8les disponibles : hardstack et souples. Qualit\u00e9 garantie et livraison rapide. Achetez la meilleure protection pour vos figurines !\"}]}<\/script>\n<meta property=\"product:price:amount\" content=\"2.85\" \/>\n<meta property=\"product:price:currency\" content=\"EUR\" \/>\n<meta property=\"og:availability\" content=\"instock\" \/>\n<meta property=\"product:availability\" content=\"instock\" \/>\n<meta property=\"product:condition\" content=\"new\" \/>\n<!-- \/ Yoast SEO Premium plugin. -->","yoast_head_json":{"title":"3Pack \u2013 0.35mm \u2013 Funko POP Protector - Funko POP Protectors","description":"Prot\u00e9gez votre collection Funko POP avec nos protecteurs premium. Plus de 20 mod\u00e8les disponibles : hardstack et souples. Qualit\u00e9 garantie! 3 pack protecteur","robots":{"index":"index","follow":"follow","max-snippet":"max-snippet:-1","max-image-preview":"max-image-preview:large","max-video-preview":"max-video-preview:-1"},"canonical":"https:\/\/funkoprotectors.com\/pt\/product\/funko-pop-protector-3pack\/","og_locale":"pt_PT","og_type":"article","og_title":"3Pack \u2013 0.35mm \u2013 Funko POP Protector","og_description":"Prot\u00e9gez votre collection Funko POP avec nos protecteurs premium. Plus de 20 mod\u00e8les disponibles : hardstack et souples. Qualit\u00e9 garantie et livraison rapide. Achetez la meilleure protection pour vos figurines !","og_url":"https:\/\/funkoprotectors.com\/pt\/product\/funko-pop-protector-3pack\/","og_site_name":"Funko POP Protectors","article_modified_time":"2025-11-30T14:20:29+00:00","og_image":[{"width":800,"height":800,"url":"https:\/\/funkoprotectors.com\/wp-content\/uploads\/2025\/11\/funko-pop-protector-3-PACK.webp","type":"image\/webp"}],"twitter_card":"summary_large_image","twitter_misc":{"pre\u00e7o":"2.85&nbsp;&euro;","Disponibilidade":"Em stock"},"schema":{"@context":"https:\/\/schema.org","@graph":[{"@type":"WebPage","@id":"https:\/\/funkoprotectors.com\/en\/product\/funko-pop-protector-3pack\/","url":"https:\/\/funkoprotectors.com\/en\/product\/funko-pop-protector-3pack\/","name":"3Pack \u2013 0.35mm \u2013 Funko POP Protector - Funko POP Protectors","isPartOf":{"@id":"https:\/\/funkoprotectors.com\/pt\/#website"},"primaryImageOfPage":{"@id":"https:\/\/funkoprotectors.com\/en\/product\/funko-pop-protector-3pack\/#primaryimage"},"image":{"@id":"https:\/\/funkoprotectors.com\/en\/product\/funko-pop-protector-3pack\/#primaryimage"},"thumbnailUrl":"https:\/\/funkoprotectors.com\/wp-content\/uploads\/2025\/11\/funko-pop-protector-3-PACK.webp","datePublished":"2025-11-01T19:36:48+00:00","dateModified":"2025-11-30T14:20:29+00:00","description":"Prot\u00e9gez votre collection Funko POP avec nos protecteurs premium. Plus de 20 mod\u00e8les disponibles : hardstack et souples. Qualit\u00e9 garantie! 3 pack protecteur","breadcrumb":{"@id":"https:\/\/funkoprotectors.com\/en\/product\/funko-pop-protector-3pack\/#breadcrumb"},"inLanguage":"pt-PT","potentialAction":[{"@type":"ReadAction","target":["https:\/\/funkoprotectors.com\/en\/product\/funko-pop-protector-3pack\/"]}]},{"@type":"ImageObject","inLanguage":"pt-PT","@id":"https:\/\/funkoprotectors.com\/en\/product\/funko-pop-protector-3pack\/#primaryimage","url":"https:\/\/funkoprotectors.com\/wp-content\/uploads\/2025\/11\/funko-pop-protector-3-PACK.webp","contentUrl":"https:\/\/funkoprotectors.com\/wp-content\/uploads\/2025\/11\/funko-pop-protector-3-PACK.webp","width":800,"height":800,"caption":"Protecteur Funko Pop 3 pack"},{"@type":"BreadcrumbList","@id":"https:\/\/funkoprotectors.com\/en\/product\/funko-pop-protector-3pack\/#breadcrumb","itemListElement":[{"@type":"ListItem","position":1,"name":"Home","item":"https:\/\/funkoprotectors.com\/"},{"@type":"ListItem","position":2,"name":"Shop","item":"https:\/\/funkoprotectors.com\/pt\/shop\/"},{"@type":"ListItem","position":3,"name":"3Pack \u2013 0.35mm \u2013 Funko POP Protector"}]},{"@type":"WebSite","@id":"https:\/\/funkoprotectors.com\/pt\/#website","url":"https:\/\/funkoprotectors.com\/pt\/","name":"Protecteurs Funko POP","description":"Protecteurs Premium pour Funko POP!","publisher":{"@id":"https:\/\/funkoprotectors.com\/pt\/#organization"},"alternateName":"Funko POP Protectors","potentialAction":[{"@type":"SearchAction","target":{"@type":"EntryPoint","urlTemplate":"https:\/\/funkoprotectors.com\/pt\/?s={search_term_string}"},"query-input":{"@type":"PropertyValueSpecification","valueRequired":true,"valueName":"search_term_string"}}],"inLanguage":"pt-PT"},{"@type":"Organization","@id":"https:\/\/funkoprotectors.com\/pt\/#organization","name":"Protecteurs Funko POP","alternateName":"Funko POP Protectors","url":"https:\/\/funkoprotectors.com\/pt\/","logo":{"@type":"ImageObject","inLanguage":"pt-PT","@id":"https:\/\/funkoprotectors.com\/pt\/#\/schema\/logo\/image\/","url":"https:\/\/funkoprotectors.com\/wp-content\/uploads\/2025\/11\/web-app-manifest-512x512-1.png","contentUrl":"https:\/\/funkoprotectors.com\/wp-content\/uploads\/2025\/11\/web-app-manifest-512x512-1.png","width":512,"height":512,"caption":"Protecteurs Funko POP"},"image":{"@id":"https:\/\/funkoprotectors.com\/pt\/#\/schema\/logo\/image\/"},"description":"Prot\u00e9gez votre collection Funko POP avec nos protecteurs premium. Plus de 20 mod\u00e8les disponibles : hardstack et souples. Qualit\u00e9 garantie et livraison rapide. Achetez la meilleure protection pour vos figurines !"}]},"product_price_amount":"2.85","product_price_currency":"EUR","og_availability":"instock","product_availability":"instock","product_condition":"new"},"_links":{"self":[{"href":"https:\/\/funkoprotectors.com\/pt\/wp-json\/wp\/v2\/product\/6495","targetHints":{"allow":["GET"]}}],"collection":[{"href":"https:\/\/funkoprotectors.com\/pt\/wp-json\/wp\/v2\/product"}],"about":[{"href":"https:\/\/funkoprotectors.com\/pt\/wp-json\/wp\/v2\/types\/product"}],"replies":[{"embeddable":true,"href":"https:\/\/funkoprotectors.com\/pt\/wp-json\/wp\/v2\/comments?post=6495"}],"wp:featuredmedia":[{"embeddable":true,"href":"https:\/\/funkoprotectors.com\/pt\/wp-json\/wp\/v2\/media\/7016"}],"wp:attachment":[{"href":"https:\/\/funkoprotectors.com\/pt\/wp-json\/wp\/v2\/media?parent=6495"}],"wp:term":[{"taxonomy":"product_brand","embeddable":true,"href":"https:\/\/funkoprotectors.com\/pt\/wp-json\/wp\/v2\/product_brand?post=6495"},{"taxonomy":"product_cat","embeddable":true,"href":"https:\/\/funkoprotectors.com\/pt\/wp-json\/wp\/v2\/product_cat?post=6495"},{"taxonomy":"product_tag","embeddable":true,"href":"https:\/\/funkoprotectors.com\/pt\/wp-json\/wp\/v2\/product_tag?post=6495"}],"curies":[{"name":"wp","href":"https:\/\/api.w.org\/{rel}","templated":true}]}}